{"id":9035,"date":"2023-09-25T20:47:14","date_gmt":"2023-09-25T20:47:14","guid":{"rendered":"https:\/\/www.maximagespecs.com\/chuyen-giao\/"},"modified":"2024-01-24T23:46:06","modified_gmt":"2024-01-24T23:46:06","slug":"chuyen-giao","status":"publish","type":"page","link":"https:\/\/www.maximagespecs.com\/vi\/chuyen-giao\/","title":{"rendered":"Chuy\u1ec3n giao"},"content":{"rendered":"","protected":false},"excerpt":{"rendered":"","protected":false},"author":1,"featured_media":0,"parent":0,"menu_order":0,"comment_status":"closed","ping_status":"closed","template":"","meta":{"_acf_changed":false,"footnotes":""},"class_list":["post-9035","page","type-page","status-publish","hentry"],"acf":{"page_builder":[{"acf_fc_layout":"split_content","title":"H\u01b0\u1edbng d\u1eabn Xu\u1ea5t \u1ea2nh:","content":"\u0110\u1ec3 t\u1ed1i \u01b0u h\u00f3a k\u00edch th\u01b0\u1edbc t\u1ec7p h\u00ecnh \u1ea3nh v\u00e0 cho ph\u00e9p x\u1eed l\u00fd th\u00edch h\u1ee3p trong \u1ee9ng d\u1ee5ng, h\u00e3y xu\u1ea5t h\u00ecnh \u1ea3nh nh\u01b0 sau:\r\n<ol>\r\n \t<li>\u0110\u1ea3m b\u1ea3o \u0111\u1ecbnh d\u1ea1ng \u0111\u00fang cho ki\u1ec3u n\u1ed9i dung<\/li>\r\n \t<li>Kh\u00f4ng bao g\u1ed3m si\u00eau d\u1eef li\u1ec7u<\/li>\r\n \t<li>\u0110\u1ed5i sang sRGB<\/li>\r\n \t<li>Kh\u00f4ng nh\u00fang h\u1ed3 s\u01a1 m\u00e0u<\/li>\r\n<\/ol>\r\nXin l\u01b0u \u00fd r\u1eb1ng t\u1ea5t c\u1ea3 n\u1ed9i dung ph\u1ea3i t\u1eeb 10MB tr\u1edf xu\u1ed1ng!","right_content_type":"image","image":2933,"html":""},{"acf_fc_layout":"split_content","title":"\u0110\u1eb7t t\u00ean T\u1ec7p:","content":"<ul>\r\n \t<li>T\u00ean t\u1ec7p kh\u00f4ng \u0111\u01b0\u1ee3c v\u01b0\u1ee3t qu\u00e1 150 k\u00fd t\u1ef1 (kh\u00f4ng bao g\u1ed3m ph\u1ea7n m\u1edf r\u1ed9ng nh\u01b0 \".jpg\" ho\u1eb7c \".png\")<\/li>\r\n<\/ul>\r\n<ul>\r\n \t<li>Kh\u00f4ng c\u00f3 k\u00fd t\u1ef1 \u0111\u1eb7c bi\u1ec7t (v\u00ed d\u1ee5 nh\u01b0 ! @ # $ % {} &lt;&gt; | ?)<\/li>\r\n<\/ul>\r\n<ul>\r\n \t<li>Kh\u00f4ng c\u00f3 kho\u1ea3ng tr\u1ed1ng \u2013 d\u00f9ng d\u1ea5u g\u1ea1ch d\u01b0\u1edbi ho\u1eb7c g\u1ea1ng ngang ch\u1ed7 \u0111\u01b0\u1ee3c g\u1ee3i \u00fd<\/li>\r\n<\/ul>","right_content_type":"html","image":null,"html":"<table class=\"table\">\r\n<tbody>\r\n<tr>\r\n<td align=\"left\">\r\n<h6><span style=\"color: #99cc00;\">ID<\/span><\/h6>\r\n<\/td>\r\n<td align=\"left\">Nh\u00f3m Qu\u1ea3n l\u00fd thi\u1ebft k\u1ebf cung c\u1ea5p SCRID. Vui l\u00f2ng th\u00eam m\u00e3 th\u00f4ng b\u00e1o \u201cSCRID-\u201d v\u00e0o t\u00ean t\u1ec7p.<\/td>\r\n<\/tr>\r\n<tr>\r\n<td align=\"left\">\r\n<h6><span style=\"color: #bac7ff;\">Ngu\u00f4\u0300n<\/span><\/h6>\r\n<\/td>\r\n<td align=\"left\">T\u00ean m\u1ea1ng l\u01b0\u1edbi ho\u1eb7c h\u00e3ng phim \u0111\u01b0\u1ee3c vi\u1ebft t\u1eaft<\/td>\r\n<\/tr>\r\n<tr>\r\n<td align=\"left\">\r\n<h6><span style=\"color: #ffcc00;\">M\u00f4 t\u1ea3 N\u1ed9i dung_K\u00edch th\u01b0\u1edbc<\/span><\/h6>\r\n<\/td>\r\n<td align=\"left\">Tr\u01b0\u1eddng chi ti\u1ebft m\u1eabu t\u1ef1 do bao g\u1ed3m k\u00edch c\u1ee1 c\u1ee7a n\u1ed9i dung. \u0110\u1ed1i v\u1edbi m\u1ed9t t\u1eadp phim, h\u00e3y bao g\u1ed3m th\u00f4ng tin v\u1ec1 m\u00f9a v\u00e0 t\u1eadp phim.<\/td>\r\n<\/tr>\r\n<tr>\r\n<td align=\"left\">\r\n<h6><span style=\"color: #ff6600;\">N\u0103m<\/span><\/h6>\r\n<\/td>\r\n<td align=\"left\">N\u0103m c\u1ee7a ph\u1ea7n n\u1ed9i dung n\u00e0y \u0111\u01b0\u1ee3c ph\u00e1t h\u00e0nh l\u1ea7n \u0111\u1ea7u ti\u00ean.<\/td>\r\n<\/tr>\r\n<tr>\r\n<td align=\"left\">\r\n<h6><span style=\"color: #c4069a;\">C\u00f4ng c\u1ee5 \u0110\u1ecbnh danh Ng\u00f4n ng\u1eef<\/span><\/h6>\r\n<\/td>\r\n<td align=\"left\">Vui l\u00f2ng s\u1eed d\u1ee5ng \u201cLAN-en-US\u201d \u0111\u1ed1i v\u1edbi Ti\u1ebfng Anh ho\u1eb7c \u0111\u1ec3 l\u1ea1i ch\u1ed7 tr\u1ed1ng n\u1ebfu qu\u00fd v\u1ecb kh\u00f4ng ch\u1eafc ch\u1eafn. V\u00e0 \u0111\u1ed1i v\u1edbi h\u00ecnh \u1ea3nh kh\u00f4ng c\u00f3 ch\u1eef, vui l\u00f2ng s\u1eed d\u1ee5ng ng\u00f4n ng\u1eef \"LAN-zxx\u201d<\/td>\r\n<\/tr>\r\n<tr>\r\n<td align=\"left\">\r\n<h6><span style=\"color: #cc99ff;\">M\u1ee5c \u0111\u00edch<\/span><\/h6>\r\n<\/td>\r\n<td align=\"left\">Lo\u1ea1i c\u00f4ng c\u1ee5 \u0111\u1ecbnh danh n\u1ed9i dung (xem <a href=\"https:\/\/www.maximagespecs.com\/image-specs\/\">danh s\u00e1ch th\u00f4ng s\u1ed1<\/a> \u0111\u1ec3 x\u00e1c \u0111\u1ecbnh v\u1ecb tr\u00ed). Vui l\u00f2ng th\u00eam m\u00e3 th\u00f4ng b\u00e1o \u201cPUR-\u201d v\u00e0o t\u00ean t\u1ec7p.<\/td>\r\n<\/tr>\r\n<\/tbody>\r\n<\/table>\r\n<strong>V\u00ed d\u1ee5 v\u1ec1 Ph\u01b0\u01a1ng th\u1ee9c Ch\u00eca kh\u00f3a c\u1ee7a Phim:<\/strong>\r\n<span style=\"color: #99cc00;\">SCRID-17024669,14128757<\/span>_<span style=\"color: #bac7ff;\">WB<\/span>_<span style=\"color: #ffcc00;\">Dunkirk_3840x2160<\/span>_<span style=\"color: #ff6600;\">2017<\/span>_<span style=\"color: #c4069a;\">LAN-en-US<\/span>_<span style=\"color: #cc99ff;\">PUR-tileburnedin<\/span>.jpg\r\n\r\n<strong>Series Key Art Example:<\/strong>\r\n<span style=\"color: #99cc00;\">SCRID-15901387,15901563<\/span>_<span style=\"color: #bac7ff;\">HBO<\/span>_<span style=\"color: #ffcc00;\">TheIdolS1_4320X1300<\/span>_<span style=\"color: #ff6600;\">2023<\/span>_<span style=\"color: #c4069a;\">LAN-en-US<\/span>_<span style=\"color: #cc99ff;\">PUR-logo<\/span>.jpg\r\n\r\n<strong>Episode Example:<\/strong>\r\n<span style=\"color: #99cc00;\">SCRID-16992465<\/span>_<span style=\"color: #bac7ff;\">HBO<\/span>_<span style=\"color: #ffcc00;\">TheIdolS1E1_1680X3636<\/span>_<span style=\"color: #ff6600;\">2023<\/span>_<span style=\"color: #c4069a;\">LAN-en-US<\/span>_<span style=\"color: #cc99ff;\">PUR-tile<\/span>.jpg"},{"acf_fc_layout":"split_content","title":"Box Drive:","content":"<ul>\r\n \t<li>Ch\u00fang t\u00f4i s\u1ebd chia s\u1ebb v\u1edbi qu\u00fd v\u1ecb m\u1ed9t th\u01b0 m\u1ee5c tr\u00ean Box drive c\u1ee7a ch\u00fang t\u00f4i<\/li>\r\n<\/ul>\r\n<ul>\r\n \t<li>H\u00e3y th\u1ea3 t\u1ea5t c\u1ea3 c\u00e1c n\u1ed9i dung b\u1eaft bu\u1ed9c \u1edf \u0111\u00e2y \u0111\u1ec3 nh\u00f3m Qu\u1ea3n l\u00fd Thi\u1ebft k\u1ebf c\u1ee7a ch\u00fang t\u00f4i c\u00f3 th\u1ec3 l\u00e0m QC, theo d\u00f5i, v\u00e0 x\u1eed l\u00fd l\u1ed7i n\u1ebfu c\u1ea7n<\/li>\r\n<\/ul>","right_content_type":"image","image":2965,"html":""}]},"yoast_head":"<!-- This site is optimized with the Yoast SEO plugin v27.4 - https:\/\/yoast.com\/product\/yoast-seo-wordpress\/ -->\n<title>Chuy\u1ec3n giao - Max Image Specs<\/title>\n<meta name=\"robots\" content=\"index, follow, max-snippet:-1, max-image-preview:large, max-video-preview:-1\" \/>\n<link rel=\"canonical\" href=\"https:\/\/www.maximagespecs.com\/vi\/chuyen-giao\/\" \/>\n<meta property=\"og:locale\" content=\"vi_VN\" \/>\n<meta property=\"og:type\" content=\"article\" \/>\n<meta property=\"og:title\" content=\"Chuy\u1ec3n giao - Max Image Specs\" \/>\n<meta property=\"og:url\" content=\"https:\/\/www.maximagespecs.com\/vi\/chuyen-giao\/\" \/>\n<meta property=\"og:site_name\" content=\"Max Image Specs\" \/>\n<meta property=\"article:modified_time\" content=\"2024-01-24T23:46:06+00:00\" \/>\n<meta name=\"twitter:card\" content=\"summary_large_image\" \/>\n<script type=\"application\/ld+json\" class=\"yoast-schema-graph\">{\"@context\":\"https:\\\/\\\/schema.org\",\"@graph\":[{\"@type\":\"WebPage\",\"@id\":\"https:\\\/\\\/www.maximagespecs.com\\\/vi\\\/chuyen-giao\\\/\",\"url\":\"https:\\\/\\\/www.maximagespecs.com\\\/vi\\\/chuyen-giao\\\/\",\"name\":\"Chuy\u1ec3n giao - Max Image Specs\",\"isPartOf\":{\"@id\":\"https:\\\/\\\/s45176.p1648.sites.pressdns.com\\\/#website\"},\"datePublished\":\"2023-09-25T20:47:14+00:00\",\"dateModified\":\"2024-01-24T23:46:06+00:00\",\"inLanguage\":\"vi-VN\",\"potentialAction\":[{\"@type\":\"ReadAction\",\"target\":[\"https:\\\/\\\/www.maximagespecs.com\\\/vi\\\/chuyen-giao\\\/\"]}]},{\"@type\":\"WebSite\",\"@id\":\"https:\\\/\\\/s45176.p1648.sites.pressdns.com\\\/#website\",\"url\":\"https:\\\/\\\/s45176.p1648.sites.pressdns.com\\\/\",\"name\":\"Max Image Specs\",\"description\":\"\",\"potentialAction\":[{\"@type\":\"SearchAction\",\"target\":{\"@type\":\"EntryPoint\",\"urlTemplate\":\"https:\\\/\\\/s45176.p1648.sites.pressdns.com\\\/?s={search_term_string}\"},\"query-input\":{\"@type\":\"PropertyValueSpecification\",\"valueRequired\":true,\"valueName\":\"search_term_string\"}}],\"inLanguage\":\"vi-VN\"}]}<\/script>\n<!-- \/ Yoast SEO plugin. -->","yoast_head_json":{"title":"Chuy\u1ec3n giao - Max Image Specs","robots":{"index":"index","follow":"follow","max-snippet":"max-snippet:-1","max-image-preview":"max-image-preview:large","max-video-preview":"max-video-preview:-1"},"canonical":"https:\/\/www.maximagespecs.com\/vi\/chuyen-giao\/","og_locale":"vi_VN","og_type":"article","og_title":"Chuy\u1ec3n giao - Max Image Specs","og_url":"https:\/\/www.maximagespecs.com\/vi\/chuyen-giao\/","og_site_name":"Max Image Specs","article_modified_time":"2024-01-24T23:46:06+00:00","twitter_card":"summary_large_image","schema":{"@context":"https:\/\/schema.org","@graph":[{"@type":"WebPage","@id":"https:\/\/www.maximagespecs.com\/vi\/chuyen-giao\/","url":"https:\/\/www.maximagespecs.com\/vi\/chuyen-giao\/","name":"Chuy\u1ec3n giao - Max Image Specs","isPartOf":{"@id":"https:\/\/s45176.p1648.sites.pressdns.com\/#website"},"datePublished":"2023-09-25T20:47:14+00:00","dateModified":"2024-01-24T23:46:06+00:00","inLanguage":"vi-VN","potentialAction":[{"@type":"ReadAction","target":["https:\/\/www.maximagespecs.com\/vi\/chuyen-giao\/"]}]},{"@type":"WebSite","@id":"https:\/\/s45176.p1648.sites.pressdns.com\/#website","url":"https:\/\/s45176.p1648.sites.pressdns.com\/","name":"Max Image Specs","description":"","potentialAction":[{"@type":"SearchAction","target":{"@type":"EntryPoint","urlTemplate":"https:\/\/s45176.p1648.sites.pressdns.com\/?s={search_term_string}"},"query-input":{"@type":"PropertyValueSpecification","valueRequired":true,"valueName":"search_term_string"}}],"inLanguage":"vi-VN"}]}},"_links":{"self":[{"href":"https:\/\/www.maximagespecs.com\/vi\/wp-json\/wp\/v2\/pages\/9035","targetHints":{"allow":["GET"]}}],"collection":[{"href":"https:\/\/www.maximagespecs.com\/vi\/wp-json\/wp\/v2\/pages"}],"about":[{"href":"https:\/\/www.maximagespecs.com\/vi\/wp-json\/wp\/v2\/types\/page"}],"author":[{"embeddable":true,"href":"https:\/\/www.maximagespecs.com\/vi\/wp-json\/wp\/v2\/users\/1"}],"replies":[{"embeddable":true,"href":"https:\/\/www.maximagespecs.com\/vi\/wp-json\/wp\/v2\/comments?post=9035"}],"version-history":[{"count":0,"href":"https:\/\/www.maximagespecs.com\/vi\/wp-json\/wp\/v2\/pages\/9035\/revisions"}],"wp:attachment":[{"href":"https:\/\/www.maximagespecs.com\/vi\/wp-json\/wp\/v2\/media?parent=9035"}],"curies":[{"name":"wp","href":"https:\/\/api.w.org\/{rel}","templated":true}]}}