{"id":9033,"date":"2023-09-25T20:32:02","date_gmt":"2023-09-25T20:32:02","guid":{"rendered":"https:\/\/www.maximagespecs.com\/thong-so-hinh-anh\/"},"modified":"2023-09-25T20:32:02","modified_gmt":"2023-09-25T20:32:02","slug":"thong-so-hinh-anh","status":"publish","type":"page","link":"https:\/\/www.maximagespecs.com\/vi\/thong-so-hinh-anh\/","title":{"rendered":"Th\u00f4ng s\u1ed1 H\u00ecnh \u1ea3nh"},"content":{"rendered":"","protected":false},"excerpt":{"rendered":"","protected":false},"author":1,"featured_media":0,"parent":0,"menu_order":0,"comment_status":"closed","ping_status":"closed","template":"","meta":{"_acf_changed":false,"footnotes":""},"class_list":["post-9033","page","type-page","status-publish","hentry"],"acf":{"page_builder":[{"acf_fc_layout":"image_specs","section_background_color":"background","title":"","description":"","display_type":"image-spec"},{"acf_fc_layout":"image_specs","section_background_color":"background","title":"H\u00ecnh \u1ea3nh theo T\u1eadp","description":"","display_type":"episodic-image"},{"acf_fc_layout":"image_specs","section_background_color":"background","title":"H\u00ecnh \u1ea3nh T\u00f9y ch\u1ecdn","description":"M\u1eb7c d\u00f9 c\u00e1c n\u1ed9i dung n\u00e0y l\u00e0 t\u00f9y ch\u1ecdn, ch\u00fang \u0111\u01b0\u1ee3c s\u1eed d\u1ee5ng b\u1edfi c\u00e1c tr\u00ecnh t\u1ed5ng h\u1ee3p n\u1ed9i dung nh\u01b0 \"Universal Search\" c\u1ee7a Apple TV v\u00e0 do \u0111\u00f3 \u0111\u01b0\u1ee3c khuy\u1ebfn ngh\u1ecb \u0111\u1ec3 ti\u1ebfp c\u1eadn \u0111\u01b0\u1ee3c nhi\u1ec1u kh\u00e1n gi\u1ea3 h\u01a1n.","display_type":"optional-image"}]},"yoast_head":"<!-- This site is optimized with the Yoast SEO plugin v27.3 - https:\/\/yoast.com\/product\/yoast-seo-wordpress\/ -->\n<title>Th\u00f4ng s\u1ed1 H\u00ecnh \u1ea3nh - Max Image Specs<\/title>\n<meta name=\"robots\" content=\"index, follow, max-snippet:-1, max-image-preview:large, max-video-preview:-1\" \/>\n<link rel=\"canonical\" href=\"https:\/\/www.maximagespecs.com\/vi\/thong-so-hinh-anh\/\" \/>\n<meta property=\"og:locale\" content=\"vi_VN\" \/>\n<meta property=\"og:type\" content=\"article\" \/>\n<meta property=\"og:title\" content=\"Th\u00f4ng s\u1ed1 H\u00ecnh \u1ea3nh - Max Image Specs\" \/>\n<meta property=\"og:url\" content=\"https:\/\/www.maximagespecs.com\/vi\/thong-so-hinh-anh\/\" \/>\n<meta property=\"og:site_name\" content=\"Max Image Specs\" \/>\n<meta name=\"twitter:card\" content=\"summary_large_image\" \/>\n<script type=\"application\/ld+json\" class=\"yoast-schema-graph\">{\"@context\":\"https:\\\/\\\/schema.org\",\"@graph\":[{\"@type\":\"WebPage\",\"@id\":\"https:\\\/\\\/www.maximagespecs.com\\\/vi\\\/thong-so-hinh-anh\\\/\",\"url\":\"https:\\\/\\\/www.maximagespecs.com\\\/vi\\\/thong-so-hinh-anh\\\/\",\"name\":\"Th\u00f4ng s\u1ed1 H\u00ecnh \u1ea3nh - Max Image Specs\",\"isPartOf\":{\"@id\":\"https:\\\/\\\/s45176.p1648.sites.pressdns.com\\\/#website\"},\"datePublished\":\"2023-09-25T20:32:02+00:00\",\"inLanguage\":\"vi-VN\",\"potentialAction\":[{\"@type\":\"ReadAction\",\"target\":[\"https:\\\/\\\/www.maximagespecs.com\\\/vi\\\/thong-so-hinh-anh\\\/\"]}]},{\"@type\":\"WebSite\",\"@id\":\"https:\\\/\\\/s45176.p1648.sites.pressdns.com\\\/#website\",\"url\":\"https:\\\/\\\/s45176.p1648.sites.pressdns.com\\\/\",\"name\":\"Max Image Specs\",\"description\":\"\",\"potentialAction\":[{\"@type\":\"SearchAction\",\"target\":{\"@type\":\"EntryPoint\",\"urlTemplate\":\"https:\\\/\\\/s45176.p1648.sites.pressdns.com\\\/?s={search_term_string}\"},\"query-input\":{\"@type\":\"PropertyValueSpecification\",\"valueRequired\":true,\"valueName\":\"search_term_string\"}}],\"inLanguage\":\"vi-VN\"}]}<\/script>\n<!-- \/ Yoast SEO plugin. -->","yoast_head_json":{"title":"Th\u00f4ng s\u1ed1 H\u00ecnh \u1ea3nh - Max Image Specs","robots":{"index":"index","follow":"follow","max-snippet":"max-snippet:-1","max-image-preview":"max-image-preview:large","max-video-preview":"max-video-preview:-1"},"canonical":"https:\/\/www.maximagespecs.com\/vi\/thong-so-hinh-anh\/","og_locale":"vi_VN","og_type":"article","og_title":"Th\u00f4ng s\u1ed1 H\u00ecnh \u1ea3nh - Max Image Specs","og_url":"https:\/\/www.maximagespecs.com\/vi\/thong-so-hinh-anh\/","og_site_name":"Max Image Specs","twitter_card":"summary_large_image","schema":{"@context":"https:\/\/schema.org","@graph":[{"@type":"WebPage","@id":"https:\/\/www.maximagespecs.com\/vi\/thong-so-hinh-anh\/","url":"https:\/\/www.maximagespecs.com\/vi\/thong-so-hinh-anh\/","name":"Th\u00f4ng s\u1ed1 H\u00ecnh \u1ea3nh - Max Image Specs","isPartOf":{"@id":"https:\/\/s45176.p1648.sites.pressdns.com\/#website"},"datePublished":"2023-09-25T20:32:02+00:00","inLanguage":"vi-VN","potentialAction":[{"@type":"ReadAction","target":["https:\/\/www.maximagespecs.com\/vi\/thong-so-hinh-anh\/"]}]},{"@type":"WebSite","@id":"https:\/\/s45176.p1648.sites.pressdns.com\/#website","url":"https:\/\/s45176.p1648.sites.pressdns.com\/","name":"Max Image Specs","description":"","potentialAction":[{"@type":"SearchAction","target":{"@type":"EntryPoint","urlTemplate":"https:\/\/s45176.p1648.sites.pressdns.com\/?s={search_term_string}"},"query-input":{"@type":"PropertyValueSpecification","valueRequired":true,"valueName":"search_term_string"}}],"inLanguage":"vi-VN"}]}},"_links":{"self":[{"href":"https:\/\/www.maximagespecs.com\/vi\/wp-json\/wp\/v2\/pages\/9033","targetHints":{"allow":["GET"]}}],"collection":[{"href":"https:\/\/www.maximagespecs.com\/vi\/wp-json\/wp\/v2\/pages"}],"about":[{"href":"https:\/\/www.maximagespecs.com\/vi\/wp-json\/wp\/v2\/types\/page"}],"author":[{"embeddable":true,"href":"https:\/\/www.maximagespecs.com\/vi\/wp-json\/wp\/v2\/users\/1"}],"replies":[{"embeddable":true,"href":"https:\/\/www.maximagespecs.com\/vi\/wp-json\/wp\/v2\/comments?post=9033"}],"version-history":[{"count":0,"href":"https:\/\/www.maximagespecs.com\/vi\/wp-json\/wp\/v2\/pages\/9033\/revisions"}],"wp:attachment":[{"href":"https:\/\/www.maximagespecs.com\/vi\/wp-json\/wp\/v2\/media?parent=9033"}],"curies":[{"name":"wp","href":"https:\/\/api.w.org\/{rel}","templated":true}]}}