{"id":7718,"date":"2023-09-25T20:47:14","date_gmt":"2023-09-25T20:47:14","guid":{"rendered":"https:\/\/www.maximagespecs.com\/gonderim\/"},"modified":"2024-01-19T21:31:16","modified_gmt":"2024-01-19T21:31:16","slug":"gonderim","status":"publish","type":"page","link":"https:\/\/www.maximagespecs.com\/tr\/gonderim\/","title":{"rendered":"G\u00f6nderim"},"content":{"rendered":"","protected":false},"excerpt":{"rendered":"","protected":false},"author":1,"featured_media":0,"parent":0,"menu_order":0,"comment_status":"closed","ping_status":"closed","template":"","meta":{"_acf_changed":false,"footnotes":""},"class_list":["post-7718","page","type-page","status-publish","hentry"],"acf":{"page_builder":[{"acf_fc_layout":"split_content","title":"D\u0131\u015fa Aktar\u0131m Y\u00f6nergeleri:","content":"Resim dosyas\u0131 boyutlar\u0131n\u0131 iyile\u015ftirmek ve uygun \u015fekilde uygulama i\u00e7i g\u00f6rselle\u015ftirme yap\u0131labilmesi i\u00e7in resimleri a\u015fa\u011f\u0131daki \u015fekilde d\u0131\u015fa aktar\u0131n:\r\n<ol>\r\n \t<li>Materyal t\u00fcr\u00fcn\u00fcn do\u011fru formatta oldu\u011fundan emin olun<\/li>\r\n \t<li>Metaveri eklemeyin<\/li>\r\n \t<li>sRGB\u2019ye d\u00f6n\u00fc\u015ft\u00fcr\u00fcn<\/li>\r\n \t<li>Renk profili g\u00f6mmeyin<\/li>\r\n<\/ol>\r\nT\u00fcm materyallerin 10 MB veya daha k\u00fc\u00e7\u00fck olmas\u0131 gerekti\u011fini l\u00fctfen unutmay\u0131n.","right_content_type":"image","image":2932,"html":""},{"acf_fc_layout":"split_content","title":"Dosya Adland\u0131rma:","content":"<ul>\r\n \t<li>150 karakterden az dosya adlar\u0131 tercih edilir (\".jpg\u201d veya \u201c.png\u201d gibi uzant\u0131lar buna dahil de\u011fildir)<\/li>\r\n<\/ul>\r\n<ul>\r\n \t<li>\u00d6zel karakter kullan\u0131lamaz (\u00f6rne\u011fin ! @ # $ % {} &lt;&gt; | ?)<\/li>\r\n<\/ul>\r\n<ul>\r\n \t<li>Bo\u015fluk b\u0131rak\u0131lamaz; bo\u015fluk yerine l\u00fctfen alt \u00e7izgi veya tire kullan\u0131n<\/li>\r\n<\/ul>","right_content_type":"html","image":null,"html":"<table class=\"table\">\r\n<tbody>\r\n<tr>\r\n<td align=\"left\">\r\n<h6><span style=\"color: #99cc00;\">Kimlik<\/span><\/h6>\r\n<\/td>\r\n<td align=\"left\">SCRID, Tasar\u0131m Y\u00f6netimi ekibi taraf\u0131ndan sa\u011flan\u0131r. L\u00fctfen \u201cSCRID-\u201d belirtecini dosya ad\u0131na ekleyin.<\/td>\r\n<\/tr>\r\n<tr>\r\n<td align=\"left\">\r\n<h6><span style=\"color: #bac7ff;\">Kaynak<\/span><\/h6>\r\n<\/td>\r\n<td align=\"left\">K\u0131salt\u0131lm\u0131\u015f i\u00e7erik sa\u011flay\u0131c\u0131 veya st\u00fcdyo ad\u0131<\/td>\r\n<\/tr>\r\n<tr>\r\n<td align=\"left\">\r\n<h6><span style=\"color: #ffcc00;\">ContentDescription_Dimensions<\/span><\/h6>\r\n<\/td>\r\n<td align=\"left\">Materyal boyutlar\u0131n\u0131 i\u00e7eren serbest bi\u00e7imli ayr\u0131nt\u0131 alan\u0131. Bir b\u00f6l\u00fcm materyali i\u00e7in l\u00fctfen sezon ve b\u00f6l\u00fcm bilgilerini girin.<\/td>\r\n<\/tr>\r\n<tr>\r\n<td align=\"left\">\r\n<h6><span style=\"color: #ff6600;\">Y\u0131l<\/span><\/h6>\r\n<\/td>\r\n<td align=\"left\">Bu i\u00e7eri\u011fin ilk kez yay\u0131nland\u0131\u011f\u0131 y\u0131l.<\/td>\r\n<\/tr>\r\n<tr>\r\n<td align=\"left\">\r\n<h6><span style=\"color: #c4069a;\">Dil Tan\u0131mlay\u0131c\u0131<\/span><\/h6>\r\n<\/td>\r\n<td align=\"left\">L\u00fctfen \u0130ngilizce i\u00e7in \u201cLAN-en-US\u201d kullan\u0131n veya emin de\u011filseniz bir yer tutucu b\u0131rak\u0131n. Ve metinsiz resimler i\u00e7in dil olarak l\u00fctfen \"LAN-zxx\u201d kullan\u0131n<\/td>\r\n<\/tr>\r\n<tr>\r\n<td align=\"left\">\r\n<h6><span style=\"color: #cc99ff;\">Ama\u00e7<\/span><\/h6>\r\n<\/td>\r\n<td align=\"left\">Materyal t\u00fcr\u00fcn\u00fcn tan\u0131mlay\u0131c\u0131s\u0131 (bulmak i\u00e7in <a href=\"https:\/\/www.maximagespecs.com\/image-specs\/\">teknik \u00f6zellik listesine<\/a> bak\u0131n). L\u00fctfen \u201cPUR-\u201d belirtecini dosya ad\u0131na ekleyin.<\/td>\r\n<\/tr>\r\n<\/tbody>\r\n<\/table>\r\n<strong>Film Anahtar\u0131 Resim \u00d6rne\u011fi:<\/strong>\r\n<span style=\"color: #99cc00;\">SCRID-17024669,14128757<\/span>_<span style=\"color: #bac7ff;\">WB<\/span>_<span style=\"color: #ffcc00;\">Dunkirk_3840x2160<\/span>_<span style=\"color: #ff6600;\">2017<\/span>_<span style=\"color: #c4069a;\">LAN-en-US<\/span>_<span style=\"color: #cc99ff;\">PUR-tileburnedin<\/span>.jpg\r\n\r\n<strong>Dizi Anahtar\u0131 Resim \u00d6rne\u011fi:<\/strong>\r\n<span style=\"color: #99cc00;\">SCRID-15901387,15901563<\/span>_<span style=\"color: #bac7ff;\">HBO<\/span>_<span style=\"color: #ffcc00;\">TheIdolS1_4320X1300<\/span>_<span style=\"color: #ff6600;\">2023<\/span>_<span style=\"color: #c4069a;\">LAN-en-US<\/span>_<span style=\"color: #cc99ff;\">PUR-logo<\/span>.jpg\r\n\r\n<strong>B\u00f6l\u00fcm \u00d6rne\u011fi:<\/strong>\r\n<span style=\"color: #99cc00;\">SCRID-16992465<\/span>_<span style=\"color: #bac7ff;\">HBO<\/span>_<span style=\"color: #ffcc00;\">TheIdolS1E1_1680X3636<\/span>_<span style=\"color: #ff6600;\">2023<\/span>_<span style=\"color: #c4069a;\">LAN-en-US<\/span>_<span style=\"color: #cc99ff;\">PUR-tile<\/span>.jpg"},{"acf_fc_layout":"split_content","title":"Box Drive:","content":"<ul>\r\n \t<li>Box Drive\u2019\u0131m\u0131z i\u00e7inde sizinle bir klas\u00f6r payla\u015faca\u011f\u0131z<\/li>\r\n<\/ul>\r\n<ul>\r\n \t<li>L\u00fctfen, Tasar\u0131m Y\u00f6netimi ekibimizin gerekti\u011finde kalite kontrol, takip ve sorun giderme i\u015flemlerini yapabilmesi i\u00e7in gerekli t\u00fcm materyalleri buraya ta\u015f\u0131y\u0131n<\/li>\r\n<\/ul>","right_content_type":"image","image":2964,"html":""}]},"yoast_head":"<!-- This site is optimized with the Yoast SEO plugin v27.4 - https:\/\/yoast.com\/product\/yoast-seo-wordpress\/ -->\n<title>G\u00f6nderim - Max Image Specs<\/title>\n<meta name=\"robots\" content=\"index, follow, max-snippet:-1, max-image-preview:large, max-video-preview:-1\" \/>\n<link rel=\"canonical\" href=\"https:\/\/www.maximagespecs.com\/tr\/gonderim\/\" \/>\n<meta property=\"og:locale\" content=\"tr_TR\" \/>\n<meta property=\"og:type\" content=\"article\" \/>\n<meta property=\"og:title\" content=\"G\u00f6nderim - Max Image Specs\" \/>\n<meta property=\"og:url\" content=\"https:\/\/www.maximagespecs.com\/tr\/gonderim\/\" \/>\n<meta property=\"og:site_name\" content=\"Max Image Specs\" \/>\n<meta property=\"article:modified_time\" content=\"2024-01-19T21:31:16+00:00\" \/>\n<meta name=\"twitter:card\" content=\"summary_large_image\" \/>\n<script type=\"application\/ld+json\" class=\"yoast-schema-graph\">{\"@context\":\"https:\\\/\\\/schema.org\",\"@graph\":[{\"@type\":\"WebPage\",\"@id\":\"https:\\\/\\\/www.maximagespecs.com\\\/tr\\\/gonderim\\\/\",\"url\":\"https:\\\/\\\/www.maximagespecs.com\\\/tr\\\/gonderim\\\/\",\"name\":\"G\u00f6nderim - Max Image Specs\",\"isPartOf\":{\"@id\":\"https:\\\/\\\/s45176.p1648.sites.pressdns.com\\\/#website\"},\"datePublished\":\"2023-09-25T20:47:14+00:00\",\"dateModified\":\"2024-01-19T21:31:16+00:00\",\"inLanguage\":\"tr\",\"potentialAction\":[{\"@type\":\"ReadAction\",\"target\":[\"https:\\\/\\\/www.maximagespecs.com\\\/tr\\\/gonderim\\\/\"]}]},{\"@type\":\"WebSite\",\"@id\":\"https:\\\/\\\/s45176.p1648.sites.pressdns.com\\\/#website\",\"url\":\"https:\\\/\\\/s45176.p1648.sites.pressdns.com\\\/\",\"name\":\"Max Image Specs\",\"description\":\"\",\"potentialAction\":[{\"@type\":\"SearchAction\",\"target\":{\"@type\":\"EntryPoint\",\"urlTemplate\":\"https:\\\/\\\/s45176.p1648.sites.pressdns.com\\\/?s={search_term_string}\"},\"query-input\":{\"@type\":\"PropertyValueSpecification\",\"valueRequired\":true,\"valueName\":\"search_term_string\"}}],\"inLanguage\":\"tr\"}]}<\/script>\n<!-- \/ Yoast SEO plugin. -->","yoast_head_json":{"title":"G\u00f6nderim - Max Image Specs","robots":{"index":"index","follow":"follow","max-snippet":"max-snippet:-1","max-image-preview":"max-image-preview:large","max-video-preview":"max-video-preview:-1"},"canonical":"https:\/\/www.maximagespecs.com\/tr\/gonderim\/","og_locale":"tr_TR","og_type":"article","og_title":"G\u00f6nderim - Max Image Specs","og_url":"https:\/\/www.maximagespecs.com\/tr\/gonderim\/","og_site_name":"Max Image Specs","article_modified_time":"2024-01-19T21:31:16+00:00","twitter_card":"summary_large_image","schema":{"@context":"https:\/\/schema.org","@graph":[{"@type":"WebPage","@id":"https:\/\/www.maximagespecs.com\/tr\/gonderim\/","url":"https:\/\/www.maximagespecs.com\/tr\/gonderim\/","name":"G\u00f6nderim - Max Image Specs","isPartOf":{"@id":"https:\/\/s45176.p1648.sites.pressdns.com\/#website"},"datePublished":"2023-09-25T20:47:14+00:00","dateModified":"2024-01-19T21:31:16+00:00","inLanguage":"tr","potentialAction":[{"@type":"ReadAction","target":["https:\/\/www.maximagespecs.com\/tr\/gonderim\/"]}]},{"@type":"WebSite","@id":"https:\/\/s45176.p1648.sites.pressdns.com\/#website","url":"https:\/\/s45176.p1648.sites.pressdns.com\/","name":"Max Image Specs","description":"","potentialAction":[{"@type":"SearchAction","target":{"@type":"EntryPoint","urlTemplate":"https:\/\/s45176.p1648.sites.pressdns.com\/?s={search_term_string}"},"query-input":{"@type":"PropertyValueSpecification","valueRequired":true,"valueName":"search_term_string"}}],"inLanguage":"tr"}]}},"_links":{"self":[{"href":"https:\/\/www.maximagespecs.com\/tr\/wp-json\/wp\/v2\/pages\/7718","targetHints":{"allow":["GET"]}}],"collection":[{"href":"https:\/\/www.maximagespecs.com\/tr\/wp-json\/wp\/v2\/pages"}],"about":[{"href":"https:\/\/www.maximagespecs.com\/tr\/wp-json\/wp\/v2\/types\/page"}],"author":[{"embeddable":true,"href":"https:\/\/www.maximagespecs.com\/tr\/wp-json\/wp\/v2\/users\/1"}],"replies":[{"embeddable":true,"href":"https:\/\/www.maximagespecs.com\/tr\/wp-json\/wp\/v2\/comments?post=7718"}],"version-history":[{"count":0,"href":"https:\/\/www.maximagespecs.com\/tr\/wp-json\/wp\/v2\/pages\/7718\/revisions"}],"wp:attachment":[{"href":"https:\/\/www.maximagespecs.com\/tr\/wp-json\/wp\/v2\/media?parent=7718"}],"curies":[{"name":"wp","href":"https:\/\/api.w.org\/{rel}","templated":true}]}}