{"id":7908,"date":"2023-09-25T20:47:21","date_gmt":"2023-09-25T20:47:21","guid":{"rendered":"https:\/\/www.maximagespecs.com\/resurser\/"},"modified":"2024-07-03T21:23:19","modified_gmt":"2024-07-03T21:23:19","slug":"resurser","status":"publish","type":"page","link":"https:\/\/www.maximagespecs.com\/sv\/resurser\/","title":{"rendered":"Resurser"},"content":{"rendered":"","protected":false},"excerpt":{"rendered":"","protected":false},"author":1,"featured_media":0,"parent":0,"menu_order":0,"comment_status":"closed","ping_status":"closed","template":"","meta":{"_acf_changed":false,"footnotes":""},"class_list":["post-7908","page","type-page","status-publish","hentry"],"acf":{"page_builder":[{"acf_fc_layout":"content","title":"","description":"<img class=\"wp-image-13641 aligncenter\" src=\"https:\/\/www.maximagespecs.com\/wp-content\/uploads\/2024\/06\/Screenshot-2024-06-05-at-12.43.18\u202fPM-300x218.png\" alt=\"\" width=\"324\" height=\"236\" \/>\r\n<p style=\"text-align: center;\">L\u00e4nkar f\u00f6r nedladdning av Photoshop-mallar f\u00f6r Max-resurser:<\/p>\r\n\r\n<h5 style=\"text-align: center;\"><a href=\"https:\/\/warnermediadirect.box.com\/s\/6a5phjrhm88gg3t0siaroyrslodufh3o\" target=\"_blank\" rel=\"noopener\">Bildmall f\u00f6r Max-plattformen<\/a><\/h5>\r\n<h5 style=\"text-align: center;\"><a href=\"https:\/\/warnermediadirect.box.com\/s\/e5rg4cly5jm1e5kcgljbmfflg6wwzz7e\" target=\"_blank\" rel=\"noopener\">Bildmall f\u00f6r Max-plattformen \u2013 HBO Originals<\/a><\/h5>\r\n<h5 style=\"text-align: center;\"><a href=\"https:\/\/warnermediadirect.box.com\/s\/rg2e6laeyfb9d270woafutochdzgqmxq\" target=\"_blank\" rel=\"noopener\">Bildmall f\u00f6r Max-plattformen \u2013 Max Originals<\/a><\/h5>\r\n<p style=\"text-align: left;\"><\/p>"}]},"yoast_head":"<!-- This site is optimized with the Yoast SEO plugin v27.3 - https:\/\/yoast.com\/product\/yoast-seo-wordpress\/ -->\n<title>Resurser - Max Image Specs<\/title>\n<meta name=\"robots\" content=\"index, follow, max-snippet:-1, max-image-preview:large, max-video-preview:-1\" \/>\n<link rel=\"canonical\" href=\"https:\/\/www.maximagespecs.com\/sv\/resurser\/\" \/>\n<meta property=\"og:locale\" content=\"sv_SE\" \/>\n<meta property=\"og:type\" content=\"article\" \/>\n<meta property=\"og:title\" content=\"Resurser - Max Image Specs\" \/>\n<meta property=\"og:url\" content=\"https:\/\/www.maximagespecs.com\/sv\/resurser\/\" \/>\n<meta property=\"og:site_name\" content=\"Max Image Specs\" \/>\n<meta property=\"article:modified_time\" content=\"2024-07-03T21:23:19+00:00\" \/>\n<meta name=\"twitter:card\" content=\"summary_large_image\" \/>\n<script type=\"application\/ld+json\" class=\"yoast-schema-graph\">{\"@context\":\"https:\\\/\\\/schema.org\",\"@graph\":[{\"@type\":\"WebPage\",\"@id\":\"https:\\\/\\\/www.maximagespecs.com\\\/sv\\\/resurser\\\/\",\"url\":\"https:\\\/\\\/www.maximagespecs.com\\\/sv\\\/resurser\\\/\",\"name\":\"Resurser - Max Image Specs\",\"isPartOf\":{\"@id\":\"https:\\\/\\\/s45176.p1648.sites.pressdns.com\\\/#website\"},\"datePublished\":\"2023-09-25T20:47:21+00:00\",\"dateModified\":\"2024-07-03T21:23:19+00:00\",\"inLanguage\":\"sv-SE\",\"potentialAction\":[{\"@type\":\"ReadAction\",\"target\":[\"https:\\\/\\\/www.maximagespecs.com\\\/sv\\\/resurser\\\/\"]}]},{\"@type\":\"WebSite\",\"@id\":\"https:\\\/\\\/s45176.p1648.sites.pressdns.com\\\/#website\",\"url\":\"https:\\\/\\\/s45176.p1648.sites.pressdns.com\\\/\",\"name\":\"Max Image Specs\",\"description\":\"\",\"potentialAction\":[{\"@type\":\"SearchAction\",\"target\":{\"@type\":\"EntryPoint\",\"urlTemplate\":\"https:\\\/\\\/s45176.p1648.sites.pressdns.com\\\/?s={search_term_string}\"},\"query-input\":{\"@type\":\"PropertyValueSpecification\",\"valueRequired\":true,\"valueName\":\"search_term_string\"}}],\"inLanguage\":\"sv-SE\"}]}<\/script>\n<!-- \/ Yoast SEO plugin. -->","yoast_head_json":{"title":"Resurser - Max Image Specs","robots":{"index":"index","follow":"follow","max-snippet":"max-snippet:-1","max-image-preview":"max-image-preview:large","max-video-preview":"max-video-preview:-1"},"canonical":"https:\/\/www.maximagespecs.com\/sv\/resurser\/","og_locale":"sv_SE","og_type":"article","og_title":"Resurser - Max Image Specs","og_url":"https:\/\/www.maximagespecs.com\/sv\/resurser\/","og_site_name":"Max Image Specs","article_modified_time":"2024-07-03T21:23:19+00:00","twitter_card":"summary_large_image","schema":{"@context":"https:\/\/schema.org","@graph":[{"@type":"WebPage","@id":"https:\/\/www.maximagespecs.com\/sv\/resurser\/","url":"https:\/\/www.maximagespecs.com\/sv\/resurser\/","name":"Resurser - Max Image Specs","isPartOf":{"@id":"https:\/\/s45176.p1648.sites.pressdns.com\/#website"},"datePublished":"2023-09-25T20:47:21+00:00","dateModified":"2024-07-03T21:23:19+00:00","inLanguage":"sv-SE","potentialAction":[{"@type":"ReadAction","target":["https:\/\/www.maximagespecs.com\/sv\/resurser\/"]}]},{"@type":"WebSite","@id":"https:\/\/s45176.p1648.sites.pressdns.com\/#website","url":"https:\/\/s45176.p1648.sites.pressdns.com\/","name":"Max Image Specs","description":"","potentialAction":[{"@type":"SearchAction","target":{"@type":"EntryPoint","urlTemplate":"https:\/\/s45176.p1648.sites.pressdns.com\/?s={search_term_string}"},"query-input":{"@type":"PropertyValueSpecification","valueRequired":true,"valueName":"search_term_string"}}],"inLanguage":"sv-SE"}]}},"_links":{"self":[{"href":"https:\/\/www.maximagespecs.com\/sv\/wp-json\/wp\/v2\/pages\/7908","targetHints":{"allow":["GET"]}}],"collection":[{"href":"https:\/\/www.maximagespecs.com\/sv\/wp-json\/wp\/v2\/pages"}],"about":[{"href":"https:\/\/www.maximagespecs.com\/sv\/wp-json\/wp\/v2\/types\/page"}],"author":[{"embeddable":true,"href":"https:\/\/www.maximagespecs.com\/sv\/wp-json\/wp\/v2\/users\/1"}],"replies":[{"embeddable":true,"href":"https:\/\/www.maximagespecs.com\/sv\/wp-json\/wp\/v2\/comments?post=7908"}],"version-history":[{"count":0,"href":"https:\/\/www.maximagespecs.com\/sv\/wp-json\/wp\/v2\/pages\/7908\/revisions"}],"wp:attachment":[{"href":"https:\/\/www.maximagespecs.com\/sv\/wp-json\/wp\/v2\/media?parent=7908"}],"curies":[{"name":"wp","href":"https:\/\/api.w.org\/{rel}","templated":true}]}}