{"id":7907,"date":"2023-09-25T20:47:14","date_gmt":"2023-09-25T20:47:14","guid":{"rendered":"https:\/\/www.maximagespecs.com\/leverans\/"},"modified":"2024-01-20T00:34:26","modified_gmt":"2024-01-20T00:34:26","slug":"leverans","status":"publish","type":"page","link":"https:\/\/www.maximagespecs.com\/sv\/leverans\/","title":{"rendered":"Leverans"},"content":{"rendered":"","protected":false},"excerpt":{"rendered":"","protected":false},"author":1,"featured_media":0,"parent":0,"menu_order":0,"comment_status":"closed","ping_status":"closed","template":"","meta":{"_acf_changed":false,"footnotes":""},"class_list":["post-7907","page","type-page","status-publish","hentry"],"acf":{"page_builder":[{"acf_fc_layout":"split_content","title":"Exportriktlinjer:","content":"F\u00f6r att optimera bildfilernas storlek och m\u00f6jligg\u00f6ra smidig \u00e5tergivning i appen, exportera bilderna s\u00e5 h\u00e4r:\r\n<ol>\r\n \t<li>S\u00e4kerst\u00e4ll r\u00e4tt format f\u00f6r resurstypen<\/li>\r\n \t<li>Inkludera inte metadata<\/li>\r\n \t<li>Konvertera till sRGB<\/li>\r\n \t<li>B\u00e4dda inte in f\u00e4rgprofilen<\/li>\r\n<\/ol>\r\nObservera att alla resurser m\u00e5ste vara 10\u00a0MB eller mindre!","right_content_type":"image","image":2930,"html":""},{"acf_fc_layout":"split_content","title":"Filnamn:","content":"<ul>\r\n \t<li>Filnamn b\u00f6r helst vara kortare \u00e4n 150 tecken (ut\u00f6ver till\u00e4gg som \u201d.jpg\u201d eller \u201d.png\u201d)<\/li>\r\n<\/ul>\r\n<ul>\r\n \t<li>Inga specialtecken (t.ex. ! @ # $ % {} &lt;&gt; | ?)<\/li>\r\n<\/ul>\r\n<ul>\r\n \t<li>Inga mellanslag \u2013 anv\u00e4nd understreck eller bindestreck d\u00e4r det f\u00f6resl\u00e5s<\/li>\r\n<\/ul>","right_content_type":"html","image":null,"html":"<table class=\"table\">\r\n<tbody>\r\n<tr>\r\n<td align=\"left\">\r\n<h6><span style=\"color: #99cc00;\">ID<\/span><\/h6>\r\n<\/td>\r\n<td align=\"left\">SCRID som tillhandah\u00e5lls av teamet f\u00f6r designhantering. Inkludera \u201dSCRID\u201d-tokenet i filnamnet.<\/td>\r\n<\/tr>\r\n<tr>\r\n<td align=\"left\">\r\n<h6><span style=\"color: #bac7ff;\">K\u00e4lla<\/span><\/h6>\r\n<\/td>\r\n<td align=\"left\">N\u00e4tverks- eller studionamnet f\u00f6rkortat<\/td>\r\n<\/tr>\r\n<tr>\r\n<td align=\"left\">\r\n<h6><span style=\"color: #ffcc00;\">ContentDescription_Dimensions<\/span><\/h6>\r\n<\/td>\r\n<td align=\"left\">Detaljf\u00e4lt i fritt format som inneh\u00e5ller resursens dimensioner. F\u00f6r en avsnittsresurs, inkludera information om s\u00e4song och avsnitt.<\/td>\r\n<\/tr>\r\n<tr>\r\n<td align=\"left\">\r\n<h6><span style=\"color: #ff6600;\">\u00c5r<\/span><\/h6>\r\n<\/td>\r\n<td align=\"left\">Det ursprungliga utgivnings\u00e5ret f\u00f6r det h\u00e4r inneh\u00e5llet.<\/td>\r\n<\/tr>\r\n<tr>\r\n<td align=\"left\">\r\n<h6><span style=\"color: #c4069a;\">Spr\u00e5kidentifierare<\/span><\/h6>\r\n<\/td>\r\n<td align=\"left\">Anv\u00e4nd \u201dLAN-en-US\u201d f\u00f6r engelska eller l\u00e4mna en platsh\u00e5llare om du \u00e4r os\u00e4ker. F\u00f6r bilder utan text, anv\u00e4nd spr\u00e5k \u201dLAN-zxx\u201d<\/td>\r\n<\/tr>\r\n<tr>\r\n<td align=\"left\">\r\n<h6><span style=\"color: #cc99ff;\">Syfte<\/span><\/h6>\r\n<\/td>\r\n<td align=\"left\">Resurstypens identifierare (se <a href=\"https:\/\/www.maximagespecs.com\/image-specs\/\">specifikationslista<\/a> f\u00f6r att hitta). Inkludera \u201dPUR\u201d-tokenet i filnamnet.<\/td>\r\n<\/tr>\r\n<\/tbody>\r\n<\/table>\r\n<strong>Exempel f\u00f6r huvudbild f\u00f6r film:<\/strong>\r\n<span style=\"color: #99cc00;\">SCRID-17024669,14128757<\/span>_<span style=\"color: #bac7ff;\">WB<\/span>_<span style=\"color: #ffcc00;\">Dunkirk_3840x2160<\/span>_<span style=\"color: #ff6600;\">2017<\/span>_<span style=\"color: #c4069a;\">LAN-en-US<\/span>_<span style=\"color: #cc99ff;\">PUR-tileburnedin<\/span>.jpg\r\n\r\n<strong>Exempel f\u00f6r huvudbild f\u00f6r serie:<\/strong>\r\n<span style=\"color: #99cc00;\">SCRID-15901387,15901563<\/span>_<span style=\"color: #bac7ff;\">HBO<\/span>_<span style=\"color: #ffcc00;\">TheIdolS1_4320X1300<\/span>_<span style=\"color: #ff6600;\">2023<\/span>_<span style=\"color: #c4069a;\">LAN-en-US<\/span>_<span style=\"color: #cc99ff;\">PUR-logo<\/span>.jpg\r\n\r\n<strong>Exempel f\u00f6r avsnitt:<\/strong>\r\n<span style=\"color: #99cc00;\">SCRID-16992465<\/span>_<span style=\"color: #bac7ff;\">HBO<\/span>_<span style=\"color: #ffcc00;\">TheIdolS1E1_1680X3636<\/span>_<span style=\"color: #ff6600;\">2023<\/span>_<span style=\"color: #c4069a;\">LAN-en-US<\/span>_<span style=\"color: #cc99ff;\">PUR-tile<\/span>.jpg"},{"acf_fc_layout":"split_content","title":"Box-enhet:","content":"<ul>\r\n \t<li>Vi delar en mapp med dig p\u00e5 v\u00e5r Box-enhet<\/li>\r\n<\/ul>\r\n<ul>\r\n \t<li>Vi ber dig l\u00e4gga alla resurser som beh\u00f6vs h\u00e4r s\u00e5 att v\u00e5rt designhanteringsteam kan kvalitetskontrollera, sp\u00e5ra och fels\u00f6ka om det skulle beh\u00f6vas<\/li>\r\n<\/ul>","right_content_type":"image","image":2962,"html":""}]},"yoast_head":"<!-- This site is optimized with the Yoast SEO plugin v27.3 - https:\/\/yoast.com\/product\/yoast-seo-wordpress\/ -->\n<title>Leverans - Max Image Specs<\/title>\n<meta name=\"robots\" content=\"index, follow, max-snippet:-1, max-image-preview:large, max-video-preview:-1\" \/>\n<link rel=\"canonical\" href=\"https:\/\/www.maximagespecs.com\/sv\/leverans\/\" \/>\n<meta property=\"og:locale\" content=\"sv_SE\" \/>\n<meta property=\"og:type\" content=\"article\" \/>\n<meta property=\"og:title\" content=\"Leverans - Max Image Specs\" \/>\n<meta property=\"og:url\" content=\"https:\/\/www.maximagespecs.com\/sv\/leverans\/\" \/>\n<meta property=\"og:site_name\" content=\"Max Image Specs\" \/>\n<meta property=\"article:modified_time\" content=\"2024-01-20T00:34:26+00:00\" \/>\n<meta name=\"twitter:card\" content=\"summary_large_image\" \/>\n<script type=\"application\/ld+json\" class=\"yoast-schema-graph\">{\"@context\":\"https:\\\/\\\/schema.org\",\"@graph\":[{\"@type\":\"WebPage\",\"@id\":\"https:\\\/\\\/www.maximagespecs.com\\\/sv\\\/leverans\\\/\",\"url\":\"https:\\\/\\\/www.maximagespecs.com\\\/sv\\\/leverans\\\/\",\"name\":\"Leverans - Max Image Specs\",\"isPartOf\":{\"@id\":\"https:\\\/\\\/s45176.p1648.sites.pressdns.com\\\/#website\"},\"datePublished\":\"2023-09-25T20:47:14+00:00\",\"dateModified\":\"2024-01-20T00:34:26+00:00\",\"inLanguage\":\"sv-SE\",\"potentialAction\":[{\"@type\":\"ReadAction\",\"target\":[\"https:\\\/\\\/www.maximagespecs.com\\\/sv\\\/leverans\\\/\"]}]},{\"@type\":\"WebSite\",\"@id\":\"https:\\\/\\\/s45176.p1648.sites.pressdns.com\\\/#website\",\"url\":\"https:\\\/\\\/s45176.p1648.sites.pressdns.com\\\/\",\"name\":\"Max Image Specs\",\"description\":\"\",\"potentialAction\":[{\"@type\":\"SearchAction\",\"target\":{\"@type\":\"EntryPoint\",\"urlTemplate\":\"https:\\\/\\\/s45176.p1648.sites.pressdns.com\\\/?s={search_term_string}\"},\"query-input\":{\"@type\":\"PropertyValueSpecification\",\"valueRequired\":true,\"valueName\":\"search_term_string\"}}],\"inLanguage\":\"sv-SE\"}]}<\/script>\n<!-- \/ Yoast SEO plugin. -->","yoast_head_json":{"title":"Leverans - Max Image Specs","robots":{"index":"index","follow":"follow","max-snippet":"max-snippet:-1","max-image-preview":"max-image-preview:large","max-video-preview":"max-video-preview:-1"},"canonical":"https:\/\/www.maximagespecs.com\/sv\/leverans\/","og_locale":"sv_SE","og_type":"article","og_title":"Leverans - Max Image Specs","og_url":"https:\/\/www.maximagespecs.com\/sv\/leverans\/","og_site_name":"Max Image Specs","article_modified_time":"2024-01-20T00:34:26+00:00","twitter_card":"summary_large_image","schema":{"@context":"https:\/\/schema.org","@graph":[{"@type":"WebPage","@id":"https:\/\/www.maximagespecs.com\/sv\/leverans\/","url":"https:\/\/www.maximagespecs.com\/sv\/leverans\/","name":"Leverans - Max Image Specs","isPartOf":{"@id":"https:\/\/s45176.p1648.sites.pressdns.com\/#website"},"datePublished":"2023-09-25T20:47:14+00:00","dateModified":"2024-01-20T00:34:26+00:00","inLanguage":"sv-SE","potentialAction":[{"@type":"ReadAction","target":["https:\/\/www.maximagespecs.com\/sv\/leverans\/"]}]},{"@type":"WebSite","@id":"https:\/\/s45176.p1648.sites.pressdns.com\/#website","url":"https:\/\/s45176.p1648.sites.pressdns.com\/","name":"Max Image Specs","description":"","potentialAction":[{"@type":"SearchAction","target":{"@type":"EntryPoint","urlTemplate":"https:\/\/s45176.p1648.sites.pressdns.com\/?s={search_term_string}"},"query-input":{"@type":"PropertyValueSpecification","valueRequired":true,"valueName":"search_term_string"}}],"inLanguage":"sv-SE"}]}},"_links":{"self":[{"href":"https:\/\/www.maximagespecs.com\/sv\/wp-json\/wp\/v2\/pages\/7907","targetHints":{"allow":["GET"]}}],"collection":[{"href":"https:\/\/www.maximagespecs.com\/sv\/wp-json\/wp\/v2\/pages"}],"about":[{"href":"https:\/\/www.maximagespecs.com\/sv\/wp-json\/wp\/v2\/types\/page"}],"author":[{"embeddable":true,"href":"https:\/\/www.maximagespecs.com\/sv\/wp-json\/wp\/v2\/users\/1"}],"replies":[{"embeddable":true,"href":"https:\/\/www.maximagespecs.com\/sv\/wp-json\/wp\/v2\/comments?post=7907"}],"version-history":[{"count":0,"href":"https:\/\/www.maximagespecs.com\/sv\/wp-json\/wp\/v2\/pages\/7907\/revisions"}],"wp:attachment":[{"href":"https:\/\/www.maximagespecs.com\/sv\/wp-json\/wp\/v2\/media?parent=7907"}],"curies":[{"name":"wp","href":"https:\/\/api.w.org\/{rel}","templated":true}]}}