{"id":8591,"date":"2023-09-25T20:47:14","date_gmt":"2023-09-25T20:47:14","guid":{"rendered":"https:\/\/www.maximagespecs.com\/dodanie\/"},"modified":"2023-09-25T20:47:14","modified_gmt":"2023-09-25T20:47:14","slug":"dodanie","status":"publish","type":"page","link":"https:\/\/www.maximagespecs.com\/sk\/dodanie\/","title":{"rendered":"Dodanie"},"content":{"rendered":"","protected":false},"excerpt":{"rendered":"","protected":false},"author":1,"featured_media":0,"parent":0,"menu_order":0,"comment_status":"closed","ping_status":"closed","template":"","meta":{"_acf_changed":false,"footnotes":""},"class_list":["post-8591","page","type-page","status-publish","hentry"],"acf":{"page_builder":[{"acf_fc_layout":"split_content","title":"Pokyny k exportovaniu:","content":"na optimalizovanie ve\u013ekosti s\u00faborov so sn\u00edmkami a kv\u00f4li \u00fa\u010delnej reprodukcii obrazu v aplik\u00e1cii exportujte sn\u00edmky takto:\n<ol>\n \t<li>dbajte na to, aby form\u00e1t zodpovedal typu polo\u017eky,<\/li>\n \t<li>neposielajte metad\u00e1ta,<\/li>\n \t<li>konvertujte do sRGB,<\/li>\n \t<li>nevkladajte farebn\u00fd profil.<\/li>\n<\/ol>\nUpozor\u0148ujeme, \u017ee v\u0161etky polo\u017eky musia ma\u0165 10 MB alebo menej!","right_content_type":"image","image":2927,"html":""},{"acf_fc_layout":"split_content","title":"N\u00e1zvy s\u00faborov:","content":"<ul>\n \t<li>Preferuje sa, aby mal n\u00e1zov s\u00faboru menej ako 150 znakov (vr\u00e1tane pr\u00edpon ako \u201e.jpg\u201c alebo \u201e.pgn)<\/li>\n<\/ul>\n<ul>\n \t<li>\u017diadne \u0161peci\u00e1lne znaky (napr. ! @ # $ % {} <> | ?)<\/li>\n<\/ul>\n<ul>\n \t<li>\u017diadne pr\u00e1zdne miesta \u2013 ak treba, pou\u017eite pod\u010diarkovn\u00edky alebo poml\u010dky<\/li>\n<\/ul>","right_content_type":"html","image":null,"html":"<table class=\"table\">\n<tbody>\n<tr>\n<td align=\"left\">\n<h6><span style=\"color: #99cc00;\">ID<\/span><\/h6>\n<\/td>\n<td align=\"left\">SCRID ID, ako ich poslal t\u00edm mana\u017ementu dizajnu. SCRID ID, ako ich poslal t\u00edm mana\u017ementu dizajnu. V n\u00e1zve s\u00faboru uve\u010fte token \u201eSCRID-\u201c.<\/td>\n<\/tr>\n<tr>\n<td align=\"left\">\n<h6><span style=\"color: #bac7ff;\">Zdroj<\/span><\/h6>\n<\/td>\n<td align=\"left\">Skr\u00e1ten\u00fd n\u00e1zov siete alebo \u0161t\u00fadia<\/td>\n<\/tr>\n<tr>\n<td align=\"left\">\n<h6><span style=\"color: #ffcc00;\">ContentDescription_Dimensions<\/span><\/h6>\n<\/td>\n<td align=\"left\">Vo\u013en\u00e9 pol\u00ed\u010dko na detaily, kam patria rozmery polo\u017eky. Pri polo\u017eke spojenej s epiz\u00f3dou uve\u010fte sez\u00f3nu a inform\u00e1cie o epiz\u00f3de.<\/td>\n<\/tr>\n<tr>\n<td align=\"left\">\n<h6><span style=\"color: #ff6600;\">Rok<\/span><\/h6>\n<\/td>\n<td align=\"left\">Rok prv\u00e9ho vydania diela alebo obsahu.<\/td>\n<\/tr>\n<tr>\n<td align=\"left\">\n<h6><span style=\"color: #c4069a;\">Identifik\u00e1tor jazyka<\/span><\/h6>\n<\/td>\n<td align=\"left\">Pri angli\u010dtine pou\u017eite \u201eLAN-en-US\u201c. Ak si nie ste ist\u00fd\/-\u00e1, nechajte tam z\u00e1stupn\u00fd znak. Pri sn\u00edmkach bez textu pou\u017eite jazyk \u201eLAN-zxx\u201c<\/td>\n<\/tr>\n<tr>\n<td align=\"left\">\n<h6><span style=\"color: #cc99ff;\">\u00da\u010del<\/span><\/h6>\n<\/td>\n<td align=\"left\">Identifik\u00e1tor typu polo\u017eky (na vyh\u013eadanie pozri <a href=\"https:\/\/www.maximagespecs.com\/image-specs\/\">zoznam \u0161pecifik\u00e1ci\u00ed<\/a>). V n\u00e1zve s\u00faboru uve\u010fte token \u201ePUR-\u201c.<\/td>\n<\/tr>\n<\/tbody>\n<\/table>\n<strong>Pr\u00edklad k\u013e\u00fa\u010dov\u00e9ho vizu\u00e1lu pre film:<\/strong>\n<span style=\"color: #99cc00;\">SCRID-17024669,14128757<\/span>_<span style=\"color: #bac7ff;\">WB<\/span>_<span style=\"color: #ffcc00;\">Dunkirk_3840x2160<\/span>_<span style=\"color: #ff6600;\">2017<\/span>_<span style=\"color: #c4069a;\">LAN-en-US<\/span>_<span style=\"color: #cc99ff;\">PUR-tileburnedin<\/span>.jpg\n\n<strong>Pr\u00edklad k\u013e\u00fa\u010dov\u00e9ho vizu\u00e1lu pre seri\u00e1l:<\/strong>\n<span style=\"color: #99cc00;\">SCRID-15901387,15901563<\/span>_<span style=\"color: #bac7ff;\">HBO<\/span>_<span style=\"color: #ffcc00;\">TheIdolS1_4320X1300<\/span>_<span style=\"color: #ff6600;\">2023<\/span>_<span style=\"color: #c4069a;\">LAN-en-US<\/span>_<span style=\"color: #cc99ff;\">PUR-logo<\/span>.jpg\n\n<strong>Pr\u00edklad epiz\u00f3dy<\/strong>\n<span style=\"color: #99cc00;\">SCRID-16992465<\/span>_<span style=\"color: #bac7ff;\">HBO<\/span>_<span style=\"color: #ffcc00;\">TheIdolS1E1_1680X3636<\/span>_<span style=\"color: #ff6600;\">2023<\/span>_<span style=\"color: #c4069a;\">LAN-en-US<\/span>_<span style=\"color: #cc99ff;\">PUR-tile<\/span>.jpg"},{"acf_fc_layout":"split_content","title":"Disk Box:","content":"<ul>\n \t<li>Budeme s vami zdie\u013ea\u0165 prie\u010dinok na na\u0161om disku Box<\/li>\n<\/ul>\n<ul>\n \t<li>V\u0161etky po\u017eadovan\u00e9 polo\u017eky vlo\u017ete sem, aby t\u00edm mana\u017ementu dizajnu mohol skontrolova\u0165 ich kvalitu, sledova\u0165 ich a v pr\u00edpade potreby pom\u00f4c\u0165 pri probl\u00e9moch<\/li>\n<\/ul>","right_content_type":"image","image":2959,"html":""}]},"yoast_head":"<!-- This site is optimized with the Yoast SEO plugin v27.3 - https:\/\/yoast.com\/product\/yoast-seo-wordpress\/ -->\n<title>Dodanie - Max Image Specs<\/title>\n<meta name=\"robots\" content=\"index, follow, max-snippet:-1, max-image-preview:large, max-video-preview:-1\" \/>\n<link rel=\"canonical\" href=\"https:\/\/www.maximagespecs.com\/sk\/dodanie\/\" \/>\n<meta property=\"og:locale\" content=\"sk_SK\" \/>\n<meta property=\"og:type\" content=\"article\" \/>\n<meta property=\"og:title\" content=\"Dodanie - Max Image Specs\" \/>\n<meta property=\"og:url\" content=\"https:\/\/www.maximagespecs.com\/sk\/dodanie\/\" \/>\n<meta property=\"og:site_name\" content=\"Max Image Specs\" \/>\n<meta name=\"twitter:card\" content=\"summary_large_image\" \/>\n<script type=\"application\/ld+json\" class=\"yoast-schema-graph\">{\"@context\":\"https:\\\/\\\/schema.org\",\"@graph\":[{\"@type\":\"WebPage\",\"@id\":\"https:\\\/\\\/www.maximagespecs.com\\\/sk\\\/dodanie\\\/\",\"url\":\"https:\\\/\\\/www.maximagespecs.com\\\/sk\\\/dodanie\\\/\",\"name\":\"Dodanie - Max Image Specs\",\"isPartOf\":{\"@id\":\"https:\\\/\\\/s45176.p1648.sites.pressdns.com\\\/#website\"},\"datePublished\":\"2023-09-25T20:47:14+00:00\",\"inLanguage\":\"sk-SK\",\"potentialAction\":[{\"@type\":\"ReadAction\",\"target\":[\"https:\\\/\\\/www.maximagespecs.com\\\/sk\\\/dodanie\\\/\"]}]},{\"@type\":\"WebSite\",\"@id\":\"https:\\\/\\\/s45176.p1648.sites.pressdns.com\\\/#website\",\"url\":\"https:\\\/\\\/s45176.p1648.sites.pressdns.com\\\/\",\"name\":\"Max Image Specs\",\"description\":\"\",\"potentialAction\":[{\"@type\":\"SearchAction\",\"target\":{\"@type\":\"EntryPoint\",\"urlTemplate\":\"https:\\\/\\\/s45176.p1648.sites.pressdns.com\\\/?s={search_term_string}\"},\"query-input\":{\"@type\":\"PropertyValueSpecification\",\"valueRequired\":true,\"valueName\":\"search_term_string\"}}],\"inLanguage\":\"sk-SK\"}]}<\/script>\n<!-- \/ Yoast SEO plugin. -->","yoast_head_json":{"title":"Dodanie - Max Image Specs","robots":{"index":"index","follow":"follow","max-snippet":"max-snippet:-1","max-image-preview":"max-image-preview:large","max-video-preview":"max-video-preview:-1"},"canonical":"https:\/\/www.maximagespecs.com\/sk\/dodanie\/","og_locale":"sk_SK","og_type":"article","og_title":"Dodanie - Max Image Specs","og_url":"https:\/\/www.maximagespecs.com\/sk\/dodanie\/","og_site_name":"Max Image Specs","twitter_card":"summary_large_image","schema":{"@context":"https:\/\/schema.org","@graph":[{"@type":"WebPage","@id":"https:\/\/www.maximagespecs.com\/sk\/dodanie\/","url":"https:\/\/www.maximagespecs.com\/sk\/dodanie\/","name":"Dodanie - Max Image Specs","isPartOf":{"@id":"https:\/\/s45176.p1648.sites.pressdns.com\/#website"},"datePublished":"2023-09-25T20:47:14+00:00","inLanguage":"sk-SK","potentialAction":[{"@type":"ReadAction","target":["https:\/\/www.maximagespecs.com\/sk\/dodanie\/"]}]},{"@type":"WebSite","@id":"https:\/\/s45176.p1648.sites.pressdns.com\/#website","url":"https:\/\/s45176.p1648.sites.pressdns.com\/","name":"Max Image Specs","description":"","potentialAction":[{"@type":"SearchAction","target":{"@type":"EntryPoint","urlTemplate":"https:\/\/s45176.p1648.sites.pressdns.com\/?s={search_term_string}"},"query-input":{"@type":"PropertyValueSpecification","valueRequired":true,"valueName":"search_term_string"}}],"inLanguage":"sk-SK"}]}},"_links":{"self":[{"href":"https:\/\/www.maximagespecs.com\/sk\/wp-json\/wp\/v2\/pages\/8591","targetHints":{"allow":["GET"]}}],"collection":[{"href":"https:\/\/www.maximagespecs.com\/sk\/wp-json\/wp\/v2\/pages"}],"about":[{"href":"https:\/\/www.maximagespecs.com\/sk\/wp-json\/wp\/v2\/types\/page"}],"author":[{"embeddable":true,"href":"https:\/\/www.maximagespecs.com\/sk\/wp-json\/wp\/v2\/users\/1"}],"replies":[{"embeddable":true,"href":"https:\/\/www.maximagespecs.com\/sk\/wp-json\/wp\/v2\/comments?post=8591"}],"version-history":[{"count":0,"href":"https:\/\/www.maximagespecs.com\/sk\/wp-json\/wp\/v2\/pages\/8591\/revisions"}],"wp:attachment":[{"href":"https:\/\/www.maximagespecs.com\/sk\/wp-json\/wp\/v2\/media?parent=8591"}],"curies":[{"name":"wp","href":"https:\/\/api.w.org\/{rel}","templated":true}]}}