{"id":8497,"date":"2023-09-25T20:47:14","date_gmt":"2023-09-25T20:47:14","guid":{"rendered":"https:\/\/www.maximagespecs.com\/livrare\/"},"modified":"2024-01-23T23:17:48","modified_gmt":"2024-01-23T23:17:48","slug":"livrare","status":"publish","type":"page","link":"https:\/\/www.maximagespecs.com\/ro\/livrare\/","title":{"rendered":"Livrare"},"content":{"rendered":"","protected":false},"excerpt":{"rendered":"","protected":false},"author":1,"featured_media":0,"parent":0,"menu_order":0,"comment_status":"closed","ping_status":"closed","template":"","meta":{"_acf_changed":false,"footnotes":""},"class_list":["post-8497","page","type-page","status-publish","hentry"],"acf":{"page_builder":[{"acf_fc_layout":"split_content","title":"Orient\u0103ri privind exportul:","content":"Pentru a optimiza dimensiunile fi\u0219ierelor imagine \u0219i pentru a permite redarea rapid\u0103 \u00een aplica\u021bie, exporta\u021bi imaginile dup\u0103 cum urmeaz\u0103:\r\n<ol>\r\n \t<li>Asigura\u021bi formatul corect pentru tipul de activ<\/li>\r\n \t<li>Nu include\u021bi metadate<\/li>\r\n \t<li>Converti\u021bi \u00een sRGB<\/li>\r\n \t<li>Nu include\u021bi profil de culoare<\/li>\r\n<\/ol>\r\nV\u0103 rug\u0103m s\u0103 re\u021bine\u021bi c\u0103 toate activele trebuie s\u0103 fie de 10 MB sau mai pu\u021bin!","right_content_type":"image","image":2924,"html":""},{"acf_fc_layout":"split_content","title":"Denumirea fi\u0219ierelor:","content":"<ul>\r\n \t<li>Se prefer\u0103 ca denumirea fi\u0219ierelor s\u0103 nu dep\u0103\u0219easc\u0103 150 de caractere (f\u0103r\u0103 a include extensii precum \u201e.jpg\u201d sau \u201e.png\u201d)<\/li>\r\n<\/ul>\r\n<ul>\r\n \t<li>F\u0103r\u0103 caractere speciale (de exemplu ! @ # $ % {} &lt;&gt; | ?)<\/li>\r\n<\/ul>\r\n<ul>\r\n \t<li>F\u0103r\u0103 spa\u021bii goale \u2013 v\u0103 rug\u0103m s\u0103 folosi\u021bi sublinieri sau liniu\u021be acolo unde se sugereaz\u0103<\/li>\r\n<\/ul>","right_content_type":"html","image":null,"html":"<table class=\"table\">\r\n<tbody>\r\n<tr>\r\n<td align=\"left\">\r\n<h6><span style=\"color: #99cc00;\">ID<\/span><\/h6>\r\n<\/td>\r\n<td align=\"left\">ID-urile SCRID furnizate de echipa de management al designului. V\u0103 rug\u0103m s\u0103 include\u021bi indicatorul \u201eSCRID-\u201d \u00een denumirea fi\u0219ierului.<\/td>\r\n<\/tr>\r\n<tr>\r\n<td align=\"left\">\r\n<h6><span style=\"color: #bac7ff;\">Sursa<\/span><\/h6>\r\n<\/td>\r\n<td align=\"left\">Denumirea prescurtat\u0103 a re\u021belei sau a studioului<\/td>\r\n<\/tr>\r\n<tr>\r\n<td align=\"left\">\r\n<h6><span style=\"color: #ffcc00;\">Descriere con\u021binut\/Dimensiuni<\/span><\/h6>\r\n<\/td>\r\n<td align=\"left\">C\u00e2mp de detalii \u00een form\u0103 liber\u0103 care include dimensiunile activului. Pentru un activ de tip episod, v\u0103 rug\u0103m s\u0103 include\u021bi informa\u021bii despre sezon \u0219i despre episod.<\/td>\r\n<\/tr>\r\n<tr>\r\n<td align=\"left\">\r\n<h6><span style=\"color: #ff6600;\">An<\/span><\/h6>\r\n<\/td>\r\n<td align=\"left\">Anul \u00een care a fost lansat ini\u021bial acest element de con\u021binut.<\/td>\r\n<\/tr>\r\n<tr>\r\n<td align=\"left\">\r\n<h6><span style=\"color: #c4069a;\">Identificator limb\u0103<\/span><\/h6>\r\n<\/td>\r\n<td align=\"left\">V\u0103 rug\u0103m s\u0103 folosi\u021bi \u201eLAN-en-US\u201d pentru limba englez\u0103 sau s\u0103 l\u0103sa\u021bi un spa\u021biu liber dac\u0103 nu sunte\u021bi sigur. Iar pentru imagini f\u0103r\u0103 text, v\u0103 rug\u0103m s\u0103 folosi\u021bi limba \u201eLAN-zxx\u201d<\/td>\r\n<\/tr>\r\n<tr>\r\n<td align=\"left\">\r\n<h6><span style=\"color: #cc99ff;\">Scop<\/span><\/h6>\r\n<\/td>\r\n<td align=\"left\">Identificatorul tipului de activ (a se vedea <a href=\"https:\/\/www.maximagespecs.com\/image-specs\/\">lista de specifica\u021bii<\/a> pentru localizare). V\u0103 rug\u0103m s\u0103 include\u021bi indicatorul \u201ePUR-\u201d \u00een denumirea fi\u0219ierului.<\/td>\r\n<\/tr>\r\n<\/tbody>\r\n<\/table>\r\n<strong>Exemplu de imagine principal\u0103 pentru film:<\/strong>\r\n<span style=\"color: #99cc00;\">SCRID-17024669,14128757<\/span>_<span style=\"color: #bac7ff;\">WB<\/span>_<span style=\"color: #ffcc00;\">Dunkirk_3840x2160<\/span>_<span style=\"color: #ff6600;\">2017<\/span>_<span style=\"color: #c4069a;\">LAN-en-US<\/span>_<span style=\"color: #cc99ff;\">PUR-tileburnedin<\/span>.jpg\r\n\r\n<strong>Exemplu de imagine principal\u0103 pentru serial:<\/strong>\r\n<span style=\"color: #99cc00;\">SCRID-15901387,15901563<\/span>_<span style=\"color: #bac7ff;\">HBO<\/span>_<span style=\"color: #ffcc00;\">TheIdolS1_4320X1300<\/span>_<span style=\"color: #ff6600;\">2023<\/span>_<span style=\"color: #c4069a;\">LAN-en-US<\/span>_<span style=\"color: #cc99ff;\">PUR-logo<\/span>.jpg\r\n\r\n<strong>Exemplu pentru episod:<\/strong>\r\n<span style=\"color: #99cc00;\">SCRID-16992465<\/span>_<span style=\"color: #bac7ff;\">HBO<\/span>_<span style=\"color: #ffcc00;\">TheIdolS1E1_1680X3636<\/span>_<span style=\"color: #ff6600;\">2023<\/span>_<span style=\"color: #c4069a;\">LAN-en-US<\/span>_<span style=\"color: #cc99ff;\">PUR-tile<\/span>.jpg"},{"acf_fc_layout":"split_content","title":"Box Drive:","content":"<ul>\r\n \t<li>V\u0103 vom partaja un folder pe unitatea noastr\u0103 Box Drive<\/li>\r\n<\/ul>\r\n<ul>\r\n \t<li>V\u0103 rug\u0103m s\u0103 l\u0103sa\u021bi aici toate activele solicitate, astfel \u00eenc\u00e2t echipa noastr\u0103 de management al designului s\u0103 le poat\u0103 verifica din punct de vedere al calit\u0103\u021bii, s\u0103 le poat\u0103 urm\u0103ri \u0219i s\u0103 poat\u0103 remedia problemele, dac\u0103 va fi necesar<\/li>\r\n<\/ul>","right_content_type":"image","image":2956,"html":""}]},"yoast_head":"<!-- This site is optimized with the Yoast SEO plugin v27.3 - https:\/\/yoast.com\/product\/yoast-seo-wordpress\/ -->\n<title>Livrare - Max Image Specs<\/title>\n<meta name=\"robots\" content=\"index, follow, max-snippet:-1, max-image-preview:large, max-video-preview:-1\" \/>\n<link rel=\"canonical\" href=\"https:\/\/www.maximagespecs.com\/ro\/livrare\/\" \/>\n<meta property=\"og:locale\" content=\"ro_RO\" \/>\n<meta property=\"og:type\" content=\"article\" \/>\n<meta property=\"og:title\" content=\"Livrare - Max Image Specs\" \/>\n<meta property=\"og:url\" content=\"https:\/\/www.maximagespecs.com\/ro\/livrare\/\" \/>\n<meta property=\"og:site_name\" content=\"Max Image Specs\" \/>\n<meta property=\"article:modified_time\" content=\"2024-01-23T23:17:48+00:00\" \/>\n<meta name=\"twitter:card\" content=\"summary_large_image\" \/>\n<script type=\"application\/ld+json\" class=\"yoast-schema-graph\">{\"@context\":\"https:\\\/\\\/schema.org\",\"@graph\":[{\"@type\":\"WebPage\",\"@id\":\"https:\\\/\\\/www.maximagespecs.com\\\/ro\\\/livrare\\\/\",\"url\":\"https:\\\/\\\/www.maximagespecs.com\\\/ro\\\/livrare\\\/\",\"name\":\"Livrare - Max Image Specs\",\"isPartOf\":{\"@id\":\"https:\\\/\\\/s45176.p1648.sites.pressdns.com\\\/#website\"},\"datePublished\":\"2023-09-25T20:47:14+00:00\",\"dateModified\":\"2024-01-23T23:17:48+00:00\",\"inLanguage\":\"ro-RO\",\"potentialAction\":[{\"@type\":\"ReadAction\",\"target\":[\"https:\\\/\\\/www.maximagespecs.com\\\/ro\\\/livrare\\\/\"]}]},{\"@type\":\"WebSite\",\"@id\":\"https:\\\/\\\/s45176.p1648.sites.pressdns.com\\\/#website\",\"url\":\"https:\\\/\\\/s45176.p1648.sites.pressdns.com\\\/\",\"name\":\"Max Image Specs\",\"description\":\"\",\"potentialAction\":[{\"@type\":\"SearchAction\",\"target\":{\"@type\":\"EntryPoint\",\"urlTemplate\":\"https:\\\/\\\/s45176.p1648.sites.pressdns.com\\\/?s={search_term_string}\"},\"query-input\":{\"@type\":\"PropertyValueSpecification\",\"valueRequired\":true,\"valueName\":\"search_term_string\"}}],\"inLanguage\":\"ro-RO\"}]}<\/script>\n<!-- \/ Yoast SEO plugin. -->","yoast_head_json":{"title":"Livrare - Max Image Specs","robots":{"index":"index","follow":"follow","max-snippet":"max-snippet:-1","max-image-preview":"max-image-preview:large","max-video-preview":"max-video-preview:-1"},"canonical":"https:\/\/www.maximagespecs.com\/ro\/livrare\/","og_locale":"ro_RO","og_type":"article","og_title":"Livrare - Max Image Specs","og_url":"https:\/\/www.maximagespecs.com\/ro\/livrare\/","og_site_name":"Max Image Specs","article_modified_time":"2024-01-23T23:17:48+00:00","twitter_card":"summary_large_image","schema":{"@context":"https:\/\/schema.org","@graph":[{"@type":"WebPage","@id":"https:\/\/www.maximagespecs.com\/ro\/livrare\/","url":"https:\/\/www.maximagespecs.com\/ro\/livrare\/","name":"Livrare - Max Image Specs","isPartOf":{"@id":"https:\/\/s45176.p1648.sites.pressdns.com\/#website"},"datePublished":"2023-09-25T20:47:14+00:00","dateModified":"2024-01-23T23:17:48+00:00","inLanguage":"ro-RO","potentialAction":[{"@type":"ReadAction","target":["https:\/\/www.maximagespecs.com\/ro\/livrare\/"]}]},{"@type":"WebSite","@id":"https:\/\/s45176.p1648.sites.pressdns.com\/#website","url":"https:\/\/s45176.p1648.sites.pressdns.com\/","name":"Max Image Specs","description":"","potentialAction":[{"@type":"SearchAction","target":{"@type":"EntryPoint","urlTemplate":"https:\/\/s45176.p1648.sites.pressdns.com\/?s={search_term_string}"},"query-input":{"@type":"PropertyValueSpecification","valueRequired":true,"valueName":"search_term_string"}}],"inLanguage":"ro-RO"}]}},"_links":{"self":[{"href":"https:\/\/www.maximagespecs.com\/ro\/wp-json\/wp\/v2\/pages\/8497","targetHints":{"allow":["GET"]}}],"collection":[{"href":"https:\/\/www.maximagespecs.com\/ro\/wp-json\/wp\/v2\/pages"}],"about":[{"href":"https:\/\/www.maximagespecs.com\/ro\/wp-json\/wp\/v2\/types\/page"}],"author":[{"embeddable":true,"href":"https:\/\/www.maximagespecs.com\/ro\/wp-json\/wp\/v2\/users\/1"}],"replies":[{"embeddable":true,"href":"https:\/\/www.maximagespecs.com\/ro\/wp-json\/wp\/v2\/comments?post=8497"}],"version-history":[{"count":0,"href":"https:\/\/www.maximagespecs.com\/ro\/wp-json\/wp\/v2\/pages\/8497\/revisions"}],"wp:attachment":[{"href":"https:\/\/www.maximagespecs.com\/ro\/wp-json\/wp\/v2\/media?parent=8497"}],"curies":[{"name":"wp","href":"https:\/\/api.w.org\/{rel}","templated":true}]}}