{"id":7812,"date":"2023-09-25T20:47:14","date_gmt":"2023-09-25T20:47:14","guid":{"rendered":"https:\/\/www.maximagespecs.com\/entrega\/"},"modified":"2024-01-20T00:32:57","modified_gmt":"2024-01-20T00:32:57","slug":"entrega","status":"publish","type":"page","link":"https:\/\/www.maximagespecs.com\/pt-pt\/entrega\/","title":{"rendered":"Entrega"},"content":{"rendered":"","protected":false},"excerpt":{"rendered":"","protected":false},"author":1,"featured_media":0,"parent":0,"menu_order":0,"comment_status":"closed","ping_status":"closed","template":"","meta":{"_acf_changed":false,"footnotes":""},"class_list":["post-7812","page","type-page","status-publish","hentry"],"acf":{"page_builder":[{"acf_fc_layout":"split_content","title":"Diretrizes de exporta\u00e7\u00e3o:","content":"Para otimizar o tamanho dos ficheiros de imagem e permitir uma renderiza\u00e7\u00e3o expedita na aplica\u00e7\u00e3o, exporte as imagens como se indica a seguir:\r\n<ol>\r\n \t<li>Certifique-se de que usa o formato correto para o tipo de recurso<\/li>\r\n \t<li>N\u00e3o inclua metadados<\/li>\r\n \t<li>Converta para sRGB<\/li>\r\n \t<li>N\u00e3o incorpore o perfil de cor<\/li>\r\n<\/ol>\r\nTenha em aten\u00e7\u00e3o que todos os recursos devem ter 10 MB ou menos!","right_content_type":"image","image":2923,"html":""},{"acf_fc_layout":"split_content","title":"Denomina\u00e7\u00e3o do ficheiro:","content":"<ul>\r\n \t<li>Preferencialmente, o nome do ficheiro deve ter menos de 150 caracteres (n\u00e3o incluindo extens\u00f5es como \".jpg\" ou \".png\")<\/li>\r\n<\/ul>\r\n<ul>\r\n \t<li>Sem caracteres especiais (por exemplo, ! @ # $ % {} &lt;&gt; | ?)<\/li>\r\n<\/ul>\r\n<ul>\r\n \t<li>N\u00e3o utilizar espa\u00e7os em branco \u2013 utilizar sublinhados ou travess\u00f5es quando sugerido<\/li>\r\n<\/ul>","right_content_type":"html","image":null,"html":"<table class=\"table\">\r\n<tbody>\r\n<tr>\r\n<td align=\"left\">\r\n<h6><span style=\"color: #99cc00;\">ID<\/span><\/h6>\r\n<\/td>\r\n<td align=\"left\">SCRID fornecidos pela equipa de Gest\u00e3o de Design. Por favor, inclua o s\u00edmbolo \u201cSCRID-\u201d no nome do ficheiro.<\/td>\r\n<\/tr>\r\n<tr>\r\n<td align=\"left\">\r\n<h6><span style=\"color: #bac7ff;\">Fonte<\/span><\/h6>\r\n<\/td>\r\n<td align=\"left\">Rede ou nome do est\u00fadio abreviado<\/td>\r\n<\/tr>\r\n<tr>\r\n<td align=\"left\">\r\n<h6><span style=\"color: #ffcc00;\">ContentDescription_Dimensions<\/span><\/h6>\r\n<\/td>\r\n<td align=\"left\">Campo de detalhe em forma livre que inclui as dimens\u00f5es do recurso. Para um recurso de um epis\u00f3dio, inclui a informa\u00e7\u00e3o da temporada e do epis\u00f3dio.<\/td>\r\n<\/tr>\r\n<tr>\r\n<td align=\"left\">\r\n<h6><span style=\"color: #ff6600;\">Ano<\/span><\/h6>\r\n<\/td>\r\n<td align=\"left\">O ano em que este conte\u00fado foi inicialmente lan\u00e7ado.<\/td>\r\n<\/tr>\r\n<tr>\r\n<td align=\"left\">\r\n<h6><span style=\"color: #c4069a;\">Identificador de idioma<\/span><\/h6>\r\n<\/td>\r\n<td align=\"left\">Utilize \"LAN-en-US\" para ingl\u00eas ou deixe um espa\u00e7o reservado se n\u00e3o tiver a certeza. E para imagens sem texto, utilize o idioma \"LAN-zxx\u201d<\/td>\r\n<\/tr>\r\n<tr>\r\n<td align=\"left\">\r\n<h6><span style=\"color: #cc99ff;\">Objetivo<\/span><\/h6>\r\n<\/td>\r\n<td align=\"left\">Identificador do tipo de recurso (ver <a href=\"https:\/\/www.maximagespecs.com\/image-specs\/\">lista de especifica\u00e7\u00f5es<\/a> para localizar). Por favor, inclua o token \"PUR-\" no nome do ficheiro.<\/td>\r\n<\/tr>\r\n<\/tbody>\r\n<\/table>\r\n<strong>Exemplo de arte-chave cinematogr\u00e1fica:<\/strong>\r\n<span style=\"color: #99cc00;\">SCRID-17024669,14128757<\/span>_<span style=\"color: #bac7ff;\">WB<\/span>_<span style=\"color: #ffcc00;\">Dunkirk_3840x2160<\/span>_<span style=\"color: #ff6600;\">2017<\/span>_<span style=\"color: #c4069a;\">LAN-en-US<\/span>_<span style=\"color: #cc99ff;\">PUR-tileburnedin<\/span>.jpg\r\n\r\n<strong>Exemplo de arte-chave de s\u00e9rie:<\/strong>\r\n<span style=\"color: #99cc00;\">SCRID-15901387,15901563<\/span>_<span style=\"color: #bac7ff;\">HBO<\/span>_<span style=\"color: #ffcc00;\">TheIdolS1_4320X1300<\/span>_<span style=\"color: #ff6600;\">2023<\/span>_<span style=\"color: #c4069a;\">LAN-en-US<\/span>_<span style=\"color: #cc99ff;\">PUR-logo<\/span>.jpg\r\n\r\n<strong>Exemplo de epis\u00f3dio:<\/strong>\r\n<span style=\"color: #99cc00;\">SCRID-16992465<\/span>_<span style=\"color: #bac7ff;\">HBO<\/span>_<span style=\"color: #ffcc00;\">TheIdolS1E1_1680X3636<\/span>_<span style=\"color: #ff6600;\">2023<\/span>_<span style=\"color: #c4069a;\">LAN-en-US<\/span>_<span style=\"color: #cc99ff;\">PUR-tile<\/span>.jpg"},{"acf_fc_layout":"split_content","title":"Unidade da Box:","content":"<ul>\r\n \t<li>Iremos partilhar consigo uma pasta na nossa unidade da Box<\/li>\r\n<\/ul>\r\n<ul>\r\n \t<li>Deixe aqui todos os recursos necess\u00e1rios, para que a nossa equipa de Gest\u00e3o de Design possa fazer o Controlo de Qualidade, acompanhar e resolver problemas, se necess\u00e1rio<\/li>\r\n<\/ul>","right_content_type":"image","image":2955,"html":""}]},"yoast_head":"<!-- This site is optimized with the Yoast SEO plugin v27.3 - https:\/\/yoast.com\/product\/yoast-seo-wordpress\/ -->\n<title>Entrega - Max Image Specs<\/title>\n<meta name=\"robots\" content=\"index, follow, max-snippet:-1, max-image-preview:large, max-video-preview:-1\" \/>\n<link rel=\"canonical\" href=\"https:\/\/www.maximagespecs.com\/pt-pt\/entrega\/\" \/>\n<meta property=\"og:locale\" content=\"pt_PT\" \/>\n<meta property=\"og:type\" content=\"article\" \/>\n<meta property=\"og:title\" content=\"Entrega - Max Image Specs\" \/>\n<meta property=\"og:url\" content=\"https:\/\/www.maximagespecs.com\/pt-pt\/entrega\/\" \/>\n<meta property=\"og:site_name\" content=\"Max Image Specs\" \/>\n<meta property=\"article:modified_time\" content=\"2024-01-20T00:32:57+00:00\" \/>\n<meta name=\"twitter:card\" content=\"summary_large_image\" \/>\n<script type=\"application\/ld+json\" class=\"yoast-schema-graph\">{\"@context\":\"https:\\\/\\\/schema.org\",\"@graph\":[{\"@type\":\"WebPage\",\"@id\":\"https:\\\/\\\/www.maximagespecs.com\\\/pt-pt\\\/entrega\\\/\",\"url\":\"https:\\\/\\\/www.maximagespecs.com\\\/pt-pt\\\/entrega\\\/\",\"name\":\"Entrega - Max Image Specs\",\"isPartOf\":{\"@id\":\"https:\\\/\\\/s45176.p1648.sites.pressdns.com\\\/#website\"},\"datePublished\":\"2023-09-25T20:47:14+00:00\",\"dateModified\":\"2024-01-20T00:32:57+00:00\",\"inLanguage\":\"pt-PT\",\"potentialAction\":[{\"@type\":\"ReadAction\",\"target\":[\"https:\\\/\\\/www.maximagespecs.com\\\/pt-pt\\\/entrega\\\/\"]}]},{\"@type\":\"WebSite\",\"@id\":\"https:\\\/\\\/s45176.p1648.sites.pressdns.com\\\/#website\",\"url\":\"https:\\\/\\\/s45176.p1648.sites.pressdns.com\\\/\",\"name\":\"Max Image Specs\",\"description\":\"\",\"potentialAction\":[{\"@type\":\"SearchAction\",\"target\":{\"@type\":\"EntryPoint\",\"urlTemplate\":\"https:\\\/\\\/s45176.p1648.sites.pressdns.com\\\/?s={search_term_string}\"},\"query-input\":{\"@type\":\"PropertyValueSpecification\",\"valueRequired\":true,\"valueName\":\"search_term_string\"}}],\"inLanguage\":\"pt-PT\"}]}<\/script>\n<!-- \/ Yoast SEO plugin. -->","yoast_head_json":{"title":"Entrega - Max Image Specs","robots":{"index":"index","follow":"follow","max-snippet":"max-snippet:-1","max-image-preview":"max-image-preview:large","max-video-preview":"max-video-preview:-1"},"canonical":"https:\/\/www.maximagespecs.com\/pt-pt\/entrega\/","og_locale":"pt_PT","og_type":"article","og_title":"Entrega - Max Image Specs","og_url":"https:\/\/www.maximagespecs.com\/pt-pt\/entrega\/","og_site_name":"Max Image Specs","article_modified_time":"2024-01-20T00:32:57+00:00","twitter_card":"summary_large_image","schema":{"@context":"https:\/\/schema.org","@graph":[{"@type":"WebPage","@id":"https:\/\/www.maximagespecs.com\/pt-pt\/entrega\/","url":"https:\/\/www.maximagespecs.com\/pt-pt\/entrega\/","name":"Entrega - Max Image Specs","isPartOf":{"@id":"https:\/\/s45176.p1648.sites.pressdns.com\/#website"},"datePublished":"2023-09-25T20:47:14+00:00","dateModified":"2024-01-20T00:32:57+00:00","inLanguage":"pt-PT","potentialAction":[{"@type":"ReadAction","target":["https:\/\/www.maximagespecs.com\/pt-pt\/entrega\/"]}]},{"@type":"WebSite","@id":"https:\/\/s45176.p1648.sites.pressdns.com\/#website","url":"https:\/\/s45176.p1648.sites.pressdns.com\/","name":"Max Image Specs","description":"","potentialAction":[{"@type":"SearchAction","target":{"@type":"EntryPoint","urlTemplate":"https:\/\/s45176.p1648.sites.pressdns.com\/?s={search_term_string}"},"query-input":{"@type":"PropertyValueSpecification","valueRequired":true,"valueName":"search_term_string"}}],"inLanguage":"pt-PT"}]}},"_links":{"self":[{"href":"https:\/\/www.maximagespecs.com\/pt-pt\/wp-json\/wp\/v2\/pages\/7812","targetHints":{"allow":["GET"]}}],"collection":[{"href":"https:\/\/www.maximagespecs.com\/pt-pt\/wp-json\/wp\/v2\/pages"}],"about":[{"href":"https:\/\/www.maximagespecs.com\/pt-pt\/wp-json\/wp\/v2\/types\/page"}],"author":[{"embeddable":true,"href":"https:\/\/www.maximagespecs.com\/pt-pt\/wp-json\/wp\/v2\/users\/1"}],"replies":[{"embeddable":true,"href":"https:\/\/www.maximagespecs.com\/pt-pt\/wp-json\/wp\/v2\/comments?post=7812"}],"version-history":[{"count":0,"href":"https:\/\/www.maximagespecs.com\/pt-pt\/wp-json\/wp\/v2\/pages\/7812\/revisions"}],"wp:attachment":[{"href":"https:\/\/www.maximagespecs.com\/pt-pt\/wp-json\/wp\/v2\/media?parent=7812"}],"curies":[{"name":"wp","href":"https:\/\/api.w.org\/{rel}","templated":true}]}}