{"id":7671,"date":"2023-09-25T20:47:14","date_gmt":"2023-09-25T20:47:14","guid":{"rendered":"https:\/\/www.maximagespecs.com\/przesylanie\/"},"modified":"2024-01-20T00:31:45","modified_gmt":"2024-01-20T00:31:45","slug":"przesylanie","status":"publish","type":"page","link":"https:\/\/www.maximagespecs.com\/pl\/przesylanie\/","title":{"rendered":"Przesy\u0142anie"},"content":{"rendered":"","protected":false},"excerpt":{"rendered":"","protected":false},"author":1,"featured_media":0,"parent":0,"menu_order":0,"comment_status":"closed","ping_status":"closed","template":"","meta":{"_acf_changed":false,"footnotes":""},"class_list":["post-7671","page","type-page","status-publish","hentry"],"acf":{"page_builder":[{"acf_fc_layout":"split_content","title":"Wytyczne dotycz\u0105ce eksportowania:","content":"Aby zoptymalizowa\u0107 rozmiary plik\u00f3w oraz umo\u017cliwi\u0107 szybkie renderowanie w aplikacji, obrazy nale\u017cy eksportowa\u0107 z uwzgl\u0119dnieniem nast\u0119puj\u0105cych wymaga\u0144:\r\n<ol>\r\n \t<li>Dobierz prawid\u0142owy format do typu zasobu.<\/li>\r\n \t<li>Nie uwzgl\u0119dniaj metadanych.<\/li>\r\n \t<li>Konwertuj na profil sRGB.<\/li>\r\n \t<li>Nie osadzaj profilu kolor\u00f3w.<\/li>\r\n<\/ol>\r\nUwaga: rozmiar zasob\u00f3w nie mo\u017ce przekracza\u0107 10\u00a0MB!","right_content_type":"image","image":2921,"html":""},{"acf_fc_layout":"split_content","title":"Nazewnictwo plik\u00f3w:","content":"<ul>\r\n \t<li>Zaleca si\u0119, aby nazwa pliku by\u0142a kr\u00f3tsza ni\u017c 150 znak\u00f3w (bez rozszerzenia pliku, np. .jpg lub .png).<\/li>\r\n<\/ul>\r\n<ul>\r\n \t<li>Nazwa nie mo\u017ce zawiera\u0107 znak\u00f3w specjalnych (np. ! @ # $ % {} &lt;&gt; | ?)<\/li>\r\n<\/ul>\r\n<ul>\r\n \t<li>Nazwa nie mo\u017ce zawiera\u0107 spacji \u2013 w razie potrzeby nale\u017cy stosowa\u0107 podkre\u015blenia lub \u0142\u0105czniki.<\/li>\r\n<\/ul>","right_content_type":"html","image":null,"html":"<table class=\"table\">\r\n<tbody>\r\n<tr>\r\n<td align=\"left\">\r\n<h6><span style=\"color: #99cc00;\">Identyfikator<\/span><\/h6>\r\n<\/td>\r\n<td align=\"left\">SCRID podane przez zesp\u00f3\u0142 Design Management. W nazwie pliku nale\u017cy uwzgl\u0119dni\u0107 token \u201eSCRID-\u201d.<\/td>\r\n<\/tr>\r\n<tr>\r\n<td align=\"left\">\r\n<h6><span style=\"color: #bac7ff;\">\u0179r\u00f3d\u0142o<\/span><\/h6>\r\n<\/td>\r\n<td align=\"left\">Skr\u00f3cona nazwa stacji lub studia<\/td>\r\n<\/tr>\r\n<tr>\r\n<td align=\"left\">\r\n<h6><span style=\"color: #ffcc00;\">OpisTresci_Wymiary<\/span><\/h6>\r\n<\/td>\r\n<td align=\"left\">Pole do wpisywania wymiar\u00f3w grafiki. W przypadku materia\u0142\u00f3w dotycz\u0105cych odcinka serialu nale\u017cy uwzgl\u0119dni\u0107 numer sezonu i odcinka.<\/td>\r\n<\/tr>\r\n<tr>\r\n<td align=\"left\">\r\n<h6><span style=\"color: #ff6600;\">Rok<\/span><\/h6>\r\n<\/td>\r\n<td align=\"left\">Data premiery tej tre\u015bci.<\/td>\r\n<\/tr>\r\n<tr>\r\n<td align=\"left\">\r\n<h6><span style=\"color: #c4069a;\">Identyfikator j\u0119zyka<\/span><\/h6>\r\n<\/td>\r\n<td align=\"left\">W przypadku j\u0119zyka angielskiego u\u017cyj identyfikatora \u201eLAN-en-US\u201d. Je\u015bli nie masz pewno\u015bci, pozostaw tekst zast\u0119pczy. W przypadku obraz\u00f3w bez tekstu u\u017cyj identyfikatora \u201eLAN-zxx\u201d.<\/td>\r\n<\/tr>\r\n<tr>\r\n<td align=\"left\">\r\n<h6><span style=\"color: #cc99ff;\">Przeznaczenie<\/span><\/h6>\r\n<\/td>\r\n<td align=\"left\">Identyfikator typu zasobu (znajdziesz go na <a href=\"https:\/\/www.maximagespecs.com\/image-specs\/\">li\u015bcie specyfikacji<\/a>). W nazwie pliku nale\u017cy uwzgl\u0119dni\u0107 token \u201ePUR-\u201d.<\/td>\r\n<\/tr>\r\n<\/tbody>\r\n<\/table>\r\n<strong>Przyk\u0142ad g\u0142\u00f3wnej grafiki filmu:<\/strong>\r\n<span style=\"color: #99cc00;\">SCRID-17024669,14128757<\/span>_<span style=\"color: #bac7ff;\">WB<\/span>_<span style=\"color: #ffcc00;\">Dunkirk_3840x2160<\/span>_<span style=\"color: #ff6600;\">2017<\/span>_<span style=\"color: #c4069a;\">LAN-en-US<\/span>_<span style=\"color: #cc99ff;\">PUR-tileburnedin<\/span>.jpg\r\n\r\n<strong>Przyk\u0142ad g\u0142\u00f3wnej grafiki serialu:<\/strong>\r\n<span style=\"color: #99cc00;\">SCRID-15901387,15901563<\/span>_<span style=\"color: #bac7ff;\">HBO<\/span>_<span style=\"color: #ffcc00;\">TheIdolS1_4320X1300<\/span>_<span style=\"color: #ff6600;\">2023<\/span>_<span style=\"color: #c4069a;\">LAN-en-US<\/span>_<span style=\"color: #cc99ff;\">PUR-logo<\/span>.jpg\r\n\r\n<strong>Przyk\u0142ad odcinka:<\/strong>\r\n<span style=\"color: #99cc00;\">SCRID-16992465<\/span>_<span style=\"color: #bac7ff;\">HBO<\/span>_<span style=\"color: #ffcc00;\">TheIdolS1E1_1680X3636<\/span>_<span style=\"color: #ff6600;\">2023<\/span>_<span style=\"color: #c4069a;\">LAN-en-US<\/span>_<span style=\"color: #cc99ff;\">PUR-tile<\/span>.jpg"},{"acf_fc_layout":"split_content","title":"Dysk Box:","content":"<ul>\r\n \t<li>Udost\u0119pnimy folder na dysku Box.<\/li>\r\n<\/ul>\r\n<ul>\r\n \t<li>Nale\u017cy w nim umieszcza\u0107 wszystkie zasoby, aby zesp\u00f3\u0142 Design Management m\u00f3g\u0142 przeprowadzi\u0107 kontrol\u0119 jako\u015bci, monitorowa\u0107 przep\u0142yw plik\u00f3w oraz w razie potrzeby pomaga\u0107 w rozwi\u0105zywaniu problem\u00f3w.<\/li>\r\n<\/ul>","right_content_type":"image","image":2953,"html":""}]},"yoast_head":"<!-- This site is optimized with the Yoast SEO plugin v27.5 - https:\/\/yoast.com\/product\/yoast-seo-wordpress\/ -->\n<title>Przesy\u0142anie - Max Image Specs<\/title>\n<meta name=\"robots\" content=\"index, follow, max-snippet:-1, max-image-preview:large, max-video-preview:-1\" \/>\n<link rel=\"canonical\" href=\"https:\/\/www.maximagespecs.com\/pl\/przesylanie\/\" \/>\n<meta property=\"og:locale\" content=\"pl_PL\" \/>\n<meta property=\"og:type\" content=\"article\" \/>\n<meta property=\"og:title\" content=\"Przesy\u0142anie - Max Image Specs\" \/>\n<meta property=\"og:url\" content=\"https:\/\/www.maximagespecs.com\/pl\/przesylanie\/\" \/>\n<meta property=\"og:site_name\" content=\"Max Image Specs\" \/>\n<meta property=\"article:modified_time\" content=\"2024-01-20T00:31:45+00:00\" \/>\n<meta name=\"twitter:card\" content=\"summary_large_image\" \/>\n<script type=\"application\/ld+json\" class=\"yoast-schema-graph\">{\"@context\":\"https:\\\/\\\/schema.org\",\"@graph\":[{\"@type\":\"WebPage\",\"@id\":\"https:\\\/\\\/www.maximagespecs.com\\\/pl\\\/przesylanie\\\/\",\"url\":\"https:\\\/\\\/www.maximagespecs.com\\\/pl\\\/przesylanie\\\/\",\"name\":\"Przesy\u0142anie - Max Image Specs\",\"isPartOf\":{\"@id\":\"https:\\\/\\\/s45176.p1648.sites.pressdns.com\\\/#website\"},\"datePublished\":\"2023-09-25T20:47:14+00:00\",\"dateModified\":\"2024-01-20T00:31:45+00:00\",\"inLanguage\":\"pl-PL\",\"potentialAction\":[{\"@type\":\"ReadAction\",\"target\":[\"https:\\\/\\\/www.maximagespecs.com\\\/pl\\\/przesylanie\\\/\"]}]},{\"@type\":\"WebSite\",\"@id\":\"https:\\\/\\\/s45176.p1648.sites.pressdns.com\\\/#website\",\"url\":\"https:\\\/\\\/s45176.p1648.sites.pressdns.com\\\/\",\"name\":\"Max Image Specs\",\"description\":\"\",\"potentialAction\":[{\"@type\":\"SearchAction\",\"target\":{\"@type\":\"EntryPoint\",\"urlTemplate\":\"https:\\\/\\\/s45176.p1648.sites.pressdns.com\\\/?s={search_term_string}\"},\"query-input\":{\"@type\":\"PropertyValueSpecification\",\"valueRequired\":true,\"valueName\":\"search_term_string\"}}],\"inLanguage\":\"pl-PL\"}]}<\/script>\n<!-- \/ Yoast SEO plugin. -->","yoast_head_json":{"title":"Przesy\u0142anie - Max Image Specs","robots":{"index":"index","follow":"follow","max-snippet":"max-snippet:-1","max-image-preview":"max-image-preview:large","max-video-preview":"max-video-preview:-1"},"canonical":"https:\/\/www.maximagespecs.com\/pl\/przesylanie\/","og_locale":"pl_PL","og_type":"article","og_title":"Przesy\u0142anie - Max Image Specs","og_url":"https:\/\/www.maximagespecs.com\/pl\/przesylanie\/","og_site_name":"Max Image Specs","article_modified_time":"2024-01-20T00:31:45+00:00","twitter_card":"summary_large_image","schema":{"@context":"https:\/\/schema.org","@graph":[{"@type":"WebPage","@id":"https:\/\/www.maximagespecs.com\/pl\/przesylanie\/","url":"https:\/\/www.maximagespecs.com\/pl\/przesylanie\/","name":"Przesy\u0142anie - Max Image Specs","isPartOf":{"@id":"https:\/\/s45176.p1648.sites.pressdns.com\/#website"},"datePublished":"2023-09-25T20:47:14+00:00","dateModified":"2024-01-20T00:31:45+00:00","inLanguage":"pl-PL","potentialAction":[{"@type":"ReadAction","target":["https:\/\/www.maximagespecs.com\/pl\/przesylanie\/"]}]},{"@type":"WebSite","@id":"https:\/\/s45176.p1648.sites.pressdns.com\/#website","url":"https:\/\/s45176.p1648.sites.pressdns.com\/","name":"Max Image Specs","description":"","potentialAction":[{"@type":"SearchAction","target":{"@type":"EntryPoint","urlTemplate":"https:\/\/s45176.p1648.sites.pressdns.com\/?s={search_term_string}"},"query-input":{"@type":"PropertyValueSpecification","valueRequired":true,"valueName":"search_term_string"}}],"inLanguage":"pl-PL"}]}},"_links":{"self":[{"href":"https:\/\/www.maximagespecs.com\/pl\/wp-json\/wp\/v2\/pages\/7671","targetHints":{"allow":["GET"]}}],"collection":[{"href":"https:\/\/www.maximagespecs.com\/pl\/wp-json\/wp\/v2\/pages"}],"about":[{"href":"https:\/\/www.maximagespecs.com\/pl\/wp-json\/wp\/v2\/types\/page"}],"author":[{"embeddable":true,"href":"https:\/\/www.maximagespecs.com\/pl\/wp-json\/wp\/v2\/users\/1"}],"replies":[{"embeddable":true,"href":"https:\/\/www.maximagespecs.com\/pl\/wp-json\/wp\/v2\/comments?post=7671"}],"version-history":[{"count":0,"href":"https:\/\/www.maximagespecs.com\/pl\/wp-json\/wp\/v2\/pages\/7671\/revisions"}],"wp:attachment":[{"href":"https:\/\/www.maximagespecs.com\/pl\/wp-json\/wp\/v2\/media?parent=7671"}],"curies":[{"name":"wp","href":"https:\/\/api.w.org\/{rel}","templated":true}]}}