{"id":7623,"date":"2023-09-25T20:47:14","date_gmt":"2023-09-25T20:47:14","guid":{"rendered":"https:\/\/www.maximagespecs.com\/levering\/"},"modified":"2024-01-19T20:55:32","modified_gmt":"2024-01-19T20:55:32","slug":"levering","status":"publish","type":"page","link":"https:\/\/www.maximagespecs.com\/no\/levering\/","title":{"rendered":"Levering"},"content":{"rendered":"","protected":false},"excerpt":{"rendered":"","protected":false},"author":1,"featured_media":0,"parent":0,"menu_order":0,"comment_status":"closed","ping_status":"closed","template":"","meta":{"_acf_changed":false,"footnotes":""},"class_list":["post-7623","page","type-page","status-publish","hentry"],"acf":{"page_builder":[{"acf_fc_layout":"split_content","title":"Eksportretningslinjer:","content":"Eksporter bilder som f\u00f8lger, for \u00e5 optimalisere st\u00f8rrelser p\u00e5 bildefilene og muliggj\u00f8re hensiktsmessig gjengivelse i apper:\r\n<ol>\r\n \t<li>S\u00f8rg for \u00e5 bruke korrekt format for ressurstypen<\/li>\r\n \t<li>Ikke inkluder metadata<\/li>\r\n \t<li>Konverter til sRGB<\/li>\r\n \t<li>Ikke lagre fargeprofilen<\/li>\r\n<\/ol>\r\nMerk at alle ressurser m\u00e5 v\u00e6re 10 MB eller mindre!","right_content_type":"image","image":2919,"html":""},{"acf_fc_layout":"split_content","title":"Navngi fil:","content":"<ul>\r\n \t<li>Filnavn skal helst v\u00e6re p\u00e5 mindre enn 150 tegn (ikke medregnet filendelser som \".jpg\" eller \".png\")<\/li>\r\n<\/ul>\r\n<ul>\r\n \t<li>Ingen spesialtegn (f.eks. ! @ # $ % {} &lt;&gt; | ?)<\/li>\r\n<\/ul>\r\n<ul>\r\n \t<li>Ingen tomrom \u2013 bruk understrek eller bindestreker der det er anvist<\/li>\r\n<\/ul>","right_content_type":"html","image":null,"html":"<table class=\"table\">\r\n<tbody>\r\n<tr>\r\n<td align=\"left\">\r\n<h6><span style=\"color: #99cc00;\">ID<\/span><\/h6>\r\n<\/td>\r\n<td align=\"left\">SCRID fra Design Management-teamet. Du m\u00e5 ha med \u00abSKRID\u00bb-tegnet i filnavnet.<\/td>\r\n<\/tr>\r\n<tr>\r\n<td align=\"left\">\r\n<h6><span style=\"color: #bac7ff;\">Kilde<\/span><\/h6>\r\n<\/td>\r\n<td align=\"left\">Forkortet navn p\u00e5 nettverk eller studio<\/td>\r\n<\/tr>\r\n<tr>\r\n<td align=\"left\">\r\n<h6><span style=\"color: #ffcc00;\">ContentDescription_Dimensions<\/span><\/h6>\r\n<\/td>\r\n<td align=\"left\">Detaljfelt i fritt format som inkluderer ressursens dimensjoner. For episoderessurser m\u00e5 du ta med informasjon om sesong og episode.<\/td>\r\n<\/tr>\r\n<tr>\r\n<td align=\"left\">\r\n<h6><span style=\"color: #ff6600;\">\u00c5r<\/span><\/h6>\r\n<\/td>\r\n<td align=\"left\">\u00c5ret dette innholdet f\u00f8rst ble utgitt.<\/td>\r\n<\/tr>\r\n<tr>\r\n<td align=\"left\">\r\n<h6><span style=\"color: #c4069a;\">Spr\u00e5kidentifikator<\/span><\/h6>\r\n<\/td>\r\n<td align=\"left\">Bruk \u201cLAN-en-US\u201d for engelsk eller la det st\u00e5 en plassholder hvis du ikke er sikker. For bilder uten tekst skal du bruker \"LAN-zxx\"<\/td>\r\n<\/tr>\r\n<tr>\r\n<td align=\"left\">\r\n<h6><span style=\"color: #cc99ff;\">Form\u00e5l<\/span><\/h6>\r\n<\/td>\r\n<td align=\"left\">Identifikator for ressurstypen (du finner den i <a href=\"https:\/\/www.maximagespecs.com\/image-specs\/\">spesifikasjonslisten<\/a>). Du m\u00e5 ha med \"PUR-\"-tegnet i filnavnet.<\/td>\r\n<\/tr>\r\n<\/tbody>\r\n<\/table>\r\n<strong>Eksempel p\u00e5 hovedgrafikk for film:<\/strong>\r\n<span style=\"color: #99cc00;\">SCRID-17024669,14128757<\/span>_<span style=\"color: #bac7ff;\">WB<\/span>_<span style=\"color: #ffcc00;\">Dunkirk_3840x2160<\/span>_<span style=\"color: #ff6600;\">2017<\/span>_<span style=\"color: #c4069a;\">LAN-en-US<\/span>_<span style=\"color: #cc99ff;\">PUR-tileburnedin<\/span>.jpg\r\n\r\n<strong>Eksempel p\u00e5 hovedgrafikk for serie:<\/strong>\r\n<span style=\"color: #99cc00;\">SCRID-15901387,15901563<\/span>_<span style=\"color: #bac7ff;\">HBO<\/span>_<span style=\"color: #ffcc00;\">TheIdolS1_4320X1300<\/span>_<span style=\"color: #ff6600;\">2023<\/span>_<span style=\"color: #c4069a;\">LAN-en-US<\/span>_<span style=\"color: #cc99ff;\">PUR-logo<\/span>.jpg\r\n\r\n<strong>Eksempel p\u00e5 episode:<\/strong>\r\n<span style=\"color: #99cc00;\">SCRID-16992465<\/span>_<span style=\"color: #bac7ff;\">HBO<\/span>_<span style=\"color: #ffcc00;\">TheIdolS1E1_1680X3636<\/span>_<span style=\"color: #ff6600;\">2023<\/span>_<span style=\"color: #c4069a;\">LAN-en-US<\/span>_<span style=\"color: #cc99ff;\">PUR-tile<\/span>.jpg"},{"acf_fc_layout":"split_content","title":"Box-disk:","content":"<ul>\r\n \t<li>Vi kommer til \u00e5 dele en mappe med deg p\u00e5 Box-disken v\u00e5r<\/li>\r\n<\/ul>\r\n<ul>\r\n \t<li>Legg alle n\u00f8dvendige ressurser her slik at v\u00e5rt Design Management team kan kvalitetssikre, spore og feils\u00f8ke ved behov<\/li>\r\n<\/ul>","right_content_type":"image","image":2951,"html":""}]},"yoast_head":"<!-- This site is optimized with the Yoast SEO plugin v27.4 - https:\/\/yoast.com\/product\/yoast-seo-wordpress\/ -->\n<title>Levering - Max Image Specs<\/title>\n<meta name=\"robots\" content=\"index, follow, max-snippet:-1, max-image-preview:large, max-video-preview:-1\" \/>\n<link rel=\"canonical\" href=\"https:\/\/www.maximagespecs.com\/no\/levering\/\" \/>\n<meta property=\"og:locale\" content=\"nb_NO\" \/>\n<meta property=\"og:type\" content=\"article\" \/>\n<meta property=\"og:title\" content=\"Levering - Max Image Specs\" \/>\n<meta property=\"og:url\" content=\"https:\/\/www.maximagespecs.com\/no\/levering\/\" \/>\n<meta property=\"og:site_name\" content=\"Max Image Specs\" \/>\n<meta property=\"article:modified_time\" content=\"2024-01-19T20:55:32+00:00\" \/>\n<meta name=\"twitter:card\" content=\"summary_large_image\" \/>\n<script type=\"application\/ld+json\" class=\"yoast-schema-graph\">{\"@context\":\"https:\\\/\\\/schema.org\",\"@graph\":[{\"@type\":\"WebPage\",\"@id\":\"https:\\\/\\\/www.maximagespecs.com\\\/no\\\/levering\\\/\",\"url\":\"https:\\\/\\\/www.maximagespecs.com\\\/no\\\/levering\\\/\",\"name\":\"Levering - Max Image Specs\",\"isPartOf\":{\"@id\":\"https:\\\/\\\/s45176.p1648.sites.pressdns.com\\\/#website\"},\"datePublished\":\"2023-09-25T20:47:14+00:00\",\"dateModified\":\"2024-01-19T20:55:32+00:00\",\"inLanguage\":\"nb-NO\",\"potentialAction\":[{\"@type\":\"ReadAction\",\"target\":[\"https:\\\/\\\/www.maximagespecs.com\\\/no\\\/levering\\\/\"]}]},{\"@type\":\"WebSite\",\"@id\":\"https:\\\/\\\/s45176.p1648.sites.pressdns.com\\\/#website\",\"url\":\"https:\\\/\\\/s45176.p1648.sites.pressdns.com\\\/\",\"name\":\"Max Image Specs\",\"description\":\"\",\"potentialAction\":[{\"@type\":\"SearchAction\",\"target\":{\"@type\":\"EntryPoint\",\"urlTemplate\":\"https:\\\/\\\/s45176.p1648.sites.pressdns.com\\\/?s={search_term_string}\"},\"query-input\":{\"@type\":\"PropertyValueSpecification\",\"valueRequired\":true,\"valueName\":\"search_term_string\"}}],\"inLanguage\":\"nb-NO\"}]}<\/script>\n<!-- \/ Yoast SEO plugin. -->","yoast_head_json":{"title":"Levering - Max Image Specs","robots":{"index":"index","follow":"follow","max-snippet":"max-snippet:-1","max-image-preview":"max-image-preview:large","max-video-preview":"max-video-preview:-1"},"canonical":"https:\/\/www.maximagespecs.com\/no\/levering\/","og_locale":"nb_NO","og_type":"article","og_title":"Levering - Max Image Specs","og_url":"https:\/\/www.maximagespecs.com\/no\/levering\/","og_site_name":"Max Image Specs","article_modified_time":"2024-01-19T20:55:32+00:00","twitter_card":"summary_large_image","schema":{"@context":"https:\/\/schema.org","@graph":[{"@type":"WebPage","@id":"https:\/\/www.maximagespecs.com\/no\/levering\/","url":"https:\/\/www.maximagespecs.com\/no\/levering\/","name":"Levering - Max Image Specs","isPartOf":{"@id":"https:\/\/s45176.p1648.sites.pressdns.com\/#website"},"datePublished":"2023-09-25T20:47:14+00:00","dateModified":"2024-01-19T20:55:32+00:00","inLanguage":"nb-NO","potentialAction":[{"@type":"ReadAction","target":["https:\/\/www.maximagespecs.com\/no\/levering\/"]}]},{"@type":"WebSite","@id":"https:\/\/s45176.p1648.sites.pressdns.com\/#website","url":"https:\/\/s45176.p1648.sites.pressdns.com\/","name":"Max Image Specs","description":"","potentialAction":[{"@type":"SearchAction","target":{"@type":"EntryPoint","urlTemplate":"https:\/\/s45176.p1648.sites.pressdns.com\/?s={search_term_string}"},"query-input":{"@type":"PropertyValueSpecification","valueRequired":true,"valueName":"search_term_string"}}],"inLanguage":"nb-NO"}]}},"_links":{"self":[{"href":"https:\/\/www.maximagespecs.com\/no\/wp-json\/wp\/v2\/pages\/7623","targetHints":{"allow":["GET"]}}],"collection":[{"href":"https:\/\/www.maximagespecs.com\/no\/wp-json\/wp\/v2\/pages"}],"about":[{"href":"https:\/\/www.maximagespecs.com\/no\/wp-json\/wp\/v2\/types\/page"}],"author":[{"embeddable":true,"href":"https:\/\/www.maximagespecs.com\/no\/wp-json\/wp\/v2\/users\/1"}],"replies":[{"embeddable":true,"href":"https:\/\/www.maximagespecs.com\/no\/wp-json\/wp\/v2\/comments?post=7623"}],"version-history":[{"count":0,"href":"https:\/\/www.maximagespecs.com\/no\/wp-json\/wp\/v2\/pages\/7623\/revisions"}],"wp:attachment":[{"href":"https:\/\/www.maximagespecs.com\/no\/wp-json\/wp\/v2\/media?parent=7623"}],"curies":[{"name":"wp","href":"https:\/\/api.w.org\/{rel}","templated":true}]}}