{"id":8779,"date":"2023-09-25T20:47:14","date_gmt":"2023-09-25T20:47:14","guid":{"rendered":"https:\/\/www.maximagespecs.com\/sending\/"},"modified":"2024-01-24T22:35:16","modified_gmt":"2024-01-24T22:35:16","slug":"sending","status":"publish","type":"page","link":"https:\/\/www.maximagespecs.com\/is\/sending\/","title":{"rendered":"Sending"},"content":{"rendered":"","protected":false},"excerpt":{"rendered":"","protected":false},"author":1,"featured_media":0,"parent":0,"menu_order":0,"comment_status":"closed","ping_status":"closed","template":"","meta":{"_acf_changed":false,"footnotes":""},"class_list":["post-8779","page","type-page","status-publish","hentry"],"acf":{"page_builder":[{"acf_fc_layout":"split_content","title":"Flutningslei\u00f0beiningar:","content":"Til a\u00f0 h\u00e1marka st\u00e6r\u00f0ir \u00e1 myndskr\u00e1m fyrir birtingu \u00ed appi, skaltu flytja myndir \u00fat \u00e1 eftirfarandi h\u00e1tt:\r\n<ol>\r\n \t<li>Sj\u00e1\u00f0u til \u00feess a\u00f0 r\u00e9tt sni\u00f0 s\u00e9 fyrir eignir<\/li>\r\n \t<li>Ekki l\u00e1ta l\u00fdsig\u00f6gn fylgja<\/li>\r\n \t<li>Breyttu \u00ed sRGB<\/li>\r\n \t<li>Ekki fella inn litpr\u00f3f\u00edl<\/li>\r\n<\/ol>\r\nVinsamlegast athuga\u00f0u a\u00f0 allar eignir \u00feurfa a\u00f0 vera 10MB e\u00f0a minni!","right_content_type":"image","image":2913,"html":""},{"acf_fc_layout":"split_content","title":"Skr\u00e1arnefning:","content":"<ul>\r\n \t<li>Skr\u00e1arnafn m\u00e1 helst ekki vera lengra en 150 stafir (\u00e1n framlenginga eins og \u201e.jpg\u201c e\u00f0a \u201e.png\u201c)<\/li>\r\n<\/ul>\r\n<ul>\r\n \t<li>Engin s\u00e9rt\u00e1kn (t.d. ! @ # $ % {} &lt;&gt; | ?)<\/li>\r\n<\/ul>\r\n<ul>\r\n \t<li>Engin au\u00f0 sv\u00e6\u00f0i - vinsamlegast nota\u00f0u undirstrikun e\u00f0a strik \u00fear sem \u00fea\u00f0 er lagt til<\/li>\r\n<\/ul>","right_content_type":"html","image":null,"html":"<table class=\"table\">\r\n<tbody>\r\n<tr>\r\n<td align=\"left\">\r\n<h6><span style=\"color: #99cc00;\">Au\u00f0kenni<\/span><\/h6>\r\n<\/td>\r\n<td align=\"left\">SCRID samkv\u00e6mt h\u00f6nnunarstj\u00f3rnunarteymi. Vinsamlegast settu \u201cSCRID\u201d-t\u00e1kni\u00f0 me\u00f0 \u00ed skr\u00e1arnafninu.<\/td>\r\n<\/tr>\r\n<tr>\r\n<td align=\"left\">\r\n<h6><span style=\"color: #bac7ff;\">Heimild<\/span><\/h6>\r\n<\/td>\r\n<td align=\"left\">Skammst\u00f6fun net- e\u00f0a st\u00fad\u00ed\u00f3heitis<\/td>\r\n<\/tr>\r\n<tr>\r\n<td align=\"left\">\r\n<h6><span style=\"color: #ffcc00;\">ContentDescription_Dimensions<\/span><\/h6>\r\n<\/td>\r\n<td align=\"left\">Uppl\u00fdsingarreitur \u00ed frj\u00e1lsu formi sem inniheldur eignav\u00edddir. Fyrir \u00fe\u00e1ttaeignir skaltu taka \u00fe\u00e1ttar\u00f6\u00f0ina me\u00f0 og uppl\u00fdsingar um \u00fe\u00e6tti.<\/td>\r\n<\/tr>\r\n<tr>\r\n<td align=\"left\">\r\n<h6><span style=\"color: #ff6600;\">\u00c1r<\/span><\/h6>\r\n<\/td>\r\n<td align=\"left\">\u00c1ri\u00f0 sem \u00feetta efni var upphaflega gefi\u00f0 \u00fat.<\/td>\r\n<\/tr>\r\n<tr>\r\n<td align=\"left\">\r\n<h6><span style=\"color: #c4069a;\">Au\u00f0kenni tungum\u00e1ls<\/span><\/h6>\r\n<\/td>\r\n<td align=\"left\">Vinsamlegast nota\u00f0u \u201eLAN-en-US\u201c fyrir ensku e\u00f0a skildu sta\u00f0gengil eftir ef \u00fe\u00fa ert ekki viss. Og fyrir textalausar myndir vinsamlegast nota\u00f0u tungum\u00e1li\u00f0 \u201eLAN-zxx\u201c<\/td>\r\n<\/tr>\r\n<tr>\r\n<td align=\"left\">\r\n<h6><span style=\"color: #cc99ff;\">Tilgangur<\/span><\/h6>\r\n<\/td>\r\n<td align=\"left\">Au\u00f0kenni eignategundar (sj\u00e1 <a href=\"https:\/\/www.maximagespecs.com\/image-specs\/\">forskr.-lista<\/a> til a\u00f0 sta\u00f0setja). Vinsamlegast settu \u201ePUR\u201c-t\u00e1kni\u00f0 me\u00f0 \u00ed skr\u00e1arnafninu.<\/td>\r\n<\/tr>\r\n<\/tbody>\r\n<\/table>\r\n<strong>D\u00e6mi um lykilgrein kvikmyndar:<\/strong>\r\n<span style=\"color: #99cc00;\">SCRID-17024669,14128757<\/span>_<span style=\"color: #bac7ff;\">WB<\/span>_<span style=\"color: #ffcc00;\">Dunkirk_3840x2160<\/span>_<span style=\"color: #ff6600;\">2017<\/span>_<span style=\"color: #c4069a;\">LAN-en-US<\/span>_<span style=\"color: #cc99ff;\">PUR-tileburnedin<\/span>.jpg\r\n\r\n<strong>Series Key Art Example:<\/strong>\r\n<span style=\"color: #99cc00;\">SCRID-15901387,15901563<\/span>_<span style=\"color: #bac7ff;\">HBO<\/span>_<span style=\"color: #ffcc00;\">TheIdolS1_4320X1300<\/span>_<span style=\"color: #ff6600;\">2023<\/span>_<span style=\"color: #c4069a;\">LAN-en-US<\/span>_<span style=\"color: #cc99ff;\">PUR-logo<\/span>.jpg\r\n\r\n<strong>Episode Example:<\/strong>\r\n<span style=\"color: #99cc00;\">SCRID-16992465<\/span>_<span style=\"color: #bac7ff;\">HBO<\/span>_<span style=\"color: #ffcc00;\">TheIdolS1E1_1680X3636<\/span>_<span style=\"color: #ff6600;\">2023<\/span>_<span style=\"color: #c4069a;\">LAN-en-US<\/span>_<span style=\"color: #cc99ff;\">PUR-tile<\/span>.jpg"},{"acf_fc_layout":"split_content","title":"Box-drif:","content":"<ul>\r\n \t<li>Vi\u00f0 munum deila m\u00f6ppu me\u00f0 \u00fe\u00e9r \u00e1 Box-drifinu okkar<\/li>\r\n<\/ul>\r\n<ul>\r\n \t<li>Vinsamlega slepptu \u00f6llum nau\u00f0synlegum eignum h\u00e9r svo a\u00f0 h\u00f6nnunarstj\u00f3rnunarteymi\u00f0 okkar geti teki\u00f0 g\u00e6\u00f0ak\u00f6nnun, fylgst me\u00f0 og framkv\u00e6mt \u00farr\u00e6\u00f0aleit ef \u00fe\u00f6rf krefur<\/li>\r\n<\/ul>","right_content_type":"image","image":2945,"html":""}]},"yoast_head":"<!-- This site is optimized with the Yoast SEO plugin v27.6 - https:\/\/yoast.com\/product\/yoast-seo-wordpress\/ -->\n<title>Sending - Max Image Specs<\/title>\n<meta name=\"robots\" content=\"index, follow, max-snippet:-1, max-image-preview:large, max-video-preview:-1\" \/>\n<link rel=\"canonical\" href=\"https:\/\/www.maximagespecs.com\/is\/sending\/\" \/>\n<meta property=\"og:locale\" content=\"is_IS\" \/>\n<meta property=\"og:type\" content=\"article\" \/>\n<meta property=\"og:title\" content=\"Sending - Max Image Specs\" \/>\n<meta property=\"og:url\" content=\"https:\/\/www.maximagespecs.com\/is\/sending\/\" \/>\n<meta property=\"og:site_name\" content=\"Max Image Specs\" \/>\n<meta property=\"article:modified_time\" content=\"2024-01-24T22:35:16+00:00\" \/>\n<meta name=\"twitter:card\" content=\"summary_large_image\" \/>\n<script type=\"application\/ld+json\" class=\"yoast-schema-graph\">{\"@context\":\"https:\\\/\\\/schema.org\",\"@graph\":[{\"@type\":\"WebPage\",\"@id\":\"https:\\\/\\\/www.maximagespecs.com\\\/is\\\/sending\\\/\",\"url\":\"https:\\\/\\\/www.maximagespecs.com\\\/is\\\/sending\\\/\",\"name\":\"Sending - Max Image Specs\",\"isPartOf\":{\"@id\":\"https:\\\/\\\/s45176.p1648.sites.pressdns.com\\\/#website\"},\"datePublished\":\"2023-09-25T20:47:14+00:00\",\"dateModified\":\"2024-01-24T22:35:16+00:00\",\"inLanguage\":\"is\",\"potentialAction\":[{\"@type\":\"ReadAction\",\"target\":[\"https:\\\/\\\/www.maximagespecs.com\\\/is\\\/sending\\\/\"]}]},{\"@type\":\"WebSite\",\"@id\":\"https:\\\/\\\/s45176.p1648.sites.pressdns.com\\\/#website\",\"url\":\"https:\\\/\\\/s45176.p1648.sites.pressdns.com\\\/\",\"name\":\"Max Image Specs\",\"description\":\"\",\"potentialAction\":[{\"@type\":\"SearchAction\",\"target\":{\"@type\":\"EntryPoint\",\"urlTemplate\":\"https:\\\/\\\/s45176.p1648.sites.pressdns.com\\\/?s={search_term_string}\"},\"query-input\":{\"@type\":\"PropertyValueSpecification\",\"valueRequired\":true,\"valueName\":\"search_term_string\"}}],\"inLanguage\":\"is\"}]}<\/script>\n<!-- \/ Yoast SEO plugin. -->","yoast_head_json":{"title":"Sending - Max Image Specs","robots":{"index":"index","follow":"follow","max-snippet":"max-snippet:-1","max-image-preview":"max-image-preview:large","max-video-preview":"max-video-preview:-1"},"canonical":"https:\/\/www.maximagespecs.com\/is\/sending\/","og_locale":"is_IS","og_type":"article","og_title":"Sending - Max Image Specs","og_url":"https:\/\/www.maximagespecs.com\/is\/sending\/","og_site_name":"Max Image Specs","article_modified_time":"2024-01-24T22:35:16+00:00","twitter_card":"summary_large_image","schema":{"@context":"https:\/\/schema.org","@graph":[{"@type":"WebPage","@id":"https:\/\/www.maximagespecs.com\/is\/sending\/","url":"https:\/\/www.maximagespecs.com\/is\/sending\/","name":"Sending - Max Image Specs","isPartOf":{"@id":"https:\/\/s45176.p1648.sites.pressdns.com\/#website"},"datePublished":"2023-09-25T20:47:14+00:00","dateModified":"2024-01-24T22:35:16+00:00","inLanguage":"is","potentialAction":[{"@type":"ReadAction","target":["https:\/\/www.maximagespecs.com\/is\/sending\/"]}]},{"@type":"WebSite","@id":"https:\/\/s45176.p1648.sites.pressdns.com\/#website","url":"https:\/\/s45176.p1648.sites.pressdns.com\/","name":"Max Image Specs","description":"","potentialAction":[{"@type":"SearchAction","target":{"@type":"EntryPoint","urlTemplate":"https:\/\/s45176.p1648.sites.pressdns.com\/?s={search_term_string}"},"query-input":{"@type":"PropertyValueSpecification","valueRequired":true,"valueName":"search_term_string"}}],"inLanguage":"is"}]}},"_links":{"self":[{"href":"https:\/\/www.maximagespecs.com\/is\/wp-json\/wp\/v2\/pages\/8779","targetHints":{"allow":["GET"]}}],"collection":[{"href":"https:\/\/www.maximagespecs.com\/is\/wp-json\/wp\/v2\/pages"}],"about":[{"href":"https:\/\/www.maximagespecs.com\/is\/wp-json\/wp\/v2\/types\/page"}],"author":[{"embeddable":true,"href":"https:\/\/www.maximagespecs.com\/is\/wp-json\/wp\/v2\/users\/1"}],"replies":[{"embeddable":true,"href":"https:\/\/www.maximagespecs.com\/is\/wp-json\/wp\/v2\/comments?post=8779"}],"version-history":[{"count":0,"href":"https:\/\/www.maximagespecs.com\/is\/wp-json\/wp\/v2\/pages\/8779\/revisions"}],"wp:attachment":[{"href":"https:\/\/www.maximagespecs.com\/is\/wp-json\/wp\/v2\/media?parent=8779"}],"curies":[{"name":"wp","href":"https:\/\/api.w.org\/{rel}","templated":true}]}}