{"id":8777,"date":"2023-09-25T20:32:02","date_gmt":"2023-09-25T20:32:02","guid":{"rendered":"https:\/\/www.maximagespecs.com\/forskriftir-myndar\/"},"modified":"2024-01-23T09:04:21","modified_gmt":"2024-01-23T09:04:21","slug":"forskriftir-myndar","status":"publish","type":"page","link":"https:\/\/www.maximagespecs.com\/is\/forskriftir-myndar\/","title":{"rendered":"Forskriftir myndar"},"content":{"rendered":"","protected":false},"excerpt":{"rendered":"","protected":false},"author":1,"featured_media":0,"parent":0,"menu_order":0,"comment_status":"closed","ping_status":"closed","template":"","meta":{"_acf_changed":false,"footnotes":""},"class_list":["post-8777","page","type-page","status-publish","hentry"],"acf":{"page_builder":[{"acf_fc_layout":"image_specs","section_background_color":"background","title":"","description":"","display_type":"image-spec"},{"acf_fc_layout":"image_specs","section_background_color":"background","title":"\u00de\u00e1ttara\u00f0amyndir","description":"","display_type":"episodic-image"},{"acf_fc_layout":"image_specs","section_background_color":"background","title":"Valkv\u00e6\u00f0ar myndir","description":"\u00de\u00f3 a\u00f0 \u00feessir eiginleikar s\u00e9u valfrj\u00e1lsir, eru \u00feeir nota\u00f0ir af s\u00f6fnunara\u00f0ilum eins og \u201eUniversal Search\u201c Apple TV og er \u00fev\u00ed m\u00e6lt me\u00f0 \u00feeim til a\u00f0 n\u00e1 til sem brei\u00f0asta markh\u00f3psins.","display_type":"optional-image"}]},"yoast_head":"<!-- This site is optimized with the Yoast SEO plugin v27.6 - https:\/\/yoast.com\/product\/yoast-seo-wordpress\/ -->\n<title>Forskriftir myndar - Max Image Specs<\/title>\n<meta name=\"robots\" content=\"index, follow, max-snippet:-1, max-image-preview:large, max-video-preview:-1\" \/>\n<link rel=\"canonical\" href=\"https:\/\/www.maximagespecs.com\/is\/forskriftir-myndar\/\" \/>\n<meta property=\"og:locale\" content=\"is_IS\" \/>\n<meta property=\"og:type\" content=\"article\" \/>\n<meta property=\"og:title\" content=\"Forskriftir myndar - Max Image Specs\" \/>\n<meta property=\"og:url\" content=\"https:\/\/www.maximagespecs.com\/is\/forskriftir-myndar\/\" \/>\n<meta property=\"og:site_name\" content=\"Max Image Specs\" \/>\n<meta property=\"article:modified_time\" content=\"2024-01-23T09:04:21+00:00\" \/>\n<meta name=\"twitter:card\" content=\"summary_large_image\" \/>\n<script type=\"application\/ld+json\" class=\"yoast-schema-graph\">{\"@context\":\"https:\\\/\\\/schema.org\",\"@graph\":[{\"@type\":\"WebPage\",\"@id\":\"https:\\\/\\\/www.maximagespecs.com\\\/is\\\/forskriftir-myndar\\\/\",\"url\":\"https:\\\/\\\/www.maximagespecs.com\\\/is\\\/forskriftir-myndar\\\/\",\"name\":\"Forskriftir myndar - Max Image Specs\",\"isPartOf\":{\"@id\":\"https:\\\/\\\/s45176.p1648.sites.pressdns.com\\\/#website\"},\"datePublished\":\"2023-09-25T20:32:02+00:00\",\"dateModified\":\"2024-01-23T09:04:21+00:00\",\"inLanguage\":\"is\",\"potentialAction\":[{\"@type\":\"ReadAction\",\"target\":[\"https:\\\/\\\/www.maximagespecs.com\\\/is\\\/forskriftir-myndar\\\/\"]}]},{\"@type\":\"WebSite\",\"@id\":\"https:\\\/\\\/s45176.p1648.sites.pressdns.com\\\/#website\",\"url\":\"https:\\\/\\\/s45176.p1648.sites.pressdns.com\\\/\",\"name\":\"Max Image Specs\",\"description\":\"\",\"potentialAction\":[{\"@type\":\"SearchAction\",\"target\":{\"@type\":\"EntryPoint\",\"urlTemplate\":\"https:\\\/\\\/s45176.p1648.sites.pressdns.com\\\/?s={search_term_string}\"},\"query-input\":{\"@type\":\"PropertyValueSpecification\",\"valueRequired\":true,\"valueName\":\"search_term_string\"}}],\"inLanguage\":\"is\"}]}<\/script>\n<!-- \/ Yoast SEO plugin. -->","yoast_head_json":{"title":"Forskriftir myndar - Max Image Specs","robots":{"index":"index","follow":"follow","max-snippet":"max-snippet:-1","max-image-preview":"max-image-preview:large","max-video-preview":"max-video-preview:-1"},"canonical":"https:\/\/www.maximagespecs.com\/is\/forskriftir-myndar\/","og_locale":"is_IS","og_type":"article","og_title":"Forskriftir myndar - Max Image Specs","og_url":"https:\/\/www.maximagespecs.com\/is\/forskriftir-myndar\/","og_site_name":"Max Image Specs","article_modified_time":"2024-01-23T09:04:21+00:00","twitter_card":"summary_large_image","schema":{"@context":"https:\/\/schema.org","@graph":[{"@type":"WebPage","@id":"https:\/\/www.maximagespecs.com\/is\/forskriftir-myndar\/","url":"https:\/\/www.maximagespecs.com\/is\/forskriftir-myndar\/","name":"Forskriftir myndar - Max Image Specs","isPartOf":{"@id":"https:\/\/s45176.p1648.sites.pressdns.com\/#website"},"datePublished":"2023-09-25T20:32:02+00:00","dateModified":"2024-01-23T09:04:21+00:00","inLanguage":"is","potentialAction":[{"@type":"ReadAction","target":["https:\/\/www.maximagespecs.com\/is\/forskriftir-myndar\/"]}]},{"@type":"WebSite","@id":"https:\/\/s45176.p1648.sites.pressdns.com\/#website","url":"https:\/\/s45176.p1648.sites.pressdns.com\/","name":"Max Image Specs","description":"","potentialAction":[{"@type":"SearchAction","target":{"@type":"EntryPoint","urlTemplate":"https:\/\/s45176.p1648.sites.pressdns.com\/?s={search_term_string}"},"query-input":{"@type":"PropertyValueSpecification","valueRequired":true,"valueName":"search_term_string"}}],"inLanguage":"is"}]}},"_links":{"self":[{"href":"https:\/\/www.maximagespecs.com\/is\/wp-json\/wp\/v2\/pages\/8777","targetHints":{"allow":["GET"]}}],"collection":[{"href":"https:\/\/www.maximagespecs.com\/is\/wp-json\/wp\/v2\/pages"}],"about":[{"href":"https:\/\/www.maximagespecs.com\/is\/wp-json\/wp\/v2\/types\/page"}],"author":[{"embeddable":true,"href":"https:\/\/www.maximagespecs.com\/is\/wp-json\/wp\/v2\/users\/1"}],"replies":[{"embeddable":true,"href":"https:\/\/www.maximagespecs.com\/is\/wp-json\/wp\/v2\/comments?post=8777"}],"version-history":[{"count":0,"href":"https:\/\/www.maximagespecs.com\/is\/wp-json\/wp\/v2\/pages\/8777\/revisions"}],"wp:attachment":[{"href":"https:\/\/www.maximagespecs.com\/is\/wp-json\/wp\/v2\/media?parent=8777"}],"curies":[{"name":"wp","href":"https:\/\/api.w.org\/{rel}","templated":true}]}}