{"id":7527,"date":"2023-09-25T20:32:02","date_gmt":"2023-09-25T20:32:02","guid":{"rendered":"https:\/\/www.maximagespecs.com\/kepadatok\/"},"modified":"2023-09-25T20:32:02","modified_gmt":"2023-09-25T20:32:02","slug":"kepadatok","status":"publish","type":"page","link":"https:\/\/www.maximagespecs.com\/hu\/kepadatok\/","title":{"rendered":"K\u00e9padatok"},"content":{"rendered":"","protected":false},"excerpt":{"rendered":"","protected":false},"author":1,"featured_media":0,"parent":0,"menu_order":0,"comment_status":"closed","ping_status":"closed","template":"","meta":{"_acf_changed":false,"footnotes":""},"class_list":["post-7527","page","type-page","status-publish","hentry"],"acf":{"page_builder":[{"acf_fc_layout":"image_specs","section_background_color":"background","title":"","description":"","display_type":"image-spec"},{"acf_fc_layout":"image_specs","section_background_color":"background","title":"Epizodikus k\u00e9pek","description":"","display_type":"episodic-image"},{"acf_fc_layout":"image_specs","section_background_color":"background","title":"V\u00e1laszthat\u00f3 k\u00e9pek","description":"B\u00e1r ezek az eszk\u00f6z\u00f6k opcion\u00e1lisak, ezeket olyan aggreg\u00e1torok haszn\u00e1lj\u00e1k, mint az Apple TV \u201euniverz\u00e1lis keres\u0151je\", ez\u00e9rt ezek aj\u00e1nlottak a lehet\u0151 legsz\u00e9lesebb k\u00f6z\u00f6ns\u00e9g el\u00e9r\u00e9se \u00e9rdek\u00e9ben.","display_type":"optional-image"}]},"yoast_head":"<!-- This site is optimized with the Yoast SEO plugin v27.3 - https:\/\/yoast.com\/product\/yoast-seo-wordpress\/ -->\n<title>K\u00e9padatok - Max Image Specs<\/title>\n<meta name=\"robots\" content=\"index, follow, max-snippet:-1, max-image-preview:large, max-video-preview:-1\" \/>\n<link rel=\"canonical\" href=\"https:\/\/www.maximagespecs.com\/hu\/kepadatok\/\" \/>\n<meta property=\"og:locale\" content=\"hu_HU\" \/>\n<meta property=\"og:type\" content=\"article\" \/>\n<meta property=\"og:title\" content=\"K\u00e9padatok - Max Image Specs\" \/>\n<meta property=\"og:url\" content=\"https:\/\/www.maximagespecs.com\/hu\/kepadatok\/\" \/>\n<meta property=\"og:site_name\" content=\"Max Image Specs\" \/>\n<meta name=\"twitter:card\" content=\"summary_large_image\" \/>\n<script type=\"application\/ld+json\" class=\"yoast-schema-graph\">{\"@context\":\"https:\\\/\\\/schema.org\",\"@graph\":[{\"@type\":\"WebPage\",\"@id\":\"https:\\\/\\\/www.maximagespecs.com\\\/hu\\\/kepadatok\\\/\",\"url\":\"https:\\\/\\\/www.maximagespecs.com\\\/hu\\\/kepadatok\\\/\",\"name\":\"K\u00e9padatok - Max Image Specs\",\"isPartOf\":{\"@id\":\"https:\\\/\\\/s45176.p1648.sites.pressdns.com\\\/#website\"},\"datePublished\":\"2023-09-25T20:32:02+00:00\",\"inLanguage\":\"hu\",\"potentialAction\":[{\"@type\":\"ReadAction\",\"target\":[\"https:\\\/\\\/www.maximagespecs.com\\\/hu\\\/kepadatok\\\/\"]}]},{\"@type\":\"WebSite\",\"@id\":\"https:\\\/\\\/s45176.p1648.sites.pressdns.com\\\/#website\",\"url\":\"https:\\\/\\\/s45176.p1648.sites.pressdns.com\\\/\",\"name\":\"Max Image Specs\",\"description\":\"\",\"potentialAction\":[{\"@type\":\"SearchAction\",\"target\":{\"@type\":\"EntryPoint\",\"urlTemplate\":\"https:\\\/\\\/s45176.p1648.sites.pressdns.com\\\/?s={search_term_string}\"},\"query-input\":{\"@type\":\"PropertyValueSpecification\",\"valueRequired\":true,\"valueName\":\"search_term_string\"}}],\"inLanguage\":\"hu\"}]}<\/script>\n<!-- \/ Yoast SEO plugin. -->","yoast_head_json":{"title":"K\u00e9padatok - Max Image Specs","robots":{"index":"index","follow":"follow","max-snippet":"max-snippet:-1","max-image-preview":"max-image-preview:large","max-video-preview":"max-video-preview:-1"},"canonical":"https:\/\/www.maximagespecs.com\/hu\/kepadatok\/","og_locale":"hu_HU","og_type":"article","og_title":"K\u00e9padatok - Max Image Specs","og_url":"https:\/\/www.maximagespecs.com\/hu\/kepadatok\/","og_site_name":"Max Image Specs","twitter_card":"summary_large_image","schema":{"@context":"https:\/\/schema.org","@graph":[{"@type":"WebPage","@id":"https:\/\/www.maximagespecs.com\/hu\/kepadatok\/","url":"https:\/\/www.maximagespecs.com\/hu\/kepadatok\/","name":"K\u00e9padatok - Max Image Specs","isPartOf":{"@id":"https:\/\/s45176.p1648.sites.pressdns.com\/#website"},"datePublished":"2023-09-25T20:32:02+00:00","inLanguage":"hu","potentialAction":[{"@type":"ReadAction","target":["https:\/\/www.maximagespecs.com\/hu\/kepadatok\/"]}]},{"@type":"WebSite","@id":"https:\/\/s45176.p1648.sites.pressdns.com\/#website","url":"https:\/\/s45176.p1648.sites.pressdns.com\/","name":"Max Image Specs","description":"","potentialAction":[{"@type":"SearchAction","target":{"@type":"EntryPoint","urlTemplate":"https:\/\/s45176.p1648.sites.pressdns.com\/?s={search_term_string}"},"query-input":{"@type":"PropertyValueSpecification","valueRequired":true,"valueName":"search_term_string"}}],"inLanguage":"hu"}]}},"_links":{"self":[{"href":"https:\/\/www.maximagespecs.com\/hu\/wp-json\/wp\/v2\/pages\/7527","targetHints":{"allow":["GET"]}}],"collection":[{"href":"https:\/\/www.maximagespecs.com\/hu\/wp-json\/wp\/v2\/pages"}],"about":[{"href":"https:\/\/www.maximagespecs.com\/hu\/wp-json\/wp\/v2\/types\/page"}],"author":[{"embeddable":true,"href":"https:\/\/www.maximagespecs.com\/hu\/wp-json\/wp\/v2\/users\/1"}],"replies":[{"embeddable":true,"href":"https:\/\/www.maximagespecs.com\/hu\/wp-json\/wp\/v2\/comments?post=7527"}],"version-history":[{"count":0,"href":"https:\/\/www.maximagespecs.com\/hu\/wp-json\/wp\/v2\/pages\/7527\/revisions"}],"wp:attachment":[{"href":"https:\/\/www.maximagespecs.com\/hu\/wp-json\/wp\/v2\/media?parent=7527"}],"curies":[{"name":"wp","href":"https:\/\/api.w.org\/{rel}","templated":true}]}}