{"id":8262,"date":"2023-09-25T20:47:14","date_gmt":"2023-09-25T20:47:14","guid":{"rendered":"https:\/\/www.maximagespecs.com\/prijenos\/"},"modified":"2024-01-24T09:25:47","modified_gmt":"2024-01-24T09:25:47","slug":"prijenos","status":"publish","type":"page","link":"https:\/\/www.maximagespecs.com\/hr\/prijenos\/","title":{"rendered":"Prijenos"},"content":{"rendered":"","protected":false},"excerpt":{"rendered":"","protected":false},"author":1,"featured_media":0,"parent":0,"menu_order":0,"comment_status":"closed","ping_status":"closed","template":"","meta":{"_acf_changed":false,"footnotes":""},"class_list":["post-8262","page","type-page","status-publish","hentry"],"acf":{"page_builder":[{"acf_fc_layout":"split_content","title":"Smjernice za izvoz:","content":"Kako biste optimizirali veli\u010dine slikovnih datoteka i omogu\u0107ili da se one unutar aplikacije prikazuju na prikladan na\u010din, izvezite slike kako slijedi:\r\n<ol>\r\n \t<li>Pobrinite se da upotrebljavate ispravan format za odgovaraju\u0107u vrstu sredstva<\/li>\r\n \t<li>Nemojte uklju\u010divati metapodatke<\/li>\r\n \t<li>Pretvorite datoteke u prostor boja sRGB<\/li>\r\n \t<li>Nemojte ugra\u0111ivati profil boje<\/li>\r\n<\/ol>\r\nImajte na umu da sve stavke moraju biti veli\u010dine 10 MB ili manje!","right_content_type":"image","image":2905,"html":""},{"acf_fc_layout":"split_content","title":"Imenovanje datoteka:","content":"<ul>\r\n \t<li>Po\u017eeljno je da naziv datoteke nema vi\u0161e od 150 znakova (ne uklju\u010duju\u0107i ekstenzije poput \u201e.jpg\u201c ili .png\u201c)<\/li>\r\n<\/ul>\r\n<ul>\r\n \t<li>Bez posebnih znakova (npr. ! @ # $ % {} &lt;&gt; | ?)<\/li>\r\n<\/ul>\r\n<ul>\r\n \t<li>Bez praznih mjesta \u2013 upotrebljavajte podvlake ili crtice gdje je to predlo\u017eeno<\/li>\r\n<\/ul>","right_content_type":"html","image":null,"html":"<table class=\"table\">\r\n<tbody>\r\n<tr>\r\n<td align=\"left\">\r\n<h6><span style=\"color: #99cc00;\">ID broj<\/span><\/h6>\r\n<\/td>\r\n<td align=\"left\">Identifikacijske oznake za SCRID koje pru\u017ea tim za upravljanje dizajnom. Identifikacijske oznake za SCRID koje pru\u017ea tim za upravljanje dizajnom. Naziv datoteke treba sadr\u017eavati token \u201eSCRID-\u201c.<\/td>\r\n<\/tr>\r\n<tr>\r\n<td align=\"left\">\r\n<h6><span style=\"color: #bac7ff;\">Izvor<\/span><\/h6>\r\n<\/td>\r\n<td align=\"left\">Skra\u0107eni naziv mre\u017ee ili studija<\/td>\r\n<\/tr>\r\n<tr>\r\n<td align=\"left\">\r\n<h6><span style=\"color: #ffcc00;\">Opis sadr\u017eaja _ Dimenzije<\/span><\/h6>\r\n<\/td>\r\n<td align=\"left\">Polje slobodnog oblika za uno\u0161enje pojedinosti koje uklju\u010duje dimenzije stavki. Za stavku epizode uklju\u010dite informacije o sezoni i epizodi.<\/td>\r\n<\/tr>\r\n<tr>\r\n<td align=\"left\">\r\n<h6><span style=\"color: #ff6600;\">Godina<\/span><\/h6>\r\n<\/td>\r\n<td align=\"left\">Godina kad je ovaj sadr\u017eaj prvi put objavljen.<\/td>\r\n<\/tr>\r\n<tr>\r\n<td align=\"left\">\r\n<h6><span style=\"color: #c4069a;\">Identifikator jezika<\/span><\/h6>\r\n<\/td>\r\n<td align=\"left\">Upotrebljavajte \u201eLAN-en-US\u201c za engleski jezik ili ostavite mjesto ako niste sigurni. A za slike bez teksta upotrebljavajte jezik \u201eLAN-zxx\u201c<\/td>\r\n<\/tr>\r\n<tr>\r\n<td align=\"left\">\r\n<h6><span style=\"color: #cc99ff;\">Svrha<\/span><\/h6>\r\n<\/td>\r\n<td align=\"left\">Identifikator vrste stavke (pogledajte <a href=\"https:\/\/www.maximagespecs.com\/image-specs\/\">popis specifikacija<\/a> kako biste je prona\u0161li). Naziv datoteke treba sadr\u017eavati token \u201ePUR-\u201c.<\/td>\r\n<\/tr>\r\n<\/tbody>\r\n<\/table>\r\n<strong>Primjer prikaza klju\u010da za film:<\/strong>\r\n<span style=\"color: #99cc00;\">SCRID-17024669,14128757<\/span>_<span style=\"color: #bac7ff;\">WB<\/span>_<span style=\"color: #ffcc00;\">Dunkirk_3840x2160<\/span>_<span style=\"color: #ff6600;\">2017<\/span>_<span style=\"color: #c4069a;\">LAN-en-US<\/span>_<span style=\"color: #cc99ff;\">PUR-tileburnedin<\/span>.jpg\r\n\r\n<strong>Primjer prikaza klju\u010da za seriju:<\/strong>\r\n<span style=\"color: #99cc00;\">SCRID-15901387,15901563<\/span>_<span style=\"color: #bac7ff;\">HBO<\/span>_<span style=\"color: #ffcc00;\">TheIdolS1_4320X1300<\/span>_<span style=\"color: #ff6600;\">2023<\/span>_<span style=\"color: #c4069a;\">LAN-en-US<\/span>_<span style=\"color: #cc99ff;\">PUR-logo<\/span>.jpg\r\n\r\n<strong>Primjer za epizodu:<\/strong>\r\n<span style=\"color: #99cc00;\">SCRID-16992465<\/span>_<span style=\"color: #bac7ff;\">HBO<\/span>_<span style=\"color: #ffcc00;\">TheIdolS1E1_1680X3636<\/span>_<span style=\"color: #ff6600;\">2023<\/span>_<span style=\"color: #c4069a;\">LAN-en-US<\/span>_<span style=\"color: #cc99ff;\">PUR-tile<\/span>.jpg"},{"acf_fc_layout":"split_content","title":"Disk usluge Box:","content":"<ul>\r\n \t<li>Podijelit \u0107emo s vama mapu na na\u0161em disku usluge Box<\/li>\r\n<\/ul>\r\n<ul>\r\n \t<li>Tamo smjestite sve potrebne stavke kako bi na\u0161 tim za upravljanje dizajnom mogao provoditi kontrolu kvalitete, kao i pratiti i rje\u0161avati probleme ako bude potrebno<\/li>\r\n<\/ul>","right_content_type":"image","image":2937,"html":""}]},"yoast_head":"<!-- This site is optimized with the Yoast SEO plugin v27.3 - https:\/\/yoast.com\/product\/yoast-seo-wordpress\/ -->\n<title>Prijenos - Max Image Specs<\/title>\n<meta name=\"robots\" content=\"index, follow, max-snippet:-1, max-image-preview:large, max-video-preview:-1\" \/>\n<link rel=\"canonical\" href=\"https:\/\/www.maximagespecs.com\/hr\/prijenos\/\" \/>\n<meta property=\"og:locale\" content=\"hr_HR\" \/>\n<meta property=\"og:type\" content=\"article\" \/>\n<meta property=\"og:title\" content=\"Prijenos - Max Image Specs\" \/>\n<meta property=\"og:url\" content=\"https:\/\/www.maximagespecs.com\/hr\/prijenos\/\" \/>\n<meta property=\"og:site_name\" content=\"Max Image Specs\" \/>\n<meta property=\"article:modified_time\" content=\"2024-01-24T09:25:47+00:00\" \/>\n<meta name=\"twitter:card\" content=\"summary_large_image\" \/>\n<script type=\"application\/ld+json\" class=\"yoast-schema-graph\">{\"@context\":\"https:\\\/\\\/schema.org\",\"@graph\":[{\"@type\":\"WebPage\",\"@id\":\"https:\\\/\\\/www.maximagespecs.com\\\/hr\\\/prijenos\\\/\",\"url\":\"https:\\\/\\\/www.maximagespecs.com\\\/hr\\\/prijenos\\\/\",\"name\":\"Prijenos - Max Image Specs\",\"isPartOf\":{\"@id\":\"https:\\\/\\\/s45176.p1648.sites.pressdns.com\\\/#website\"},\"datePublished\":\"2023-09-25T20:47:14+00:00\",\"dateModified\":\"2024-01-24T09:25:47+00:00\",\"inLanguage\":\"hr\",\"potentialAction\":[{\"@type\":\"ReadAction\",\"target\":[\"https:\\\/\\\/www.maximagespecs.com\\\/hr\\\/prijenos\\\/\"]}]},{\"@type\":\"WebSite\",\"@id\":\"https:\\\/\\\/s45176.p1648.sites.pressdns.com\\\/#website\",\"url\":\"https:\\\/\\\/s45176.p1648.sites.pressdns.com\\\/\",\"name\":\"Max Image Specs\",\"description\":\"\",\"potentialAction\":[{\"@type\":\"SearchAction\",\"target\":{\"@type\":\"EntryPoint\",\"urlTemplate\":\"https:\\\/\\\/s45176.p1648.sites.pressdns.com\\\/?s={search_term_string}\"},\"query-input\":{\"@type\":\"PropertyValueSpecification\",\"valueRequired\":true,\"valueName\":\"search_term_string\"}}],\"inLanguage\":\"hr\"}]}<\/script>\n<!-- \/ Yoast SEO plugin. -->","yoast_head_json":{"title":"Prijenos - Max Image Specs","robots":{"index":"index","follow":"follow","max-snippet":"max-snippet:-1","max-image-preview":"max-image-preview:large","max-video-preview":"max-video-preview:-1"},"canonical":"https:\/\/www.maximagespecs.com\/hr\/prijenos\/","og_locale":"hr_HR","og_type":"article","og_title":"Prijenos - Max Image Specs","og_url":"https:\/\/www.maximagespecs.com\/hr\/prijenos\/","og_site_name":"Max Image Specs","article_modified_time":"2024-01-24T09:25:47+00:00","twitter_card":"summary_large_image","schema":{"@context":"https:\/\/schema.org","@graph":[{"@type":"WebPage","@id":"https:\/\/www.maximagespecs.com\/hr\/prijenos\/","url":"https:\/\/www.maximagespecs.com\/hr\/prijenos\/","name":"Prijenos - Max Image Specs","isPartOf":{"@id":"https:\/\/s45176.p1648.sites.pressdns.com\/#website"},"datePublished":"2023-09-25T20:47:14+00:00","dateModified":"2024-01-24T09:25:47+00:00","inLanguage":"hr","potentialAction":[{"@type":"ReadAction","target":["https:\/\/www.maximagespecs.com\/hr\/prijenos\/"]}]},{"@type":"WebSite","@id":"https:\/\/s45176.p1648.sites.pressdns.com\/#website","url":"https:\/\/s45176.p1648.sites.pressdns.com\/","name":"Max Image Specs","description":"","potentialAction":[{"@type":"SearchAction","target":{"@type":"EntryPoint","urlTemplate":"https:\/\/s45176.p1648.sites.pressdns.com\/?s={search_term_string}"},"query-input":{"@type":"PropertyValueSpecification","valueRequired":true,"valueName":"search_term_string"}}],"inLanguage":"hr"}]}},"_links":{"self":[{"href":"https:\/\/www.maximagespecs.com\/hr\/wp-json\/wp\/v2\/pages\/8262","targetHints":{"allow":["GET"]}}],"collection":[{"href":"https:\/\/www.maximagespecs.com\/hr\/wp-json\/wp\/v2\/pages"}],"about":[{"href":"https:\/\/www.maximagespecs.com\/hr\/wp-json\/wp\/v2\/types\/page"}],"author":[{"embeddable":true,"href":"https:\/\/www.maximagespecs.com\/hr\/wp-json\/wp\/v2\/users\/1"}],"replies":[{"embeddable":true,"href":"https:\/\/www.maximagespecs.com\/hr\/wp-json\/wp\/v2\/comments?post=8262"}],"version-history":[{"count":0,"href":"https:\/\/www.maximagespecs.com\/hr\/wp-json\/wp\/v2\/pages\/8262\/revisions"}],"wp:attachment":[{"href":"https:\/\/www.maximagespecs.com\/hr\/wp-json\/wp\/v2\/media?parent=8262"}],"curies":[{"name":"wp","href":"https:\/\/api.w.org\/{rel}","templated":true}]}}