{"id":8260,"date":"2023-09-25T20:32:02","date_gmt":"2023-09-25T20:32:02","guid":{"rendered":"https:\/\/www.maximagespecs.com\/specifikacije-slike\/"},"modified":"2023-09-25T20:32:02","modified_gmt":"2023-09-25T20:32:02","slug":"specifikacije-slike","status":"publish","type":"page","link":"https:\/\/www.maximagespecs.com\/hr\/specifikacije-slike\/","title":{"rendered":"Specifikacije slike"},"content":{"rendered":"","protected":false},"excerpt":{"rendered":"","protected":false},"author":1,"featured_media":0,"parent":0,"menu_order":0,"comment_status":"closed","ping_status":"closed","template":"","meta":{"_acf_changed":false,"footnotes":""},"class_list":["post-8260","page","type-page","status-publish","hentry"],"acf":{"page_builder":[{"acf_fc_layout":"image_specs","section_background_color":"background","title":"","description":"","display_type":"image-spec"},{"acf_fc_layout":"image_specs","section_background_color":"background","title":"Slike epizoda","description":"","display_type":"episodic-image"},{"acf_fc_layout":"image_specs","section_background_color":"background","title":"Neobvezne slike","description":"Iako su te stavke neobvezne, upotrebljavaju ih agregatori kao \u0161to je \u201eUniversal Search\u201c programa Apple TV i stoga se one preporu\u010duju kako bi se dosegla naj\u0161ira mogu\u0107a publika.","display_type":"optional-image"}]},"yoast_head":"<!-- This site is optimized with the Yoast SEO plugin v27.3 - https:\/\/yoast.com\/product\/yoast-seo-wordpress\/ -->\n<title>Specifikacije slike - Max Image Specs<\/title>\n<meta name=\"robots\" content=\"index, follow, max-snippet:-1, max-image-preview:large, max-video-preview:-1\" \/>\n<link rel=\"canonical\" href=\"https:\/\/www.maximagespecs.com\/hr\/specifikacije-slike\/\" \/>\n<meta property=\"og:locale\" content=\"hr_HR\" \/>\n<meta property=\"og:type\" content=\"article\" \/>\n<meta property=\"og:title\" content=\"Specifikacije slike - Max Image Specs\" \/>\n<meta property=\"og:url\" content=\"https:\/\/www.maximagespecs.com\/hr\/specifikacije-slike\/\" \/>\n<meta property=\"og:site_name\" content=\"Max Image Specs\" \/>\n<meta name=\"twitter:card\" content=\"summary_large_image\" \/>\n<script type=\"application\/ld+json\" class=\"yoast-schema-graph\">{\"@context\":\"https:\\\/\\\/schema.org\",\"@graph\":[{\"@type\":\"WebPage\",\"@id\":\"https:\\\/\\\/www.maximagespecs.com\\\/hr\\\/specifikacije-slike\\\/\",\"url\":\"https:\\\/\\\/www.maximagespecs.com\\\/hr\\\/specifikacije-slike\\\/\",\"name\":\"Specifikacije slike - Max Image Specs\",\"isPartOf\":{\"@id\":\"https:\\\/\\\/s45176.p1648.sites.pressdns.com\\\/#website\"},\"datePublished\":\"2023-09-25T20:32:02+00:00\",\"inLanguage\":\"hr\",\"potentialAction\":[{\"@type\":\"ReadAction\",\"target\":[\"https:\\\/\\\/www.maximagespecs.com\\\/hr\\\/specifikacije-slike\\\/\"]}]},{\"@type\":\"WebSite\",\"@id\":\"https:\\\/\\\/s45176.p1648.sites.pressdns.com\\\/#website\",\"url\":\"https:\\\/\\\/s45176.p1648.sites.pressdns.com\\\/\",\"name\":\"Max Image Specs\",\"description\":\"\",\"potentialAction\":[{\"@type\":\"SearchAction\",\"target\":{\"@type\":\"EntryPoint\",\"urlTemplate\":\"https:\\\/\\\/s45176.p1648.sites.pressdns.com\\\/?s={search_term_string}\"},\"query-input\":{\"@type\":\"PropertyValueSpecification\",\"valueRequired\":true,\"valueName\":\"search_term_string\"}}],\"inLanguage\":\"hr\"}]}<\/script>\n<!-- \/ Yoast SEO plugin. -->","yoast_head_json":{"title":"Specifikacije slike - Max Image Specs","robots":{"index":"index","follow":"follow","max-snippet":"max-snippet:-1","max-image-preview":"max-image-preview:large","max-video-preview":"max-video-preview:-1"},"canonical":"https:\/\/www.maximagespecs.com\/hr\/specifikacije-slike\/","og_locale":"hr_HR","og_type":"article","og_title":"Specifikacije slike - Max Image Specs","og_url":"https:\/\/www.maximagespecs.com\/hr\/specifikacije-slike\/","og_site_name":"Max Image Specs","twitter_card":"summary_large_image","schema":{"@context":"https:\/\/schema.org","@graph":[{"@type":"WebPage","@id":"https:\/\/www.maximagespecs.com\/hr\/specifikacije-slike\/","url":"https:\/\/www.maximagespecs.com\/hr\/specifikacije-slike\/","name":"Specifikacije slike - Max Image Specs","isPartOf":{"@id":"https:\/\/s45176.p1648.sites.pressdns.com\/#website"},"datePublished":"2023-09-25T20:32:02+00:00","inLanguage":"hr","potentialAction":[{"@type":"ReadAction","target":["https:\/\/www.maximagespecs.com\/hr\/specifikacije-slike\/"]}]},{"@type":"WebSite","@id":"https:\/\/s45176.p1648.sites.pressdns.com\/#website","url":"https:\/\/s45176.p1648.sites.pressdns.com\/","name":"Max Image Specs","description":"","potentialAction":[{"@type":"SearchAction","target":{"@type":"EntryPoint","urlTemplate":"https:\/\/s45176.p1648.sites.pressdns.com\/?s={search_term_string}"},"query-input":{"@type":"PropertyValueSpecification","valueRequired":true,"valueName":"search_term_string"}}],"inLanguage":"hr"}]}},"_links":{"self":[{"href":"https:\/\/www.maximagespecs.com\/hr\/wp-json\/wp\/v2\/pages\/8260","targetHints":{"allow":["GET"]}}],"collection":[{"href":"https:\/\/www.maximagespecs.com\/hr\/wp-json\/wp\/v2\/pages"}],"about":[{"href":"https:\/\/www.maximagespecs.com\/hr\/wp-json\/wp\/v2\/types\/page"}],"author":[{"embeddable":true,"href":"https:\/\/www.maximagespecs.com\/hr\/wp-json\/wp\/v2\/users\/1"}],"replies":[{"embeddable":true,"href":"https:\/\/www.maximagespecs.com\/hr\/wp-json\/wp\/v2\/comments?post=8260"}],"version-history":[{"count":0,"href":"https:\/\/www.maximagespecs.com\/hr\/wp-json\/wp\/v2\/pages\/8260\/revisions"}],"wp:attachment":[{"href":"https:\/\/www.maximagespecs.com\/hr\/wp-json\/wp\/v2\/media?parent=8260"}],"curies":[{"name":"wp","href":"https:\/\/api.w.org\/{rel}","templated":true}]}}