{"id":9271,"date":"2023-09-25T20:47:14","date_gmt":"2023-09-25T20:47:14","guid":{"rendered":"https:\/\/www.maximagespecs.com\/livraison\/"},"modified":"2024-02-16T21:31:02","modified_gmt":"2024-02-16T21:31:02","slug":"livraison","status":"publish","type":"page","link":"https:\/\/www.maximagespecs.com\/fr\/livraison\/","title":{"rendered":"Livraison"},"content":{"rendered":"","protected":false},"excerpt":{"rendered":"","protected":false},"author":1,"featured_media":0,"parent":0,"menu_order":0,"comment_status":"closed","ping_status":"closed","template":"","meta":{"_acf_changed":false,"footnotes":""},"class_list":["post-9271","page","type-page","status-publish","hentry"],"acf":{"page_builder":[{"acf_fc_layout":"split_content","title":"Directives d'exportation\u00a0:","content":"Pour optimiser la taille des fichiers image et obtenir un rendu rapide dans l'application, veuillez exporter les images en respectant les consignes suivantes\u00a0:\r\n<ol>\r\n \t<li>S'assurer que le format correct est utilis\u00e9 pour le type d'actif<\/li>\r\n \t<li>Ne pas inclure de m\u00e9tadonn\u00e9es<\/li>\r\n \t<li>Convertir en sRVB<\/li>\r\n \t<li>Ne pas int\u00e9grer de profil de couleur<\/li>\r\n<\/ol>\r\nL'ensemble des actifs ne doit pas d\u00e9passer 10\u00a0Mo\u00a0!","right_content_type":"image","image":9272,"html":""},{"acf_fc_layout":"split_content","title":"Nommage du fichier\u00a0:","content":"<ul>\r\n \t<li>Les noms de fichiers ne doivent pas contenir plus de 150\u00a0caract\u00e8res (extensions, telles que \u00ab\u00a0.jpg\u00a0\u00bb ou \u00ab\u00a0.png\u00a0\u00bb, non comprises)<\/li>\r\n<\/ul>\r\n<ul>\r\n \t<li>Pas de caract\u00e8res sp\u00e9ciaux (par ex., ! @ # $ % {} &lt;&gt; | ?)<\/li>\r\n<\/ul>\r\n<ul>\r\n \t<li>Pas d'espaces vides \u2014 veuillez utiliser des tirets ou des tirets bas aux emplacements indiqu\u00e9s<\/li>\r\n<\/ul>","right_content_type":"html","image":null,"html":"<table class=\"table\">\r\n<tbody>\r\n<tr>\r\n<td align=\"left\">\r\n<h6><span style=\"color: #99cc00;\">ID<\/span><\/h6>\r\n<\/td>\r\n<td align=\"left\">SCRID tels que fournis par l'\u00e9quipe Design\u00a0Management. Veuillez inclure le token \u00ab\u00a0SCRID\u2014\u00a0\u00bb dans le nom du fichier.<\/td>\r\n<\/tr>\r\n<tr>\r\n<td align=\"left\">\r\n<h6><span style=\"color: #bac7ff;\">Source<\/span><\/h6>\r\n<\/td>\r\n<td align=\"left\">Nom du r\u00e9seau ou du studio en abr\u00e9g\u00e9.<\/td>\r\n<\/tr>\r\n<tr>\r\n<td align=\"left\">\r\n<h6><span style=\"color: #ffcc00;\">ContentDescription_Dimensions<\/span><\/h6>\r\n<\/td>\r\n<td align=\"left\">Champ \u00ab\u00a0D\u00e9tail\u00a0\u00bb \u00e0 structure libre incluant les dimensions de l'actif. Si l'actif concerne un \u00e9pisode, veuillez inclure les informations sur la saison et l'\u00e9pisode en question.<\/td>\r\n<\/tr>\r\n<tr>\r\n<td align=\"left\">\r\n<h6><span style=\"color: #ff6600;\">Ann\u00e9e<\/span><\/h6>\r\n<\/td>\r\n<td align=\"left\">L'ann\u00e9e de sortie du contenu.<\/td>\r\n<\/tr>\r\n<tr>\r\n<td align=\"left\">\r\n<h6><span style=\"color: #c4069a;\">Identificateur de langue<\/span><\/h6>\r\n<\/td>\r\n<td align=\"left\">Veuillez utiliser le code de langue \u00ab LAN-en-US \u00bb pour l'anglais ou laisser un espace r\u00e9serv\u00e9 en cas de doute. Pour les images sans texte, veuillez utiliser le code de langue \u00ab LAN-zxx \u00bb.<\/td>\r\n<\/tr>\r\n<tr>\r\n<td align=\"left\">\r\n<h6><span style=\"color: #cc99ff;\">Objet<\/span><\/h6>\r\n<\/td>\r\n<td align=\"left\">Identifiant du type d'actif (voir la <a href=\"https:\/\/www.maximagespecs.com\/image-specs\/\">liste des sp\u00e9cifications<\/a> pour le trouver). Veuillez inclure le token \u00ab\u00a0SCRID\u2014\u00a0\u00bb dans le nom du fichier.<\/td>\r\n<\/tr>\r\n<\/tbody>\r\n<\/table>\r\n<strong>Exemple pour le visuel cl\u00e9 d'un film\u00a0:<\/strong>\r\n<span style=\"color: #99cc00;\">SCRID-17024669,14128757<\/span>_<span style=\"color: #bac7ff;\">WB<\/span>_<span style=\"color: #ffcc00;\">Dunkirk_3840x2160<\/span>_<span style=\"color: #ff6600;\">2017<\/span>_<span style=\"color: #c4069a;\">LAN-en-US<\/span>_<span style=\"color: #cc99ff;\">PUR-tileburnedin<\/span>.jpg\r\n\r\n<strong>Exemple pour le visuel cl\u00e9 d'une s\u00e9rie\u00a0:<\/strong>\r\n<span style=\"color: #99cc00;\">SCRID-15901387,15901563<\/span>_<span style=\"color: #bac7ff;\">HBO<\/span>_<span style=\"color: #ffcc00;\">TheIdolS1_4320X1300<\/span>_<span style=\"color: #ff6600;\">2023<\/span>_<span style=\"color: #c4069a;\">LAN-en-US<\/span>_<span style=\"color: #cc99ff;\">PUR-logo<\/span>.jpg\r\n\r\n<strong>Exemple pour un \u00e9pisode\u00a0:<\/strong>\r\n<span style=\"color: #99cc00;\">SCRID-16992465<\/span>_<span style=\"color: #bac7ff;\">HBO<\/span>_<span style=\"color: #ffcc00;\">TheIdolS1E1_1680X3636<\/span>_<span style=\"color: #ff6600;\">2023<\/span>_<span style=\"color: #c4069a;\">LAN-en-US<\/span>_<span style=\"color: #cc99ff;\">PUR-tile<\/span>.jpg"},{"acf_fc_layout":"split_content","title":"Lecteur\u00a0Box\u00a0:","content":"<ul>\r\n \t<li>Nous partagerons avec vous un dossier dans notre lecteur\u00a0Box<\/li>\r\n<\/ul>\r\n<ul>\r\n \t<li>Veuillez d\u00e9poser tous les actifs demand\u00e9s dans ce dossier afin que notre \u00e9quipe Design\u00a0Management puisse proc\u00e9der au contr\u00f4le qualit\u00e9 et au suivi, puis r\u00e9soudre les \u00e9ventuels probl\u00e8mes<\/li>\r\n<\/ul>","right_content_type":"image","image":9273,"html":""}]},"yoast_head":"<!-- This site is optimized with the Yoast SEO plugin v27.3 - https:\/\/yoast.com\/product\/yoast-seo-wordpress\/ -->\n<title>Livraison - Max Image Specs<\/title>\n<meta name=\"robots\" content=\"index, follow, max-snippet:-1, max-image-preview:large, max-video-preview:-1\" \/>\n<link rel=\"canonical\" href=\"https:\/\/www.maximagespecs.com\/fr\/livraison\/\" \/>\n<meta property=\"og:locale\" content=\"fr_FR\" \/>\n<meta property=\"og:type\" content=\"article\" \/>\n<meta property=\"og:title\" content=\"Livraison - Max Image Specs\" \/>\n<meta property=\"og:url\" content=\"https:\/\/www.maximagespecs.com\/fr\/livraison\/\" \/>\n<meta property=\"og:site_name\" content=\"Max Image Specs\" \/>\n<meta property=\"article:modified_time\" content=\"2024-02-16T21:31:02+00:00\" \/>\n<meta name=\"twitter:card\" content=\"summary_large_image\" \/>\n<script type=\"application\/ld+json\" class=\"yoast-schema-graph\">{\"@context\":\"https:\\\/\\\/schema.org\",\"@graph\":[{\"@type\":\"WebPage\",\"@id\":\"https:\\\/\\\/www.maximagespecs.com\\\/fr\\\/livraison\\\/\",\"url\":\"https:\\\/\\\/www.maximagespecs.com\\\/fr\\\/livraison\\\/\",\"name\":\"Livraison - Max Image Specs\",\"isPartOf\":{\"@id\":\"https:\\\/\\\/s45176.p1648.sites.pressdns.com\\\/#website\"},\"datePublished\":\"2023-09-25T20:47:14+00:00\",\"dateModified\":\"2024-02-16T21:31:02+00:00\",\"inLanguage\":\"fr-FR\",\"potentialAction\":[{\"@type\":\"ReadAction\",\"target\":[\"https:\\\/\\\/www.maximagespecs.com\\\/fr\\\/livraison\\\/\"]}]},{\"@type\":\"WebSite\",\"@id\":\"https:\\\/\\\/s45176.p1648.sites.pressdns.com\\\/#website\",\"url\":\"https:\\\/\\\/s45176.p1648.sites.pressdns.com\\\/\",\"name\":\"Max Image Specs\",\"description\":\"\",\"potentialAction\":[{\"@type\":\"SearchAction\",\"target\":{\"@type\":\"EntryPoint\",\"urlTemplate\":\"https:\\\/\\\/s45176.p1648.sites.pressdns.com\\\/?s={search_term_string}\"},\"query-input\":{\"@type\":\"PropertyValueSpecification\",\"valueRequired\":true,\"valueName\":\"search_term_string\"}}],\"inLanguage\":\"fr-FR\"}]}<\/script>\n<!-- \/ Yoast SEO plugin. -->","yoast_head_json":{"title":"Livraison - Max Image Specs","robots":{"index":"index","follow":"follow","max-snippet":"max-snippet:-1","max-image-preview":"max-image-preview:large","max-video-preview":"max-video-preview:-1"},"canonical":"https:\/\/www.maximagespecs.com\/fr\/livraison\/","og_locale":"fr_FR","og_type":"article","og_title":"Livraison - Max Image Specs","og_url":"https:\/\/www.maximagespecs.com\/fr\/livraison\/","og_site_name":"Max Image Specs","article_modified_time":"2024-02-16T21:31:02+00:00","twitter_card":"summary_large_image","schema":{"@context":"https:\/\/schema.org","@graph":[{"@type":"WebPage","@id":"https:\/\/www.maximagespecs.com\/fr\/livraison\/","url":"https:\/\/www.maximagespecs.com\/fr\/livraison\/","name":"Livraison - Max Image Specs","isPartOf":{"@id":"https:\/\/s45176.p1648.sites.pressdns.com\/#website"},"datePublished":"2023-09-25T20:47:14+00:00","dateModified":"2024-02-16T21:31:02+00:00","inLanguage":"fr-FR","potentialAction":[{"@type":"ReadAction","target":["https:\/\/www.maximagespecs.com\/fr\/livraison\/"]}]},{"@type":"WebSite","@id":"https:\/\/s45176.p1648.sites.pressdns.com\/#website","url":"https:\/\/s45176.p1648.sites.pressdns.com\/","name":"Max Image Specs","description":"","potentialAction":[{"@type":"SearchAction","target":{"@type":"EntryPoint","urlTemplate":"https:\/\/s45176.p1648.sites.pressdns.com\/?s={search_term_string}"},"query-input":{"@type":"PropertyValueSpecification","valueRequired":true,"valueName":"search_term_string"}}],"inLanguage":"fr-FR"}]}},"_links":{"self":[{"href":"https:\/\/www.maximagespecs.com\/fr\/wp-json\/wp\/v2\/pages\/9271","targetHints":{"allow":["GET"]}}],"collection":[{"href":"https:\/\/www.maximagespecs.com\/fr\/wp-json\/wp\/v2\/pages"}],"about":[{"href":"https:\/\/www.maximagespecs.com\/fr\/wp-json\/wp\/v2\/types\/page"}],"author":[{"embeddable":true,"href":"https:\/\/www.maximagespecs.com\/fr\/wp-json\/wp\/v2\/users\/1"}],"replies":[{"embeddable":true,"href":"https:\/\/www.maximagespecs.com\/fr\/wp-json\/wp\/v2\/comments?post=9271"}],"version-history":[{"count":0,"href":"https:\/\/www.maximagespecs.com\/fr\/wp-json\/wp\/v2\/pages\/9271\/revisions"}],"wp:attachment":[{"href":"https:\/\/www.maximagespecs.com\/fr\/wp-json\/wp\/v2\/media?parent=9271"}],"curies":[{"name":"wp","href":"https:\/\/api.w.org\/{rel}","templated":true}]}}