{"id":8071,"date":"2023-09-25T20:47:14","date_gmt":"2023-09-25T20:47:14","guid":{"rendered":"https:\/\/www.maximagespecs.com\/toimitus\/"},"modified":"2024-01-24T21:58:08","modified_gmt":"2024-01-24T21:58:08","slug":"toimitus","status":"publish","type":"page","link":"https:\/\/www.maximagespecs.com\/fi\/toimitus\/","title":{"rendered":"Toimitus"},"content":{"rendered":"","protected":false},"excerpt":{"rendered":"","protected":false},"author":1,"featured_media":0,"parent":0,"menu_order":0,"comment_status":"closed","ping_status":"closed","template":"","meta":{"_acf_changed":false,"footnotes":""},"class_list":["post-8071","page","type-page","status-publish","hentry"],"acf":{"page_builder":[{"acf_fc_layout":"split_content","title":"Vientiohjeet:","content":"Vie kuvat seuraavasti kuvien tiedostokokojen optimointia ja nopeaa render\u00f6inti\u00e4 varten sovelluksessa:\r\n<ol>\r\n \t<li>Varmista aineistotyypin oikea muoto<\/li>\r\n \t<li>\u00c4l\u00e4 sis\u00e4llyt\u00e4 metatietoja<\/li>\r\n \t<li>Muunna sRGB-muotoon<\/li>\r\n \t<li>\u00c4l\u00e4 upota v\u00e4riprofiilia<\/li>\r\n<\/ol>\r\nHuomaa, ett\u00e4 kaikkien aineistojen on oltava kooltaan enint\u00e4\u00e4n 10 Mt!","right_content_type":"image","image":2909,"html":""},{"acf_fc_layout":"split_content","title":"Tiedoston nime\u00e4minen:","content":"<ul>\r\n \t<li>Tiedostonimien ei tule ylitt\u00e4\u00e4 150 merkki\u00e4 (ei sis\u00e4ll\u00e4 tunnisteita kuten \u201d.jpg\u201d tai \u201d.png\u201d).<\/li>\r\n<\/ul>\r\n<ul>\r\n \t<li>Ei erikoismerkkej\u00e4 (esim. ! @ # $ % {} &lt;&gt; | ?)<\/li>\r\n<\/ul>\r\n<ul>\r\n \t<li>Ei tyhji\u00e4 v\u00e4lily\u00f6ntej\u00e4 \u2013 k\u00e4yt\u00e4 alaviivoja tai v\u00e4liviivoja, jos niit\u00e4 ehdotetaan<\/li>\r\n<\/ul>","right_content_type":"html","image":null,"html":"<table class=\"table\">\r\n<tbody>\r\n<tr>\r\n<td align=\"left\">\r\n<h6><span style=\"color: #99cc00;\">Tunnus<\/span><\/h6>\r\n<\/td>\r\n<td align=\"left\">SCRID jotka Design Management -tiimi on antanut. Lis\u00e4\u00e4 tiedostonimeen \u201dSCRID-\u201d-tunniste.<\/td>\r\n<\/tr>\r\n<tr>\r\n<td align=\"left\">\r\n<h6><span style=\"color: #bac7ff;\">L\u00e4hde<\/span><\/h6>\r\n<\/td>\r\n<td align=\"left\">Verkon tai studion nimi lyhennettyn\u00e4<\/td>\r\n<\/tr>\r\n<tr>\r\n<td align=\"left\">\r\n<h6><span style=\"color: #ffcc00;\">ContentDescription_Dimensions<\/span><\/h6>\r\n<\/td>\r\n<td align=\"left\">Vapaamuotoinen tietokentt\u00e4, joka sis\u00e4lt\u00e4\u00e4 aineiston mitat. Jos kyseess\u00e4 on jakso, ilmoita kauden ja jakson tiedot.<\/td>\r\n<\/tr>\r\n<tr>\r\n<td align=\"left\">\r\n<h6><span style=\"color: #ff6600;\">Vuosi<\/span><\/h6>\r\n<\/td>\r\n<td align=\"left\">Vuosi, jolloin t\u00e4m\u00e4 sis\u00e4lt\u00f6 alun perin julkaistiin.<\/td>\r\n<\/tr>\r\n<tr>\r\n<td align=\"left\">\r\n<h6><span style=\"color: #c4069a;\">Kielen tunniste<\/span><\/h6>\r\n<\/td>\r\n<td align=\"left\">K\u00e4yt\u00e4 englannin kielen osalta merkint\u00e4\u00e4 \u201dLAN-en-US\u201d tai j\u00e4t\u00e4 paikkamerkki, jos et ole varma. K\u00e4yt\u00e4 tekstitt\u00f6mien kuvien osalta kielen\u00e4 \u201dLAN-zxx\u201d.<\/td>\r\n<\/tr>\r\n<tr>\r\n<td align=\"left\">\r\n<h6><span style=\"color: #cc99ff;\">K\u00e4ytt\u00f6tarkoitus<\/span><\/h6>\r\n<\/td>\r\n<td align=\"left\">Aineistotyypin tunniste (katso <a href=\"https:\/\/www.maximagespecs.com\/image-specs\/\">teknisten tietojen luetteloa<\/a> lokalisointia varten). Lis\u00e4\u00e4 tiedostonimeen \u201dPUR-\u201d-tunniste.<\/td>\r\n<\/tr>\r\n<\/tbody>\r\n<\/table>\r\n<strong>Elokuvajulisteen esimerkki:<\/strong>\r\n<span style=\"color: #99cc00;\">SCRID-17024669,14128757<\/span>_<span style=\"color: #bac7ff;\">WB<\/span>_<span style=\"color: #ffcc00;\">Dunkirk_3840x2160<\/span>_<span style=\"color: #ff6600;\">2017<\/span>_<span style=\"color: #c4069a;\">LAN-en-US<\/span>_<span style=\"color: #cc99ff;\">PUR-tileburnedin<\/span>.jpg\r\n\r\n<strong>Sarjajulisteen esimerkki:<\/strong>\r\n<span style=\"color: #99cc00;\">SCRID-15901387,15901563<\/span>_<span style=\"color: #bac7ff;\">HBO<\/span>_<span style=\"color: #ffcc00;\">TheIdolS1_4320X1300<\/span>_<span style=\"color: #ff6600;\">2023<\/span>_<span style=\"color: #c4069a;\">LAN-en-US<\/span>_<span style=\"color: #cc99ff;\">PUR-logo<\/span>.jpg\r\n\r\n<strong>Jakson esimerkki:<\/strong>\r\n<span style=\"color: #99cc00;\">SCRID-16992465<\/span>_<span style=\"color: #bac7ff;\">HBO<\/span>_<span style=\"color: #ffcc00;\">TheIdolS1E1_1680X3636<\/span>_<span style=\"color: #ff6600;\">2023<\/span>_<span style=\"color: #c4069a;\">LAN-en-US<\/span>_<span style=\"color: #cc99ff;\">PUR-tile<\/span>.jpg"},{"acf_fc_layout":"split_content","title":"Box-asema:","content":"<ul>\r\n \t<li>Jaamme kansion kanssasi Box-asemallamme<\/li>\r\n<\/ul>\r\n<ul>\r\n \t<li>Pudota kaikki vaaditut aineistot t\u00e4nne, jotta Design Management -tiimimme voi tarvittaessa tarkistaa, seurata ja korjata vikoja.<\/li>\r\n<\/ul>","right_content_type":"image","image":2941,"html":""}]},"yoast_head":"<!-- This site is optimized with the Yoast SEO plugin v27.5 - https:\/\/yoast.com\/product\/yoast-seo-wordpress\/ -->\n<title>Toimitus - Max Image Specs<\/title>\n<meta name=\"robots\" content=\"index, follow, max-snippet:-1, max-image-preview:large, max-video-preview:-1\" \/>\n<link rel=\"canonical\" href=\"https:\/\/www.maximagespecs.com\/fi\/toimitus\/\" \/>\n<meta property=\"og:locale\" content=\"fi_FI\" \/>\n<meta property=\"og:type\" content=\"article\" \/>\n<meta property=\"og:title\" content=\"Toimitus - Max Image Specs\" \/>\n<meta property=\"og:url\" content=\"https:\/\/www.maximagespecs.com\/fi\/toimitus\/\" \/>\n<meta property=\"og:site_name\" content=\"Max Image Specs\" \/>\n<meta property=\"article:modified_time\" content=\"2024-01-24T21:58:08+00:00\" \/>\n<meta name=\"twitter:card\" content=\"summary_large_image\" \/>\n<script type=\"application\/ld+json\" class=\"yoast-schema-graph\">{\"@context\":\"https:\\\/\\\/schema.org\",\"@graph\":[{\"@type\":\"WebPage\",\"@id\":\"https:\\\/\\\/www.maximagespecs.com\\\/fi\\\/toimitus\\\/\",\"url\":\"https:\\\/\\\/www.maximagespecs.com\\\/fi\\\/toimitus\\\/\",\"name\":\"Toimitus - Max Image Specs\",\"isPartOf\":{\"@id\":\"https:\\\/\\\/s45176.p1648.sites.pressdns.com\\\/#website\"},\"datePublished\":\"2023-09-25T20:47:14+00:00\",\"dateModified\":\"2024-01-24T21:58:08+00:00\",\"inLanguage\":\"fi\",\"potentialAction\":[{\"@type\":\"ReadAction\",\"target\":[\"https:\\\/\\\/www.maximagespecs.com\\\/fi\\\/toimitus\\\/\"]}]},{\"@type\":\"WebSite\",\"@id\":\"https:\\\/\\\/s45176.p1648.sites.pressdns.com\\\/#website\",\"url\":\"https:\\\/\\\/s45176.p1648.sites.pressdns.com\\\/\",\"name\":\"Max Image Specs\",\"description\":\"\",\"potentialAction\":[{\"@type\":\"SearchAction\",\"target\":{\"@type\":\"EntryPoint\",\"urlTemplate\":\"https:\\\/\\\/s45176.p1648.sites.pressdns.com\\\/?s={search_term_string}\"},\"query-input\":{\"@type\":\"PropertyValueSpecification\",\"valueRequired\":true,\"valueName\":\"search_term_string\"}}],\"inLanguage\":\"fi\"}]}<\/script>\n<!-- \/ Yoast SEO plugin. -->","yoast_head_json":{"title":"Toimitus - Max Image Specs","robots":{"index":"index","follow":"follow","max-snippet":"max-snippet:-1","max-image-preview":"max-image-preview:large","max-video-preview":"max-video-preview:-1"},"canonical":"https:\/\/www.maximagespecs.com\/fi\/toimitus\/","og_locale":"fi_FI","og_type":"article","og_title":"Toimitus - Max Image Specs","og_url":"https:\/\/www.maximagespecs.com\/fi\/toimitus\/","og_site_name":"Max Image Specs","article_modified_time":"2024-01-24T21:58:08+00:00","twitter_card":"summary_large_image","schema":{"@context":"https:\/\/schema.org","@graph":[{"@type":"WebPage","@id":"https:\/\/www.maximagespecs.com\/fi\/toimitus\/","url":"https:\/\/www.maximagespecs.com\/fi\/toimitus\/","name":"Toimitus - Max Image Specs","isPartOf":{"@id":"https:\/\/s45176.p1648.sites.pressdns.com\/#website"},"datePublished":"2023-09-25T20:47:14+00:00","dateModified":"2024-01-24T21:58:08+00:00","inLanguage":"fi","potentialAction":[{"@type":"ReadAction","target":["https:\/\/www.maximagespecs.com\/fi\/toimitus\/"]}]},{"@type":"WebSite","@id":"https:\/\/s45176.p1648.sites.pressdns.com\/#website","url":"https:\/\/s45176.p1648.sites.pressdns.com\/","name":"Max Image Specs","description":"","potentialAction":[{"@type":"SearchAction","target":{"@type":"EntryPoint","urlTemplate":"https:\/\/s45176.p1648.sites.pressdns.com\/?s={search_term_string}"},"query-input":{"@type":"PropertyValueSpecification","valueRequired":true,"valueName":"search_term_string"}}],"inLanguage":"fi"}]}},"_links":{"self":[{"href":"https:\/\/www.maximagespecs.com\/fi\/wp-json\/wp\/v2\/pages\/8071","targetHints":{"allow":["GET"]}}],"collection":[{"href":"https:\/\/www.maximagespecs.com\/fi\/wp-json\/wp\/v2\/pages"}],"about":[{"href":"https:\/\/www.maximagespecs.com\/fi\/wp-json\/wp\/v2\/types\/page"}],"author":[{"embeddable":true,"href":"https:\/\/www.maximagespecs.com\/fi\/wp-json\/wp\/v2\/users\/1"}],"replies":[{"embeddable":true,"href":"https:\/\/www.maximagespecs.com\/fi\/wp-json\/wp\/v2\/comments?post=8071"}],"version-history":[{"count":0,"href":"https:\/\/www.maximagespecs.com\/fi\/wp-json\/wp\/v2\/pages\/8071\/revisions"}],"wp:attachment":[{"href":"https:\/\/www.maximagespecs.com\/fi\/wp-json\/wp\/v2\/media?parent=8071"}],"curies":[{"name":"wp","href":"https:\/\/api.w.org\/{rel}","templated":true}]}}