{"id":7266,"date":"2023-09-25T20:47:14","date_gmt":"2023-09-25T20:47:14","guid":{"rendered":"https:\/\/www.maximagespecs.com\/entrega\/"},"modified":"2024-01-20T00:28:20","modified_gmt":"2024-01-20T00:28:20","slug":"entrega","status":"publish","type":"page","link":"https:\/\/www.maximagespecs.com\/es\/entrega\/","title":{"rendered":"Entrega"},"content":{"rendered":"","protected":false},"excerpt":{"rendered":"","protected":false},"author":1,"featured_media":0,"parent":0,"menu_order":0,"comment_status":"closed","ping_status":"closed","template":"","meta":{"_acf_changed":false,"footnotes":""},"class_list":["post-7266","page","type-page","status-publish","hentry"],"acf":{"page_builder":[{"acf_fc_layout":"split_content","title":"Directrices de exportaci\u00f3n:","content":"Para optimizar los tama\u00f1os de los archivos de imagen y permitir una representaci\u00f3n \u00e1gil en la aplicaci\u00f3n, exporte las im\u00e1genes de la forma siguiente:\r\n<ol>\r\n \t<li>Aseg\u00farese de que utiliza el formato correcto para el tipo de recurso<\/li>\r\n \t<li>No incluya metadatos<\/li>\r\n \t<li>Convierta la imagen a sRGB<\/li>\r\n \t<li>No incruste el perfil de color<\/li>\r\n<\/ol>\r\nTenga en cuenta que todos los activos deben tener un tama\u00f1o igual o inferior a 10 MB.","right_content_type":"image","image":2929,"html":""},{"acf_fc_layout":"split_content","title":"Nombre del archivo:","content":"<ul>\r\n \t<li>El nombre del archivo no puede superar los 150 caracteres (no se incluyen las extensiones, como \".jpg\" o \".png\")<\/li>\r\n<\/ul>\r\n<ul>\r\n \t<li>No use caracteres especiales (como ! @ # $ % {} &lt;&gt; | ?)<\/li>\r\n<\/ul>\r\n<ul>\r\n \t<li>No use espacios en blanco: use guiones bajos o largos cuando se recomienden<\/li>\r\n<\/ul>","right_content_type":"html","image":null,"html":"<table class=\"table\">\r\n<tbody>\r\n<tr>\r\n<td align=\"left\">\r\n<h6><span style=\"color: #99cc00;\">Identificador<\/span><\/h6>\r\n<\/td>\r\n<td align=\"left\">El s\u00edmbolo SCRID seg\u00fan los suministra el equipo de gesti\u00f3n del dise\u00f1o. Incluya el s\u00edmbolo \"SCRID\" en el nombre del archivo.<\/td>\r\n<\/tr>\r\n<tr>\r\n<td align=\"left\">\r\n<h6><span style=\"color: #bac7ff;\">Fuente<\/span><\/h6>\r\n<\/td>\r\n<td align=\"left\">Nombre abreviado de la red o estudio<\/td>\r\n<\/tr>\r\n<tr>\r\n<td align=\"left\">\r\n<h6><span style=\"color: #ffcc00;\">ContentDescription_Dimensions<\/span><\/h6>\r\n<\/td>\r\n<td align=\"left\">Campo con informaci\u00f3n en formato libre que incluye las dimensiones del recurso. Si el recurso es de un episodio, incluya la informaci\u00f3n sobre la temporada y el episodio.<\/td>\r\n<\/tr>\r\n<tr>\r\n<td align=\"left\">\r\n<h6><span style=\"color: #ff6600;\">A\u00f1o<\/span><\/h6>\r\n<\/td>\r\n<td align=\"left\">El a\u00f1o en el que este fragmento del contenido se public\u00f3 inicialmente.<\/td>\r\n<\/tr>\r\n<tr>\r\n<td align=\"left\">\r\n<h6><span style=\"color: #c4069a;\">Identificador del idioma<\/span><\/h6>\r\n<\/td>\r\n<td align=\"left\">Use \"LAN-es-US\" para el idioma ingl\u00e9s o deje un marcador de posici\u00f3n si no est\u00e1 seguro. Y para las im\u00e1genes sin texto, use el idioma \"LAN-zxx\"<\/td>\r\n<\/tr>\r\n<tr>\r\n<td align=\"left\">\r\n<h6><span style=\"color: #cc99ff;\">Finalidad<\/span><\/h6>\r\n<\/td>\r\n<td align=\"left\">Identificador del tipo de archivo (consulte la <a href=\"https:\/\/www.maximagespecs.com\/es\/especificaciones-de-las-imagenes\/\">lista de especificaciones<\/a> para localizarlo). Incluya el s\u00edmbolo \"PUR-\" en el nombre del archivo.<\/td>\r\n<\/tr>\r\n<\/tbody>\r\n<\/table>\r\n<strong>Ejemplo de Film Key Art:<\/strong>\r\n<span style=\"color: #99cc00;\">SCRID-17024669,14128757<\/span>_<span style=\"color: #bac7ff;\">WB<\/span>_<span style=\"color: #ffcc00;\">Dunkirk_3840x2160<\/span>_<span style=\"color: #ff6600;\">2017<\/span>_<span style=\"color: #c4069a;\">LAN-en-US<\/span>_<span style=\"color: #cc99ff;\">PUR-tileburnedin<\/span>.jpg\r\n\r\n<strong>Ejemplo de Series Key Art:<\/strong>\r\n<span style=\"color: #99cc00;\">SCRID-15901387,15901563<\/span>_<span style=\"color: #bac7ff;\">HBO<\/span>_<span style=\"color: #ffcc00;\">TheIdolS1_4320X1300<\/span>_<span style=\"color: #ff6600;\">2023<\/span>_<span style=\"color: #c4069a;\">LAN-en-US<\/span>_<span style=\"color: #cc99ff;\">PUR-logo<\/span>.jpg\r\n\r\n<strong>Ejemplo de episodio:<\/strong>\r\n<span style=\"color: #99cc00;\">SCRID-16992465<\/span>_<span style=\"color: #bac7ff;\">HBO<\/span>_<span style=\"color: #ffcc00;\">TheIdolS1E1_1680X3636<\/span>_<span style=\"color: #ff6600;\">2023<\/span>_<span style=\"color: #c4069a;\">LAN-en-US<\/span>_<span style=\"color: #cc99ff;\">PUR-tile<\/span>.jpg"},{"acf_fc_layout":"split_content","title":"Dispositivo de almacenamiento Box:","content":"<ul>\r\n \t<li>Compartiremos con usted una carpeta de nuestro dispositivo de almacenamiento Box<\/li>\r\n<\/ul>\r\n<ul>\r\n \t<li>Coloque aqu\u00ed todos los recursos necesarios para que nuestro equipo de gesti\u00f3n del dise\u00f1o pueda hacer un control de calidad, un seguimiento y solucionar cualquier problema<\/li>\r\n<\/ul>","right_content_type":"image","image":2961,"html":""}]},"yoast_head":"<!-- This site is optimized with the Yoast SEO plugin v27.6 - https:\/\/yoast.com\/product\/yoast-seo-wordpress\/ -->\n<title>Entrega - Max Image Specs<\/title>\n<meta name=\"robots\" content=\"index, follow, max-snippet:-1, max-image-preview:large, max-video-preview:-1\" \/>\n<link rel=\"canonical\" href=\"https:\/\/www.maximagespecs.com\/es\/entrega\/\" \/>\n<meta property=\"og:locale\" content=\"es_ES\" \/>\n<meta property=\"og:type\" content=\"article\" \/>\n<meta property=\"og:title\" content=\"Entrega - Max Image Specs\" \/>\n<meta property=\"og:url\" content=\"https:\/\/www.maximagespecs.com\/es\/entrega\/\" \/>\n<meta property=\"og:site_name\" content=\"Max Image Specs\" \/>\n<meta property=\"article:modified_time\" content=\"2024-01-20T00:28:20+00:00\" \/>\n<meta name=\"twitter:card\" content=\"summary_large_image\" \/>\n<script type=\"application\/ld+json\" class=\"yoast-schema-graph\">{\"@context\":\"https:\\\/\\\/schema.org\",\"@graph\":[{\"@type\":\"WebPage\",\"@id\":\"https:\\\/\\\/www.maximagespecs.com\\\/es\\\/entrega\\\/\",\"url\":\"https:\\\/\\\/www.maximagespecs.com\\\/es\\\/entrega\\\/\",\"name\":\"Entrega - Max Image Specs\",\"isPartOf\":{\"@id\":\"https:\\\/\\\/s45176.p1648.sites.pressdns.com\\\/#website\"},\"datePublished\":\"2023-09-25T20:47:14+00:00\",\"dateModified\":\"2024-01-20T00:28:20+00:00\",\"inLanguage\":\"es\",\"potentialAction\":[{\"@type\":\"ReadAction\",\"target\":[\"https:\\\/\\\/www.maximagespecs.com\\\/es\\\/entrega\\\/\"]}]},{\"@type\":\"WebSite\",\"@id\":\"https:\\\/\\\/s45176.p1648.sites.pressdns.com\\\/#website\",\"url\":\"https:\\\/\\\/s45176.p1648.sites.pressdns.com\\\/\",\"name\":\"Max Image Specs\",\"description\":\"\",\"potentialAction\":[{\"@type\":\"SearchAction\",\"target\":{\"@type\":\"EntryPoint\",\"urlTemplate\":\"https:\\\/\\\/s45176.p1648.sites.pressdns.com\\\/?s={search_term_string}\"},\"query-input\":{\"@type\":\"PropertyValueSpecification\",\"valueRequired\":true,\"valueName\":\"search_term_string\"}}],\"inLanguage\":\"es\"}]}<\/script>\n<!-- \/ Yoast SEO plugin. -->","yoast_head_json":{"title":"Entrega - Max Image Specs","robots":{"index":"index","follow":"follow","max-snippet":"max-snippet:-1","max-image-preview":"max-image-preview:large","max-video-preview":"max-video-preview:-1"},"canonical":"https:\/\/www.maximagespecs.com\/es\/entrega\/","og_locale":"es_ES","og_type":"article","og_title":"Entrega - Max Image Specs","og_url":"https:\/\/www.maximagespecs.com\/es\/entrega\/","og_site_name":"Max Image Specs","article_modified_time":"2024-01-20T00:28:20+00:00","twitter_card":"summary_large_image","schema":{"@context":"https:\/\/schema.org","@graph":[{"@type":"WebPage","@id":"https:\/\/www.maximagespecs.com\/es\/entrega\/","url":"https:\/\/www.maximagespecs.com\/es\/entrega\/","name":"Entrega - Max Image Specs","isPartOf":{"@id":"https:\/\/s45176.p1648.sites.pressdns.com\/#website"},"datePublished":"2023-09-25T20:47:14+00:00","dateModified":"2024-01-20T00:28:20+00:00","inLanguage":"es","potentialAction":[{"@type":"ReadAction","target":["https:\/\/www.maximagespecs.com\/es\/entrega\/"]}]},{"@type":"WebSite","@id":"https:\/\/s45176.p1648.sites.pressdns.com\/#website","url":"https:\/\/s45176.p1648.sites.pressdns.com\/","name":"Max Image Specs","description":"","potentialAction":[{"@type":"SearchAction","target":{"@type":"EntryPoint","urlTemplate":"https:\/\/s45176.p1648.sites.pressdns.com\/?s={search_term_string}"},"query-input":{"@type":"PropertyValueSpecification","valueRequired":true,"valueName":"search_term_string"}}],"inLanguage":"es"}]}},"_links":{"self":[{"href":"https:\/\/www.maximagespecs.com\/es\/wp-json\/wp\/v2\/pages\/7266","targetHints":{"allow":["GET"]}}],"collection":[{"href":"https:\/\/www.maximagespecs.com\/es\/wp-json\/wp\/v2\/pages"}],"about":[{"href":"https:\/\/www.maximagespecs.com\/es\/wp-json\/wp\/v2\/types\/page"}],"author":[{"embeddable":true,"href":"https:\/\/www.maximagespecs.com\/es\/wp-json\/wp\/v2\/users\/1"}],"replies":[{"embeddable":true,"href":"https:\/\/www.maximagespecs.com\/es\/wp-json\/wp\/v2\/comments?post=7266"}],"version-history":[{"count":0,"href":"https:\/\/www.maximagespecs.com\/es\/wp-json\/wp\/v2\/pages\/7266\/revisions"}],"wp:attachment":[{"href":"https:\/\/www.maximagespecs.com\/es\/wp-json\/wp\/v2\/media?parent=7266"}],"curies":[{"name":"wp","href":"https:\/\/api.w.org\/{rel}","templated":true}]}}