{"id":7317,"date":"2023-09-25T20:47:14","date_gmt":"2023-09-25T20:47:14","guid":{"rendered":"https:\/\/www.maximagespecs.com\/entrega\/"},"modified":"2024-01-19T22:25:53","modified_gmt":"2024-01-19T22:25:53","slug":"entrega","status":"publish","type":"page","link":"https:\/\/www.maximagespecs.com\/es-419\/entrega\/","title":{"rendered":"Entrega"},"content":{"rendered":"","protected":false},"excerpt":{"rendered":"","protected":false},"author":1,"featured_media":0,"parent":0,"menu_order":0,"comment_status":"closed","ping_status":"closed","template":"","meta":{"_acf_changed":false,"footnotes":""},"class_list":["post-7317","page","type-page","status-publish","hentry"],"acf":{"page_builder":[{"acf_fc_layout":"split_content","title":"Pautas de exportaci\u00f3n:","content":"Para optimizar el tama\u00f1o de los archivos de imagen y permitir su correcta visualizaci\u00f3n en la aplicaci\u00f3n, exporte las im\u00e1genes de la siguiente manera:\r\n<ol>\r\n \t<li>Aseg\u00farese de utilizar el formato adecuado para el tipo de recurso gr\u00e1fico<\/li>\r\n \t<li>No incluya metadatos<\/li>\r\n \t<li>Convierta a sRGB<\/li>\r\n \t<li>No inserte un perfil de color<\/li>\r\n<\/ol>\r\nTenga en cuenta que ning\u00fan recurso puede pesar m\u00e1s de 10\u00a0MB.","right_content_type":"image","image":7210,"html":""},{"acf_fc_layout":"split_content","title":"Nombre de archivos:","content":"<ul>\r\n \t<li>Se prefiere que el nombre del archivo tenga menos de 150 caracteres (sin incluir las extensiones como \u201c.jpg\u201d o \u201c.png\u201d)<\/li>\r\n<\/ul>\r\n<ul>\r\n \t<li>No utilice caracteres especiales (p.\u00a0ej., ! @ # $ % {} &lt;&gt; | ?)<\/li>\r\n<\/ul>\r\n<ul>\r\n \t<li>No deje espacios en blanco; utilice rayas o guiones bajos cuando as\u00ed se sugiera<\/li>\r\n<\/ul>","right_content_type":"html","image":null,"html":"<table class=\"table\">\r\n<tbody>\r\n<tr>\r\n<td align=\"left\">\r\n<h6><span style=\"color: #99cc00;\">ID<\/span><\/h6>\r\n<\/td>\r\n<td align=\"left\">El token SCRID seg\u00fan los proporcion\u00f3 el equipo de gesti\u00f3n de dise\u00f1o. Incluya el token \u201cSCRID\u201d en el nombre del archivo.<\/td>\r\n<\/tr>\r\n<tr>\r\n<td align=\"left\">\r\n<h6><span style=\"color: #bac7ff;\">Fuente<\/span><\/h6>\r\n<\/td>\r\n<td align=\"left\">Nombre de estudio o emisora abreviado<\/td>\r\n<\/tr>\r\n<tr>\r\n<td align=\"left\">\r\n<h6><span style=\"color: #ffcc00;\">ContentDescription_Dimensions<\/span><\/h6>\r\n<\/td>\r\n<td align=\"left\">Campo para indicar detalles libremente, incluido el tama\u00f1o de los recursos gr\u00e1ficos. En el caso del recurso gr\u00e1fico de un episodio, incluya la temporada e informaci\u00f3n del episodio.<\/td>\r\n<\/tr>\r\n<tr>\r\n<td align=\"left\">\r\n<h6><span style=\"color: #ff6600;\">A\u00f1o<\/span><\/h6>\r\n<\/td>\r\n<td align=\"left\">El a\u00f1o en que se public\u00f3 inicialmente este contenido.<\/td>\r\n<\/tr>\r\n<tr>\r\n<td align=\"left\">\r\n<h6><span style=\"color: #c4069a;\">Identificador de idioma<\/span><\/h6>\r\n<\/td>\r\n<td align=\"left\">Utilice \u201cLAN-en-US\u201d para ingl\u00e9s o deje un marcador de posici\u00f3n si tiene dudas. Para las im\u00e1genes sin texto, por favor use el idioma \u201cLAN-zxx\u201d.<\/td>\r\n<\/tr>\r\n<tr>\r\n<td align=\"left\">\r\n<h6><span style=\"color: #cc99ff;\">Objetivo<\/span><\/h6>\r\n<\/td>\r\n<td align=\"left\">Identificador del tipo de recurso (consulte la <a href=\"https:\/\/www.maximagespecs.com\/image-specs\/\">lista de especificaciones<\/a> para encontrarlo). Incluya el token \u201cPUR-\u201d en el nombre del archivo.<\/td>\r\n<\/tr>\r\n<\/tbody>\r\n<\/table>\r\n<strong>Ejemplo de Key Art para una pel\u00edcula:<\/strong>\r\n<span style=\"color: #99cc00;\">SCRID-17024669,14128757<\/span>_<span style=\"color: #bac7ff;\">WB<\/span>_<span style=\"color: #ffcc00;\">Dunkirk_3840x2160<\/span>_<span style=\"color: #ff6600;\">2017<\/span>_<span style=\"color: #c4069a;\">LAN-en-US<\/span>_<span style=\"color: #cc99ff;\">PUR-tileburnedin<\/span>.jpg\r\n\r\n<strong>Ejemplo de Key Art para una serie:<\/strong>\r\n<span style=\"color: #99cc00;\">SCRID-15901387,15901563<\/span>_<span style=\"color: #bac7ff;\">HBO<\/span>_<span style=\"color: #ffcc00;\">TheIdolS1_4320X1300<\/span>_<span style=\"color: #ff6600;\">2023<\/span>_<span style=\"color: #c4069a;\">LAN-en-US<\/span>_<span style=\"color: #cc99ff;\">PUR-logo<\/span>.jpg\r\n\r\n<strong>Ejemplo para un episodio:<\/strong>\r\n<span style=\"color: #99cc00;\">SCRID-16992465<\/span>_<span style=\"color: #bac7ff;\">HBO<\/span>_<span style=\"color: #ffcc00;\">TheIdolS1E1_1680X3636<\/span>_<span style=\"color: #ff6600;\">2023<\/span>_<span style=\"color: #c4069a;\">LAN-en-US<\/span>_<span style=\"color: #cc99ff;\">PUR-tile<\/span>.jpg"},{"acf_fc_layout":"split_content","title":"Unidad de Box:","content":"<ul>\r\n \t<li>Le compartiremos una carpeta en nuestra unidad de Box<\/li>\r\n<\/ul>\r\n<ul>\r\n \t<li>Entregue todos los recursos requeridos aqu\u00ed para que nuestro equipo de gesti\u00f3n de dise\u00f1o pueda evaluar su calidad, hacer un seguimiento y resolver los problemas, de ser necesario<\/li>\r\n<\/ul>","right_content_type":"image","image":7212,"html":""}]},"yoast_head":"<!-- This site is optimized with the Yoast SEO plugin v27.6 - https:\/\/yoast.com\/product\/yoast-seo-wordpress\/ -->\n<title>Entrega - Max Image Specs<\/title>\n<meta name=\"robots\" content=\"index, follow, max-snippet:-1, max-image-preview:large, max-video-preview:-1\" \/>\n<link rel=\"canonical\" href=\"https:\/\/www.maximagespecs.com\/es-419\/entrega\/\" \/>\n<meta property=\"og:locale\" content=\"es_ES\" \/>\n<meta property=\"og:type\" content=\"article\" \/>\n<meta property=\"og:title\" content=\"Entrega - Max Image Specs\" \/>\n<meta property=\"og:url\" content=\"https:\/\/www.maximagespecs.com\/es-419\/entrega\/\" \/>\n<meta property=\"og:site_name\" content=\"Max Image Specs\" \/>\n<meta property=\"article:modified_time\" content=\"2024-01-19T22:25:53+00:00\" \/>\n<meta name=\"twitter:card\" content=\"summary_large_image\" \/>\n<script type=\"application\/ld+json\" class=\"yoast-schema-graph\">{\"@context\":\"https:\\\/\\\/schema.org\",\"@graph\":[{\"@type\":\"WebPage\",\"@id\":\"https:\\\/\\\/www.maximagespecs.com\\\/es-419\\\/entrega\\\/\",\"url\":\"https:\\\/\\\/www.maximagespecs.com\\\/es-419\\\/entrega\\\/\",\"name\":\"Entrega - Max Image Specs\",\"isPartOf\":{\"@id\":\"https:\\\/\\\/s45176.p1648.sites.pressdns.com\\\/#website\"},\"datePublished\":\"2023-09-25T20:47:14+00:00\",\"dateModified\":\"2024-01-19T22:25:53+00:00\",\"inLanguage\":\"es-419\",\"potentialAction\":[{\"@type\":\"ReadAction\",\"target\":[\"https:\\\/\\\/www.maximagespecs.com\\\/es-419\\\/entrega\\\/\"]}]},{\"@type\":\"WebSite\",\"@id\":\"https:\\\/\\\/s45176.p1648.sites.pressdns.com\\\/#website\",\"url\":\"https:\\\/\\\/s45176.p1648.sites.pressdns.com\\\/\",\"name\":\"Max Image Specs\",\"description\":\"\",\"potentialAction\":[{\"@type\":\"SearchAction\",\"target\":{\"@type\":\"EntryPoint\",\"urlTemplate\":\"https:\\\/\\\/s45176.p1648.sites.pressdns.com\\\/?s={search_term_string}\"},\"query-input\":{\"@type\":\"PropertyValueSpecification\",\"valueRequired\":true,\"valueName\":\"search_term_string\"}}],\"inLanguage\":\"es-419\"}]}<\/script>\n<!-- \/ Yoast SEO plugin. -->","yoast_head_json":{"title":"Entrega - Max Image Specs","robots":{"index":"index","follow":"follow","max-snippet":"max-snippet:-1","max-image-preview":"max-image-preview:large","max-video-preview":"max-video-preview:-1"},"canonical":"https:\/\/www.maximagespecs.com\/es-419\/entrega\/","og_locale":"es_ES","og_type":"article","og_title":"Entrega - Max Image Specs","og_url":"https:\/\/www.maximagespecs.com\/es-419\/entrega\/","og_site_name":"Max Image Specs","article_modified_time":"2024-01-19T22:25:53+00:00","twitter_card":"summary_large_image","schema":{"@context":"https:\/\/schema.org","@graph":[{"@type":"WebPage","@id":"https:\/\/www.maximagespecs.com\/es-419\/entrega\/","url":"https:\/\/www.maximagespecs.com\/es-419\/entrega\/","name":"Entrega - Max Image Specs","isPartOf":{"@id":"https:\/\/s45176.p1648.sites.pressdns.com\/#website"},"datePublished":"2023-09-25T20:47:14+00:00","dateModified":"2024-01-19T22:25:53+00:00","inLanguage":"es-419","potentialAction":[{"@type":"ReadAction","target":["https:\/\/www.maximagespecs.com\/es-419\/entrega\/"]}]},{"@type":"WebSite","@id":"https:\/\/s45176.p1648.sites.pressdns.com\/#website","url":"https:\/\/s45176.p1648.sites.pressdns.com\/","name":"Max Image Specs","description":"","potentialAction":[{"@type":"SearchAction","target":{"@type":"EntryPoint","urlTemplate":"https:\/\/s45176.p1648.sites.pressdns.com\/?s={search_term_string}"},"query-input":{"@type":"PropertyValueSpecification","valueRequired":true,"valueName":"search_term_string"}}],"inLanguage":"es-419"}]}},"_links":{"self":[{"href":"https:\/\/www.maximagespecs.com\/es-419\/wp-json\/wp\/v2\/pages\/7317","targetHints":{"allow":["GET"]}}],"collection":[{"href":"https:\/\/www.maximagespecs.com\/es-419\/wp-json\/wp\/v2\/pages"}],"about":[{"href":"https:\/\/www.maximagespecs.com\/es-419\/wp-json\/wp\/v2\/types\/page"}],"author":[{"embeddable":true,"href":"https:\/\/www.maximagespecs.com\/es-419\/wp-json\/wp\/v2\/users\/1"}],"replies":[{"embeddable":true,"href":"https:\/\/www.maximagespecs.com\/es-419\/wp-json\/wp\/v2\/comments?post=7317"}],"version-history":[{"count":0,"href":"https:\/\/www.maximagespecs.com\/es-419\/wp-json\/wp\/v2\/pages\/7317\/revisions"}],"wp:attachment":[{"href":"https:\/\/www.maximagespecs.com\/es-419\/wp-json\/wp\/v2\/media?parent=7317"}],"curies":[{"name":"wp","href":"https:\/\/api.w.org\/{rel}","templated":true}]}}