{"id":8018,"date":"2023-09-25T20:47:14","date_gmt":"2023-09-25T20:47:14","guid":{"rendered":"https:\/\/www.maximagespecs.com\/levering\/"},"modified":"2024-01-23T17:18:04","modified_gmt":"2024-01-23T17:18:04","slug":"levering","status":"publish","type":"page","link":"https:\/\/www.maximagespecs.com\/da\/levering\/","title":{"rendered":"Levering"},"content":{"rendered":"","protected":false},"excerpt":{"rendered":"","protected":false},"author":1,"featured_media":0,"parent":0,"menu_order":0,"comment_status":"closed","ping_status":"closed","template":"","meta":{"_acf_changed":false,"footnotes":""},"class_list":["post-8018","page","type-page","status-publish","hentry"],"acf":{"page_builder":[{"acf_fc_layout":"split_content","title":"Retningslinjer for eksport:","content":"For at optimere billedfilernes st\u00f8rrelse og muligg\u00f8re hensigtsm\u00e6ssig gengivelse i appen skal billederne eksporteres p\u00e5 f\u00f8lgende m\u00e5de:\r\n<ol>\r\n \t<li>Kontroll\u00e9r, at typen af aktiv er i det korrekte format<\/li>\r\n \t<li>Inkluder ikke metadata<\/li>\r\n \t<li>Konverter til sRGB<\/li>\r\n \t<li>Farveprofilen m\u00e5 ikke indlejres<\/li>\r\n<\/ol>\r\nBem\u00e6rk, at alle aktiver skal v\u00e6re 10 MB eller mindre!","right_content_type":"image","image":2907,"html":""},{"acf_fc_layout":"split_content","title":"Filnavnet:","content":"<ul>\r\n \t<li>Filnavnet m\u00e5 h\u00f8jst best\u00e5 af 150 tegn (minus udvidelser som \".jpg\" eller \".png\")<\/li>\r\n<\/ul>\r\n<ul>\r\n \t<li>Ingen specielle tegn (f.eks. ! @ # $ % {} &lt;&gt; | ?)<\/li>\r\n<\/ul>\r\n<ul>\r\n \t<li>Ingen tomme mellemrum - brug understregninger eller bindestreger, hvis n\u00f8dvendigt<\/li>\r\n<\/ul>","right_content_type":"html","image":null,"html":"<table class=\"table\">\r\n<tbody>\r\n<tr>\r\n<td align=\"left\">\r\n<h6><span style=\"color: #99cc00;\">ID<\/span><\/h6>\r\n<\/td>\r\n<td align=\"left\">SCRID Id\u2019er leveres af Design Management-teamet. Inkluder \u201cSCRID-\u201c-tokenet i filnavnet.<\/td>\r\n<\/tr>\r\n<tr>\r\n<td align=\"left\">\r\n<h6><span style=\"color: #bac7ff;\">Kilde<\/span><\/h6>\r\n<\/td>\r\n<td align=\"left\">Forkortet netv\u00e6rks- eller studienavn<\/td>\r\n<\/tr>\r\n<tr>\r\n<td align=\"left\">\r\n<h6><span style=\"color: #ffcc00;\">ContentDescription_Dimensions<\/span><\/h6>\r\n<\/td>\r\n<td align=\"left\">Oplysningsfelt i fri form, som omfatter aktivets dimensioner. Til en episode anf\u00f8res oplysninger om s\u00e6son og episode.<\/td>\r\n<\/tr>\r\n<tr>\r\n<td align=\"left\">\r\n<h6><span style=\"color: #ff6600;\">\u00c5r<\/span><\/h6>\r\n<\/td>\r\n<td align=\"left\">Det \u00e5r, hvor dette stykke indhold oprindeligt blev udgivet.<\/td>\r\n<\/tr>\r\n<tr>\r\n<td align=\"left\">\r\n<h6><span style=\"color: #c4069a;\">Sprogidentifikator<\/span><\/h6>\r\n<\/td>\r\n<td align=\"left\">Brug \"LAN-en-US\" til engelsk eller efterlad en pladsholder, hvis du er i tvivl. Og for billeder uden tekst. Brug sprog \"LAN-zxx\"<\/td>\r\n<\/tr>\r\n<tr>\r\n<td align=\"left\">\r\n<h6><span style=\"color: #cc99ff;\">Form\u00e5l<\/span><\/h6>\r\n<\/td>\r\n<td align=\"left\">Identifikator eller aktivtype (se <a href=\"https:\/\/www.maximagespecs.com\/image-specs\/\">spec list<\/a> for at finde). Inkluder \"PUR-\"-tokenet i filnavnet.<\/td>\r\n<\/tr>\r\n<\/tbody>\r\n<\/table>\r\n<strong>Film Key Art Example:<\/strong>\r\n<span style=\"color: #99cc00;\">SCRID-17024669,14128757<\/span>_<span style=\"color: #bac7ff;\">WB<\/span>_<span style=\"color: #ffcc00;\">Dunkirk_3840x2160<\/span>_<span style=\"color: #ff6600;\">2017<\/span>_<span style=\"color: #c4069a;\">LAN-en-US<\/span>_<span style=\"color: #cc99ff;\">PUR-tileburnedin<\/span>.jpg\r\n\r\n<strong>Series Key Art Example:<\/strong>\r\n<span style=\"color: #99cc00;\">SCRID-15901387,15901563<\/span>_<span style=\"color: #bac7ff;\">HBO<\/span>_<span style=\"color: #ffcc00;\">TheIdolS1_4320X1300<\/span>_<span style=\"color: #ff6600;\">2023<\/span>_<span style=\"color: #c4069a;\">LAN-en-US<\/span>_<span style=\"color: #cc99ff;\">PUR-logo<\/span>.jpg\r\n\r\n<strong>Episode Example:<\/strong>\r\n<span style=\"color: #99cc00;\">SCRID-16992465<\/span>_<span style=\"color: #bac7ff;\">HBO<\/span>_<span style=\"color: #ffcc00;\">TheIdolS1E1_1680X3636<\/span>_<span style=\"color: #ff6600;\">2023<\/span>_<span style=\"color: #c4069a;\">LAN-en-US<\/span>_<span style=\"color: #cc99ff;\">PUR-tile<\/span>.jpg"},{"acf_fc_layout":"split_content","title":"Box Drive:","content":"<ul>\r\n \t<li>Vi deler en mappe med dig p\u00e5 vores feltdrev<\/li>\r\n<\/ul>\r\n<ul>\r\n \t<li>Overf\u00f8r alle forn\u00f8dne aktiver hertil, s\u00e5 vores Design Mangement-team om n\u00f8dvendigt kan kvalitetskontrollere, spore og finde fejl i dem<\/li>\r\n<\/ul>","right_content_type":"image","image":2939,"html":""}]},"yoast_head":"<!-- This site is optimized with the Yoast SEO plugin v27.5 - https:\/\/yoast.com\/product\/yoast-seo-wordpress\/ -->\n<title>Levering - Max Image Specs<\/title>\n<meta name=\"robots\" content=\"index, follow, max-snippet:-1, max-image-preview:large, max-video-preview:-1\" \/>\n<link rel=\"canonical\" href=\"https:\/\/www.maximagespecs.com\/da\/levering\/\" \/>\n<meta property=\"og:locale\" content=\"da_DK\" \/>\n<meta property=\"og:type\" content=\"article\" \/>\n<meta property=\"og:title\" content=\"Levering - Max Image Specs\" \/>\n<meta property=\"og:url\" content=\"https:\/\/www.maximagespecs.com\/da\/levering\/\" \/>\n<meta property=\"og:site_name\" content=\"Max Image Specs\" \/>\n<meta property=\"article:modified_time\" content=\"2024-01-23T17:18:04+00:00\" \/>\n<meta name=\"twitter:card\" content=\"summary_large_image\" \/>\n<script type=\"application\/ld+json\" class=\"yoast-schema-graph\">{\"@context\":\"https:\\\/\\\/schema.org\",\"@graph\":[{\"@type\":\"WebPage\",\"@id\":\"https:\\\/\\\/www.maximagespecs.com\\\/da\\\/levering\\\/\",\"url\":\"https:\\\/\\\/www.maximagespecs.com\\\/da\\\/levering\\\/\",\"name\":\"Levering - Max Image Specs\",\"isPartOf\":{\"@id\":\"https:\\\/\\\/s45176.p1648.sites.pressdns.com\\\/#website\"},\"datePublished\":\"2023-09-25T20:47:14+00:00\",\"dateModified\":\"2024-01-23T17:18:04+00:00\",\"inLanguage\":\"da-DK\",\"potentialAction\":[{\"@type\":\"ReadAction\",\"target\":[\"https:\\\/\\\/www.maximagespecs.com\\\/da\\\/levering\\\/\"]}]},{\"@type\":\"WebSite\",\"@id\":\"https:\\\/\\\/s45176.p1648.sites.pressdns.com\\\/#website\",\"url\":\"https:\\\/\\\/s45176.p1648.sites.pressdns.com\\\/\",\"name\":\"Max Image Specs\",\"description\":\"\",\"potentialAction\":[{\"@type\":\"SearchAction\",\"target\":{\"@type\":\"EntryPoint\",\"urlTemplate\":\"https:\\\/\\\/s45176.p1648.sites.pressdns.com\\\/?s={search_term_string}\"},\"query-input\":{\"@type\":\"PropertyValueSpecification\",\"valueRequired\":true,\"valueName\":\"search_term_string\"}}],\"inLanguage\":\"da-DK\"}]}<\/script>\n<!-- \/ Yoast SEO plugin. -->","yoast_head_json":{"title":"Levering - Max Image Specs","robots":{"index":"index","follow":"follow","max-snippet":"max-snippet:-1","max-image-preview":"max-image-preview:large","max-video-preview":"max-video-preview:-1"},"canonical":"https:\/\/www.maximagespecs.com\/da\/levering\/","og_locale":"da_DK","og_type":"article","og_title":"Levering - Max Image Specs","og_url":"https:\/\/www.maximagespecs.com\/da\/levering\/","og_site_name":"Max Image Specs","article_modified_time":"2024-01-23T17:18:04+00:00","twitter_card":"summary_large_image","schema":{"@context":"https:\/\/schema.org","@graph":[{"@type":"WebPage","@id":"https:\/\/www.maximagespecs.com\/da\/levering\/","url":"https:\/\/www.maximagespecs.com\/da\/levering\/","name":"Levering - Max Image Specs","isPartOf":{"@id":"https:\/\/s45176.p1648.sites.pressdns.com\/#website"},"datePublished":"2023-09-25T20:47:14+00:00","dateModified":"2024-01-23T17:18:04+00:00","inLanguage":"da-DK","potentialAction":[{"@type":"ReadAction","target":["https:\/\/www.maximagespecs.com\/da\/levering\/"]}]},{"@type":"WebSite","@id":"https:\/\/s45176.p1648.sites.pressdns.com\/#website","url":"https:\/\/s45176.p1648.sites.pressdns.com\/","name":"Max Image Specs","description":"","potentialAction":[{"@type":"SearchAction","target":{"@type":"EntryPoint","urlTemplate":"https:\/\/s45176.p1648.sites.pressdns.com\/?s={search_term_string}"},"query-input":{"@type":"PropertyValueSpecification","valueRequired":true,"valueName":"search_term_string"}}],"inLanguage":"da-DK"}]}},"_links":{"self":[{"href":"https:\/\/www.maximagespecs.com\/da\/wp-json\/wp\/v2\/pages\/8018","targetHints":{"allow":["GET"]}}],"collection":[{"href":"https:\/\/www.maximagespecs.com\/da\/wp-json\/wp\/v2\/pages"}],"about":[{"href":"https:\/\/www.maximagespecs.com\/da\/wp-json\/wp\/v2\/types\/page"}],"author":[{"embeddable":true,"href":"https:\/\/www.maximagespecs.com\/da\/wp-json\/wp\/v2\/users\/1"}],"replies":[{"embeddable":true,"href":"https:\/\/www.maximagespecs.com\/da\/wp-json\/wp\/v2\/comments?post=8018"}],"version-history":[{"count":0,"href":"https:\/\/www.maximagespecs.com\/da\/wp-json\/wp\/v2\/pages\/8018\/revisions"}],"wp:attachment":[{"href":"https:\/\/www.maximagespecs.com\/da\/wp-json\/wp\/v2\/media?parent=8018"}],"curies":[{"name":"wp","href":"https:\/\/api.w.org\/{rel}","templated":true}]}}