{"id":8732,"date":"2023-09-25T20:47:14","date_gmt":"2023-09-25T20:47:14","guid":{"rendered":"https:\/\/www.maximagespecs.com\/delivery\/"},"modified":"2024-01-24T21:55:28","modified_gmt":"2024-01-24T21:55:28","slug":"delivery","status":"publish","type":"page","link":"https:\/\/www.maximagespecs.com\/cs\/delivery\/","title":{"rendered":"Dod\u00e1n\u00ed"},"content":{"rendered":"","protected":false},"excerpt":{"rendered":"","protected":false},"author":1,"featured_media":0,"parent":0,"menu_order":0,"comment_status":"closed","ping_status":"closed","template":"","meta":{"_acf_changed":false,"footnotes":""},"class_list":["post-8732","page","type-page","status-publish","hentry"],"acf":{"page_builder":[{"acf_fc_layout":"split_content","title":"Pokyny pro export:","content":"Chcete-li optimalizovat velikosti soubor\u016f obrazov\u00e9ho materi\u00e1lu a umo\u017enit \u00fa\u010deln\u00e9 vykreslov\u00e1n\u00ed v aplikaci, exportujte obrazov\u00fd materi\u00e1l n\u00e1sledovn\u011b:\r\n<ol>\r\n \t<li>Zkontrolujte spr\u00e1vn\u00fd form\u00e1t typu materi\u00e1lu<\/li>\r\n \t<li>Nezahrnujte metadata<\/li>\r\n \t<li>P\u0159eve\u010fte na sRGB<\/li>\r\n \t<li>Nezapouzd\u0159ujte barevn\u00fd profil<\/li>\r\n<\/ol>\r\nUpozor\u0148ujeme, \u017ee velikost v\u0161ech materi\u00e1l\u016f mus\u00ed b\u00fdt 10 MB nebo m\u00e9n\u011b!","right_content_type":"image","image":2906,"html":""},{"acf_fc_layout":"split_content","title":"N\u00e1zvy soubor\u016f:","content":"<ul>\r\n \t<li>Jsou up\u0159ednost\u0148ov\u00e1ny n\u00e1zvy soubor\u016f do 150 znak\u016f (nezahrnuje p\u0159\u00edpony jako \u201e.jpg\u201c nebo \u201e.png\u201c)<\/li>\r\n<\/ul>\r\n<ul>\r\n \t<li>\u017d\u00e1dn\u00e9 zvl\u00e1\u0161tn\u00ed znaky (nap\u0159\u00edklad ! @ # $ % {} &lt;&gt; | ?)<\/li>\r\n<\/ul>\r\n<ul>\r\n \t<li>\u017d\u00e1dn\u00e9 mezery \u2013 tam, kde je to doporu\u010deno, pou\u017eijte podtr\u017e\u00edtka nebo poml\u010dky<\/li>\r\n<\/ul>","right_content_type":"html","image":null,"html":"<table class=\"table\">\r\n<tbody>\r\n<tr>\r\n<td align=\"left\">\r\n<h6><span style=\"color: #99cc00;\">ID<\/span><\/h6>\r\n<\/td>\r\n<td align=\"left\">\u00a0SCRID poskytnut\u00e9 odd\u011blen\u00edm designov\u00e9 spr\u00e1vy. Uve\u010fte v n\u00e1zvu souboru token \u201eSCRID-\u201c.<\/td>\r\n<\/tr>\r\n<tr>\r\n<td align=\"left\">\r\n<h6><span style=\"color: #bac7ff;\">Zdroj<\/span><\/h6>\r\n<\/td>\r\n<td align=\"left\">Zkr\u00e1cen\u00fd n\u00e1zev s\u00edt\u011b nebo studia<\/td>\r\n<\/tr>\r\n<tr>\r\n<td align=\"left\">\r\n<h6><span style=\"color: #ffcc00;\">PopisObsahu_Rozm\u011bry<\/span><\/h6>\r\n<\/td>\r\n<td align=\"left\">Neomezen\u00e9 pole podrobnost\u00ed, kter\u00e9 obsahuje rozm\u011bry materi\u00e1lu. U d\u00edla epizody uve\u010fte informace o sez\u00f3n\u011b a epizod\u011b.<\/td>\r\n<\/tr>\r\n<tr>\r\n<td align=\"left\">\r\n<h6><span style=\"color: #ff6600;\">Rok<\/span><\/h6>\r\n<\/td>\r\n<td align=\"left\">Rok, ve kter\u00e9m byl tento obsah p\u016fvodn\u011b vyd\u00e1n.<\/td>\r\n<\/tr>\r\n<tr>\r\n<td align=\"left\">\r\n<h6><span style=\"color: #c4069a;\">Identifik\u00e1tor jazyka<\/span><\/h6>\r\n<\/td>\r\n<td align=\"left\">Pro angli\u010dtinu pou\u017eijte \u201eLAN-en-US\u201c, nebo pokud si nejste jisti, ponechte z\u00e1stupn\u00fd symbol. A pro obrazov\u00e9 materi\u00e1ly bez textu pou\u017eijte jazyk \u201eLAN-zxx\u201c<\/td>\r\n<\/tr>\r\n<tr>\r\n<td align=\"left\">\r\n<h6><span style=\"color: #cc99ff;\">\u00da\u010del<\/span><\/h6>\r\n<\/td>\r\n<td align=\"left\">Identifik\u00e1tor typu materi\u00e1lu (viz <a href=\"https:\/\/www.maximagespecs.com\/cs\/image-specs\/\">seznam specifikac\u00ed<\/a>). Uve\u010fte v n\u00e1zvu souboru token \u201ePUR-\u201c.<\/td>\r\n<\/tr>\r\n<\/tbody>\r\n<\/table>\r\n<strong>P\u0159\u00edklad k\u00f3du filmov\u00e9ho d\u00edla:<\/strong>\r\n<span style=\"color: #99cc00;\">SCRID-17024669,14128757<\/span>_<span style=\"color: #bac7ff;\">WB<\/span>_<span style=\"color: #ffcc00;\">Dunkirk_3840x2160<\/span>_<span style=\"color: #ff6600;\">2017<\/span>_<span style=\"color: #c4069a;\">LAN-en-US<\/span>_<span style=\"color: #cc99ff;\">PUR-tileburnedin<\/span>.jpg\r\n\r\n<strong>P\u0159\u00edklad k\u00f3du seri\u00e1lu:<\/strong>\r\n<span style=\"color: #99cc00;\">SCRID-15901387,15901563<\/span>_<span style=\"color: #bac7ff;\">HBO<\/span>_<span style=\"color: #ffcc00;\">TheIdolS1_4320X1300<\/span>_<span style=\"color: #ff6600;\">2023<\/span>_<span style=\"color: #c4069a;\">LAN-en-US<\/span>_<span style=\"color: #cc99ff;\">PUR-logo<\/span>.jpg\r\n\r\n<strong>P\u0159\u00edklad epizody:<\/strong>\r\n<span style=\"color: #99cc00;\">SCRID-16992465<\/span>_<span style=\"color: #bac7ff;\">HBO<\/span>_<span style=\"color: #ffcc00;\">TheIdolS1E1_1680X3636<\/span>_<span style=\"color: #ff6600;\">2023<\/span>_<span style=\"color: #c4069a;\">LAN-en-US<\/span>_<span style=\"color: #cc99ff;\">PUR-tile<\/span>.jpg"},{"acf_fc_layout":"split_content","title":"Disk Box Drive:","content":"<ul>\r\n \t<li>Sd\u00edl\u00edme s v\u00e1mi slo\u017eku na na\u0161em disku Box drive<\/li>\r\n<\/ul>\r\n<ul>\r\n \t<li>Sem vlo\u017ete v\u0161echny po\u017eadovan\u00e9 materi\u00e1ly, aby na\u0161e odd\u011blen\u00ed designov\u00e9 spr\u00e1vy mohlo v p\u0159\u00edpad\u011b pot\u0159eby kontrolovat, sledovat a odstra\u0148ovat probl\u00e9my<\/li>\r\n<\/ul>","right_content_type":"image","image":2938,"html":""}]},"yoast_head":"<!-- This site is optimized with the Yoast SEO plugin v27.3 - https:\/\/yoast.com\/product\/yoast-seo-wordpress\/ -->\n<title>Dod\u00e1n\u00ed - Max Image Specs<\/title>\n<meta name=\"robots\" content=\"index, follow, max-snippet:-1, max-image-preview:large, max-video-preview:-1\" \/>\n<link rel=\"canonical\" href=\"https:\/\/www.maximagespecs.com\/cs\/delivery\/\" \/>\n<meta property=\"og:locale\" content=\"cs_CZ\" \/>\n<meta property=\"og:type\" content=\"article\" \/>\n<meta property=\"og:title\" content=\"Dod\u00e1n\u00ed - Max Image Specs\" \/>\n<meta property=\"og:url\" content=\"https:\/\/www.maximagespecs.com\/cs\/delivery\/\" \/>\n<meta property=\"og:site_name\" content=\"Max Image Specs\" \/>\n<meta property=\"article:modified_time\" content=\"2024-01-24T21:55:28+00:00\" \/>\n<meta name=\"twitter:card\" content=\"summary_large_image\" \/>\n<script type=\"application\/ld+json\" class=\"yoast-schema-graph\">{\"@context\":\"https:\\\/\\\/schema.org\",\"@graph\":[{\"@type\":\"WebPage\",\"@id\":\"https:\\\/\\\/www.maximagespecs.com\\\/cs\\\/delivery\\\/\",\"url\":\"https:\\\/\\\/www.maximagespecs.com\\\/cs\\\/delivery\\\/\",\"name\":\"Dod\u00e1n\u00ed - Max Image Specs\",\"isPartOf\":{\"@id\":\"https:\\\/\\\/s45176.p1648.sites.pressdns.com\\\/#website\"},\"datePublished\":\"2023-09-25T20:47:14+00:00\",\"dateModified\":\"2024-01-24T21:55:28+00:00\",\"inLanguage\":\"cs\",\"potentialAction\":[{\"@type\":\"ReadAction\",\"target\":[\"https:\\\/\\\/www.maximagespecs.com\\\/cs\\\/delivery\\\/\"]}]},{\"@type\":\"WebSite\",\"@id\":\"https:\\\/\\\/s45176.p1648.sites.pressdns.com\\\/#website\",\"url\":\"https:\\\/\\\/s45176.p1648.sites.pressdns.com\\\/\",\"name\":\"Max Image Specs\",\"description\":\"\",\"potentialAction\":[{\"@type\":\"SearchAction\",\"target\":{\"@type\":\"EntryPoint\",\"urlTemplate\":\"https:\\\/\\\/s45176.p1648.sites.pressdns.com\\\/?s={search_term_string}\"},\"query-input\":{\"@type\":\"PropertyValueSpecification\",\"valueRequired\":true,\"valueName\":\"search_term_string\"}}],\"inLanguage\":\"cs\"}]}<\/script>\n<!-- \/ Yoast SEO plugin. -->","yoast_head_json":{"title":"Dod\u00e1n\u00ed - Max Image Specs","robots":{"index":"index","follow":"follow","max-snippet":"max-snippet:-1","max-image-preview":"max-image-preview:large","max-video-preview":"max-video-preview:-1"},"canonical":"https:\/\/www.maximagespecs.com\/cs\/delivery\/","og_locale":"cs_CZ","og_type":"article","og_title":"Dod\u00e1n\u00ed - Max Image Specs","og_url":"https:\/\/www.maximagespecs.com\/cs\/delivery\/","og_site_name":"Max Image Specs","article_modified_time":"2024-01-24T21:55:28+00:00","twitter_card":"summary_large_image","schema":{"@context":"https:\/\/schema.org","@graph":[{"@type":"WebPage","@id":"https:\/\/www.maximagespecs.com\/cs\/delivery\/","url":"https:\/\/www.maximagespecs.com\/cs\/delivery\/","name":"Dod\u00e1n\u00ed - Max Image Specs","isPartOf":{"@id":"https:\/\/s45176.p1648.sites.pressdns.com\/#website"},"datePublished":"2023-09-25T20:47:14+00:00","dateModified":"2024-01-24T21:55:28+00:00","inLanguage":"cs","potentialAction":[{"@type":"ReadAction","target":["https:\/\/www.maximagespecs.com\/cs\/delivery\/"]}]},{"@type":"WebSite","@id":"https:\/\/s45176.p1648.sites.pressdns.com\/#website","url":"https:\/\/s45176.p1648.sites.pressdns.com\/","name":"Max Image Specs","description":"","potentialAction":[{"@type":"SearchAction","target":{"@type":"EntryPoint","urlTemplate":"https:\/\/s45176.p1648.sites.pressdns.com\/?s={search_term_string}"},"query-input":{"@type":"PropertyValueSpecification","valueRequired":true,"valueName":"search_term_string"}}],"inLanguage":"cs"}]}},"_links":{"self":[{"href":"https:\/\/www.maximagespecs.com\/cs\/wp-json\/wp\/v2\/pages\/8732","targetHints":{"allow":["GET"]}}],"collection":[{"href":"https:\/\/www.maximagespecs.com\/cs\/wp-json\/wp\/v2\/pages"}],"about":[{"href":"https:\/\/www.maximagespecs.com\/cs\/wp-json\/wp\/v2\/types\/page"}],"author":[{"embeddable":true,"href":"https:\/\/www.maximagespecs.com\/cs\/wp-json\/wp\/v2\/users\/1"}],"replies":[{"embeddable":true,"href":"https:\/\/www.maximagespecs.com\/cs\/wp-json\/wp\/v2\/comments?post=8732"}],"version-history":[{"count":0,"href":"https:\/\/www.maximagespecs.com\/cs\/wp-json\/wp\/v2\/pages\/8732\/revisions"}],"wp:attachment":[{"href":"https:\/\/www.maximagespecs.com\/cs\/wp-json\/wp\/v2\/media?parent=8732"}],"curies":[{"name":"wp","href":"https:\/\/api.w.org\/{rel}","templated":true}]}}